{"id":183,"date":"2013-09-29T18:38:07","date_gmt":"2013-09-29T16:38:07","guid":{"rendered":"http:\/\/test.wieselblitz.de\/?page_id=183"},"modified":"2025-06-06T12:33:31","modified_gmt":"2025-06-06T10:33:31","slug":"tierschutz","status":"publish","type":"page","link":"https:\/\/elkevogelsang.com\/de\/tierschutz\/","title":{"rendered":"Tierschutz"},"content":{"rendered":"<div class=\"wpb-content-wrapper\"><p>[vc_row][vc_column][vc_column_text css=&#8220;&#8220;]<a class=\"dt-pswp-item\" href=\"https:\/\/elkevogelsang.com\/wp-content\/uploads\/2023\/09\/Three-Spanish-mutts.jpg\" data-dt-img-description=\"\" data-large_image_width=\"2000\" data-large_image_height=\"1125\"><img loading=\"lazy\" decoding=\"async\" class=\"aligncenter size-full wp-image-73575\" src=\"https:\/\/elkevogelsang.com\/wp-content\/uploads\/2023\/09\/Three-Spanish-mutts.jpg\" alt=\"\" width=\"2000\" height=\"1125\" srcset=\"https:\/\/elkevogelsang.com\/wp-content\/uploads\/2023\/09\/Three-Spanish-mutts.jpg 2000w, https:\/\/elkevogelsang.com\/wp-content\/uploads\/2023\/09\/Three-Spanish-mutts-800x450.jpg 800w, https:\/\/elkevogelsang.com\/wp-content\/uploads\/2023\/09\/Three-Spanish-mutts-1170x658.jpg 1170w, https:\/\/elkevogelsang.com\/wp-content\/uploads\/2023\/09\/Three-Spanish-mutts-768x432.jpg 768w, https:\/\/elkevogelsang.com\/wp-content\/uploads\/2023\/09\/Three-Spanish-mutts-1536x864.jpg 1536w\" sizes=\"auto, (max-width: 2000px) 100vw, 2000px\" \/><\/a>In meinen Galerien findet man h\u00e4ufig meine treuen Fotografiebegleithunde und Familienmitglieder Noodles, Scout, Ioli und Alfonso. Sie sind meine Inspiration und Freude. Alle vier sind aus dem Tierschutz zu mir gekommen. Man kann sich keine besseren tierischen Weggef\u00e4hrten w\u00fcnschen. Ich bin ihnen unendlich dankbar.<\/p>\n<p>Wer wissen m\u00f6chte, was f\u00fcr wahre Sch\u00e4tze meine drei spanischen Helden waren, liest mal in unsere Geschichte rein: <span style=\"color: #3366ff;\"><a style=\"color: #3366ff;\" href=\"https:\/\/elkevogelsang.com\/our-story\/\">Diese findet man hier<\/a><\/span>.<\/p>\n<p>Um ein wenig zur\u00fcckzugeben, stelle ich kostenlos meine fotografischen Dienstleistungen f\u00fcr Vermittlungsfotos ausgesuchten Tierschutzorganisationen zur Verf\u00fcgung. Bei Interesse stellen Sie eine Anfrage \u00fcber das Kontaktformular. Wenn es irgendwie die Zeit erlaubt, bin ich gerne behilflich.<\/p>\n<p>Gerne verbinde ich auch Reisen mit dem Tierschutz und der Fotografie. Meinen Bericht \u00fcber eine Woche bei einer marokkanischen Tierschutzorganisation, findet man hier: <span style=\"color: #3366ff;\"><a style=\"color: #3366ff;\" href=\"https:\/\/elkevogelsang.com\/de\/marokko\/\">Die Stra\u00dfenhunde Agadirs<\/a><\/span>.<\/p>\n<p>Wer auf der Suche nach einem neuen tierischen Familienmitglied ist, sollte unbedingt auch schauen, was der Tierschutz bereithalten k\u00f6nnte. Vielleicht findet sich dort genau der lang gesuchte Schatz. Ich bin auf jeden Fall f\u00fcndig geworden.<\/p>\n<p>Und hier ein paar der Sch\u00fctzlinge aus dem Tierschutz, f\u00fcr die ich Vermittlungsfotos machen durfte. F\u00fcr mich ist es eine Win-Win-Situation. Ich habe wunderbare Modelle, kann meine Fotografie f\u00fcr etwas Sinnvolles einsetzen und der Verein hat Aufmerksamkeit f\u00fcr seine Sch\u00e4tze. Fotografen, die \u00fcben wollen, empfehle ich immer, sich an ihr \u00f6rtliches Tierheim zu wenden und zu fragen, ob Vermittlungsfotos gew\u00fcnscht sind. Es gibt keine bessere M\u00f6glichkeit, seine F\u00e4higkeiten auszubauen. Mit jedem Modell, das man trifft, lernt man hinzu.<\/p>\n<p><a class=\"dt-pswp-item\" href=\"https:\/\/elkevogelsang.com\/wp-content\/uploads\/2023\/09\/Vermittlungsfotos.jpg\" data-dt-img-description=\"\" data-large_image_width=\"2400\" data-large_image_height=\"1998\"><img loading=\"lazy\" decoding=\"async\" class=\"aligncenter size-full wp-image-73570\" src=\"https:\/\/elkevogelsang.com\/wp-content\/uploads\/2023\/09\/Vermittlungsfotos.jpg\" alt=\"\" width=\"2400\" height=\"1998\" srcset=\"https:\/\/elkevogelsang.com\/wp-content\/uploads\/2023\/09\/Vermittlungsfotos.jpg 2400w, https:\/\/elkevogelsang.com\/wp-content\/uploads\/2023\/09\/Vermittlungsfotos-800x666.jpg 800w, https:\/\/elkevogelsang.com\/wp-content\/uploads\/2023\/09\/Vermittlungsfotos-1170x974.jpg 1170w, https:\/\/elkevogelsang.com\/wp-content\/uploads\/2023\/09\/Vermittlungsfotos-768x639.jpg 768w, https:\/\/elkevogelsang.com\/wp-content\/uploads\/2023\/09\/Vermittlungsfotos-1536x1279.jpg 1536w, https:\/\/elkevogelsang.com\/wp-content\/uploads\/2023\/09\/Vermittlungsfotos-2048x1705.jpg 2048w\" sizes=\"auto, (max-width: 2400px) 100vw, 2400px\" \/><\/a>[\/vc_column_text][\/vc_column][\/vc_row]<\/p>\n<\/div>","protected":false},"excerpt":{"rendered":"<p>[vc_row][vc_column][vc_column_text css=&#8220;&#8220;]In meinen Galerien findet man h\u00e4ufig meine treuen Fotografiebegleithunde und Familienmitglieder Noodles, Scout, Ioli und Alfonso. Sie sind meine Inspiration und Freude. Alle vier sind aus dem Tierschutz zu mir gekommen. Man kann sich keine besseren tierischen Weggef\u00e4hrten w\u00fcnschen. Ich bin ihnen unendlich dankbar. Wer wissen m\u00f6chte, was f\u00fcr wahre Sch\u00e4tze meine drei spanischen&hellip;<\/p>\n","protected":false},"author":1,"featured_media":0,"parent":0,"menu_order":35,"comment_status":"closed","ping_status":"closed","template":"","meta":{"footnotes":""},"class_list":["post-183","page","type-page","status-publish","hentry","description-off"],"yoast_head":"<!-- This site is optimized with the Yoast SEO plugin v26.2 - https:\/\/yoast.com\/wordpress\/plugins\/seo\/ -->\n<title>Tierschutz - Tierfotografie von Elke Vogelsang, Hildesheim<\/title>\n<meta name=\"robots\" content=\"index, follow, max-snippet:-1, max-image-preview:large, max-video-preview:-1\" \/>\n<link rel=\"canonical\" href=\"https:\/\/elkevogelsang.com\/de\/tierschutz\/\" \/>\n<meta property=\"og:locale\" content=\"de_DE\" \/>\n<meta property=\"og:type\" content=\"article\" \/>\n<meta property=\"og:title\" content=\"Tierschutz - Tierfotografie von Elke Vogelsang, Hildesheim\" \/>\n<meta property=\"og:description\" content=\"[vc_row][vc_column][vc_column_text css=&#8220;&#8220;]In meinen Galerien findet man h\u00e4ufig meine treuen Fotografiebegleithunde und Familienmitglieder Noodles, Scout, Ioli und Alfonso. Sie sind meine Inspiration und Freude. Alle vier sind aus dem Tierschutz zu mir gekommen. Man kann sich keine besseren tierischen Weggef\u00e4hrten w\u00fcnschen. Ich bin ihnen unendlich dankbar. Wer wissen m\u00f6chte, was f\u00fcr wahre Sch\u00e4tze meine drei spanischen&hellip;\" \/>\n<meta property=\"og:url\" content=\"https:\/\/elkevogelsang.com\/de\/tierschutz\/\" \/>\n<meta property=\"og:site_name\" content=\"Tierfotografie von Elke Vogelsang, Hildesheim\" \/>\n<meta property=\"article:modified_time\" content=\"2025-06-06T10:33:31+00:00\" \/>\n<meta property=\"og:image\" content=\"https:\/\/elkevogelsang.com\/wp-content\/uploads\/2023\/09\/Three-Spanish-mutts.jpg\" \/>\n\t<meta property=\"og:image:width\" content=\"2000\" \/>\n\t<meta property=\"og:image:height\" content=\"1125\" \/>\n\t<meta property=\"og:image:type\" content=\"image\/jpeg\" \/>\n<meta name=\"twitter:card\" content=\"summary_large_image\" \/>\n<meta name=\"twitter:label1\" content=\"Gesch\u00e4tzte Lesezeit\" \/>\n\t<meta name=\"twitter:data1\" content=\"1\u00a0Minute\" \/>\n<script type=\"application\/ld+json\" class=\"yoast-schema-graph\">{\"@context\":\"https:\/\/schema.org\",\"@graph\":[{\"@type\":\"WebPage\",\"@id\":\"https:\/\/elkevogelsang.com\/de\/tierschutz\/\",\"url\":\"https:\/\/elkevogelsang.com\/de\/tierschutz\/\",\"name\":\"Tierschutz - Tierfotografie von Elke Vogelsang, Hildesheim\",\"isPartOf\":{\"@id\":\"https:\/\/elkevogelsang.com\/de\/#website\"},\"primaryImageOfPage\":{\"@id\":\"https:\/\/elkevogelsang.com\/de\/tierschutz\/#primaryimage\"},\"image\":{\"@id\":\"https:\/\/elkevogelsang.com\/de\/tierschutz\/#primaryimage\"},\"thumbnailUrl\":\"https:\/\/elkevogelsang.com\/wp-content\/uploads\/2023\/09\/Three-Spanish-mutts.jpg\",\"datePublished\":\"2013-09-29T16:38:07+00:00\",\"dateModified\":\"2025-06-06T10:33:31+00:00\",\"breadcrumb\":{\"@id\":\"https:\/\/elkevogelsang.com\/de\/tierschutz\/#breadcrumb\"},\"inLanguage\":\"de\",\"potentialAction\":[{\"@type\":\"ReadAction\",\"target\":[\"https:\/\/elkevogelsang.com\/de\/tierschutz\/\"]}]},{\"@type\":\"ImageObject\",\"inLanguage\":\"de\",\"@id\":\"https:\/\/elkevogelsang.com\/de\/tierschutz\/#primaryimage\",\"url\":\"https:\/\/elkevogelsang.com\/wp-content\/uploads\/2023\/09\/Three-Spanish-mutts.jpg\",\"contentUrl\":\"https:\/\/elkevogelsang.com\/wp-content\/uploads\/2023\/09\/Three-Spanish-mutts.jpg\"},{\"@type\":\"BreadcrumbList\",\"@id\":\"https:\/\/elkevogelsang.com\/de\/tierschutz\/#breadcrumb\",\"itemListElement\":[{\"@type\":\"ListItem\",\"position\":1,\"name\":\"Startseite\",\"item\":\"https:\/\/elkevogelsang.com\/de\/\"},{\"@type\":\"ListItem\",\"position\":2,\"name\":\"Tierschutz\"}]},{\"@type\":\"WebSite\",\"@id\":\"https:\/\/elkevogelsang.com\/de\/#website\",\"url\":\"https:\/\/elkevogelsang.com\/de\/\",\"name\":\"Tierfotografie von Elke Vogelsang, Hildesheim\",\"description\":\"Werbefotografin mit Spezialisierung auf Haustiere\",\"potentialAction\":[{\"@type\":\"SearchAction\",\"target\":{\"@type\":\"EntryPoint\",\"urlTemplate\":\"https:\/\/elkevogelsang.com\/de\/?s={search_term_string}\"},\"query-input\":{\"@type\":\"PropertyValueSpecification\",\"valueRequired\":true,\"valueName\":\"search_term_string\"}}],\"inLanguage\":\"de\"}]}<\/script>\n<!-- \/ Yoast SEO plugin. -->","yoast_head_json":{"title":"Tierschutz - Tierfotografie von Elke Vogelsang, Hildesheim","robots":{"index":"index","follow":"follow","max-snippet":"max-snippet:-1","max-image-preview":"max-image-preview:large","max-video-preview":"max-video-preview:-1"},"canonical":"https:\/\/elkevogelsang.com\/de\/tierschutz\/","og_locale":"de_DE","og_type":"article","og_title":"Tierschutz - Tierfotografie von Elke Vogelsang, Hildesheim","og_description":"[vc_row][vc_column][vc_column_text css=&#8220;&#8220;]In meinen Galerien findet man h\u00e4ufig meine treuen Fotografiebegleithunde und Familienmitglieder Noodles, Scout, Ioli und Alfonso. Sie sind meine Inspiration und Freude. Alle vier sind aus dem Tierschutz zu mir gekommen. Man kann sich keine besseren tierischen Weggef\u00e4hrten w\u00fcnschen. Ich bin ihnen unendlich dankbar. Wer wissen m\u00f6chte, was f\u00fcr wahre Sch\u00e4tze meine drei spanischen&hellip;","og_url":"https:\/\/elkevogelsang.com\/de\/tierschutz\/","og_site_name":"Tierfotografie von Elke Vogelsang, Hildesheim","article_modified_time":"2025-06-06T10:33:31+00:00","og_image":[{"width":2000,"height":1125,"url":"https:\/\/elkevogelsang.com\/wp-content\/uploads\/2023\/09\/Three-Spanish-mutts.jpg","type":"image\/jpeg"}],"twitter_card":"summary_large_image","twitter_misc":{"Gesch\u00e4tzte Lesezeit":"1\u00a0Minute"},"schema":{"@context":"https:\/\/schema.org","@graph":[{"@type":"WebPage","@id":"https:\/\/elkevogelsang.com\/de\/tierschutz\/","url":"https:\/\/elkevogelsang.com\/de\/tierschutz\/","name":"Tierschutz - Tierfotografie von Elke Vogelsang, Hildesheim","isPartOf":{"@id":"https:\/\/elkevogelsang.com\/de\/#website"},"primaryImageOfPage":{"@id":"https:\/\/elkevogelsang.com\/de\/tierschutz\/#primaryimage"},"image":{"@id":"https:\/\/elkevogelsang.com\/de\/tierschutz\/#primaryimage"},"thumbnailUrl":"https:\/\/elkevogelsang.com\/wp-content\/uploads\/2023\/09\/Three-Spanish-mutts.jpg","datePublished":"2013-09-29T16:38:07+00:00","dateModified":"2025-06-06T10:33:31+00:00","breadcrumb":{"@id":"https:\/\/elkevogelsang.com\/de\/tierschutz\/#breadcrumb"},"inLanguage":"de","potentialAction":[{"@type":"ReadAction","target":["https:\/\/elkevogelsang.com\/de\/tierschutz\/"]}]},{"@type":"ImageObject","inLanguage":"de","@id":"https:\/\/elkevogelsang.com\/de\/tierschutz\/#primaryimage","url":"https:\/\/elkevogelsang.com\/wp-content\/uploads\/2023\/09\/Three-Spanish-mutts.jpg","contentUrl":"https:\/\/elkevogelsang.com\/wp-content\/uploads\/2023\/09\/Three-Spanish-mutts.jpg"},{"@type":"BreadcrumbList","@id":"https:\/\/elkevogelsang.com\/de\/tierschutz\/#breadcrumb","itemListElement":[{"@type":"ListItem","position":1,"name":"Startseite","item":"https:\/\/elkevogelsang.com\/de\/"},{"@type":"ListItem","position":2,"name":"Tierschutz"}]},{"@type":"WebSite","@id":"https:\/\/elkevogelsang.com\/de\/#website","url":"https:\/\/elkevogelsang.com\/de\/","name":"Tierfotografie von Elke Vogelsang, Hildesheim","description":"Werbefotografin mit Spezialisierung auf Haustiere","potentialAction":[{"@type":"SearchAction","target":{"@type":"EntryPoint","urlTemplate":"https:\/\/elkevogelsang.com\/de\/?s={search_term_string}"},"query-input":{"@type":"PropertyValueSpecification","valueRequired":true,"valueName":"search_term_string"}}],"inLanguage":"de"}]}},"_links":{"self":[{"href":"https:\/\/elkevogelsang.com\/de\/wp-json\/wp\/v2\/pages\/183","targetHints":{"allow":["GET"]}}],"collection":[{"href":"https:\/\/elkevogelsang.com\/de\/wp-json\/wp\/v2\/pages"}],"about":[{"href":"https:\/\/elkevogelsang.com\/de\/wp-json\/wp\/v2\/types\/page"}],"author":[{"embeddable":true,"href":"https:\/\/elkevogelsang.com\/de\/wp-json\/wp\/v2\/users\/1"}],"replies":[{"embeddable":true,"href":"https:\/\/elkevogelsang.com\/de\/wp-json\/wp\/v2\/comments?post=183"}],"version-history":[{"count":11,"href":"https:\/\/elkevogelsang.com\/de\/wp-json\/wp\/v2\/pages\/183\/revisions"}],"predecessor-version":[{"id":74992,"href":"https:\/\/elkevogelsang.com\/de\/wp-json\/wp\/v2\/pages\/183\/revisions\/74992"}],"wp:attachment":[{"href":"https:\/\/elkevogelsang.com\/de\/wp-json\/wp\/v2\/media?parent=183"}],"curies":[{"name":"wp","href":"https:\/\/api.w.org\/{rel}","templated":true}]}}