{"id":4,"date":"2013-09-27T14:48:26","date_gmt":"2013-09-27T12:48:26","guid":{"rendered":"http:\/\/test.wieselblitz.de\/?page_id=4"},"modified":"2025-07-04T15:07:41","modified_gmt":"2025-07-04T13:07:41","slug":"die-fotografin","status":"publish","type":"page","link":"https:\/\/elkevogelsang.com\/de\/die-fotografin\/","title":{"rendered":"\u00dcber mich"},"content":{"rendered":"<div class=\"wpb-content-wrapper\"><p>[vc_row][vc_column][vc_column_text css=&#8220;&#8220;]\u00dcberleben, Gl\u00fcck, Traumberuf &#8211; es begann alles mit meinen Hunden. Sie sind Lebensretter (<span style=\"color: #3366ff;\"><a style=\"color: #3366ff;\" href=\"https:\/\/elkevogelsang.com\/de\/unsere-geschichte\/\">siehe hier<\/a><\/span>), Musen, Familienmitglieder. Meine Bilder sind eine Hommage an tierische Pers\u00f6nlichkeiten.<\/p>\n<p>Als Werbefotografin f\u00fcr Haustierfotos (Hunde, Katzen, Pferde) arbeite ich mit Werbeagenturen, Redaktionen, Firmen im Bereich Tierbedarf zusammen. Man kann Nutzungslizenzen f\u00fcr meine mittlerweile mehr als 3000 Bilder erwerben. Es gibt sie nicht bei anderen Bildagenturen zu kaufen, sondern sie sind ausschlie\u00dflich \u00fcber mich erh\u00e4ltlich.<\/p>\n<p><span style=\"color: #3366ff;\"><a style=\"color: #3366ff;\" href=\"https:\/\/www.flickr.com\/photos\/elkevogelsang\/\" target=\"_blank\" rel=\"noopener\">Eine Auswahl der verf\u00fcgbaren Bilder findet man hier<\/a><\/span>. Auf Anfrage schicke ich meinen Katalog von tausenden Bildern, die f\u00fcr die exklusive und nicht exklusive Lizenzierung verf\u00fcgbar sind. F\u00fcr Buchungen oder Lizenzanfragen, geht es hier zu meinem\u00a0<span style=\"color: #3366ff;\"><a style=\"color: #3366ff;\" href=\"\/kontakt\">Kontaktformular<\/a><\/span>.<\/p>\n<p>Ich bin Autorin der B\u00fccher &#8222;Nice Nosing You&#8220; (Hardie Grant, London, 2015) und &#8222;<a href=\"https:\/\/elkevogelsang.com\/de\/buch-workshop-hundefotografie\/\" target=\"_blank\" rel=\"noopener\">Workshop Hundefotografie<\/a>&#8220; (aus der Humboldt-Reihe der Schl\u00fcterschen Verlagsgesellschaft, Deutschland, Februar 2021), sowie unz\u00e4hliger Artikel \u00fcber Fotografie in Foto- und Hundezeitschriften.<\/p>\n<p>Man kann mich als Sprecher f\u00fcr Fotomessen und Fachveranstaltungen buchen. Ich spreche flie\u00dfend Deutsch, Englisch und Spanisch.<\/p>\n<p>Ich freue mich auf eine Zusammenarbeit rund um das Thema Haustierfotografie.[\/vc_column_text][vc_column_text]<\/p>\n<hr \/>\n<p>[\/vc_column_text][vc_column_text]<\/p>\n<h2>Beispiele meiner kommerziellen Kunden &amp; Kunden aus dem Verlagswesen<\/h2>\n<p>Zu meinen kommerziellen Kunden z\u00e4hlen unter anderem Mars Petcare (Pedigree), Fujifilm, Terra Canis, Medion, Fluff&amp;Tuff.<\/p>\n<p>Meine Fotos sind unter anderem im deutschen und US-amerikanischen Fernsehen und in B\u00fcchern, Kalendern, Zeitungen und Magazinen ver\u00f6ffentlicht, darunter The Sunday Times Magazine, National Geographic, Die Zeit und The Daily Telegraph (weitere Beispiele unten). Dar\u00fcber hinaus waren sie in Ausstellungen in London, Paris, San Anselmo, Lissabon und Singapur zu sehen.[\/vc_column_text][vc_accordion active_tab=&#8220;false&#8220; style=&#8220;2&#8243;][vc_accordion_tab title=&#8220;Kommerzielle Kunden&#8220;][vc_column_text]<\/p>\n<ul>\n<li>Adobe<\/li>\n<li>Fujifilm<\/li>\n<li>Mars Petcare &#8211; Pedigree<\/li>\n<li>Fluff&amp;Tuff<\/li>\n<li>Terra Canis<\/li>\n<li>Dog Cat &amp; Mouse<\/li>\n<li>KesselsKramer<\/li>\n<li>Penny<\/li>\n<li>Hundefreuden<\/li>\n<li>The South Australian Museum<\/li>\n<li>Pet Care Brazil<\/li>\n<li>Itch Pet Care<\/li>\n<li>Biosphere<\/li>\n<li>Biernacki<\/li>\n<li>The Felt Hat<\/li>\n<li>Henry Lamotte<\/li>\n<li>Verband Kynologie Ausbildung Schweiz<\/li>\n<li>Montfort<\/li>\n<li>Beebop<\/li>\n<li>Great Food Affairs<\/li>\n<li>K9 Natural<\/li>\n<li>\u2026 und viele mehr<\/li>\n<\/ul>\n<p>[\/vc_column_text][\/vc_accordion_tab][vc_accordion_tab title=&#8220;Kunden aus dem Verlagswesen\/Zeitschriften&#8220;][vc_column_text]<\/p>\n<ul>\n<li>National Geographic<\/li>\n<li>The Sunday Times Magazine<\/li>\n<li><a href=\"https:\/\/www.science.org\/content\/blog-post\/dog-days-science?\" target=\"_blank\" rel=\"noopener\">Science<\/a><\/li>\n<li>Hardie Grant<\/li>\n<li>Die Zeit<\/li>\n<li>Cavallo Magazin<\/li>\n<li>Focus Spezial<\/li>\n<li>Phychologies Magazine<\/li>\n<li>The Bark Magazine<\/li>\n<li>Dogs<\/li>\n<li>Dogstoday<\/li>\n<li>Partner Hund<\/li>\n<li>Rowohlt Verlag<\/li>\n<li>Panini<\/li>\n<li>Gr\u00e4fe und Unzer<\/li>\n<li>Photographie<\/li>\n<li>Tutti Fotografi<\/li>\n<li>Practical Photography<\/li>\n<li>Pictures-Magazin<\/li>\n<li>Humboldt-Verlag<\/li>\n<li>Ackermann-Verlag<\/li>\n<li>Taschen<\/li>\n<li>Stuttgarter Zeitung<\/li>\n<li>Muy Mascotas<\/li>\n<li>Metro<\/li>\n<li>Dogster Magazine<\/li>\n<li>Amateur Photographer<\/li>\n<li>Asla Times<\/li>\n<li>DigitalPHOTO<\/li>\n<li>&#8230; und viele mehr<\/li>\n<\/ul>\n<p>[\/vc_column_text][\/vc_accordion_tab][\/vc_accordion][vc_column_text css=&#8220;.vc_custom_1643920954077{margin-top: 48px !important;}&#8220;]<\/p>\n<div class=\"hr-thin\"><\/div>\n<p>[\/vc_column_text][vc_accordion active_tab=&#8220;false&#8220; style=&#8220;2&#8243; title=&#8220;Fotoausstellungen &amp; Pressekommentare&#8220;][vc_accordion_tab title=&#8220;Ausstellungen 2023\/2024&#8243;][vc_column_text css=&#8220;&#8220;]<span style=\"font-weight: bold;\">Einzel<\/span><\/p>\n<p>\u201eDogsonality\u201c \u2013 14. Dezember 2023 bis 14. Januar 2024 \u2013 Pferdemuseum Verden, Deutschland[\/vc_column_text][vc_column_text css=&#8220;&#8220;]<span style=\"font-weight: bold;\">Gruppe<\/span><\/p>\n<p>\u201eDOGS &#8211; zwischen Instinkt und Zuneigung (Kunstsommer 2024)\u201c \u2013 07. Juli bis 18. August 2024 \u2013 Burg Wertheim, Deutschland[\/vc_column_text][\/vc_accordion_tab][vc_accordion_tab title=&#8220;Ausstellungen 2016&#8243;][vc_column_text]<span style=\"font-weight: bold;\">Einzel<\/span><\/p>\n<p>\u201eC\u00e3es\u201c \u2013 24. Juni\u00a0bis 01. September \u2013 Quermesse, Lissabon,\u00a0Portugal[\/vc_column_text][vc_column_text]<span style=\"font-weight: bold;\">Gruppe<\/span><\/p>\n<p>\u201eFujifilm X Photographers\u201c\u00a0\u2013\u00a020. bis 25. September 2016 \u2013 Photokina, Cologne,\u00a0Deutschland[\/vc_column_text][\/vc_accordion_tab][vc_accordion_tab title=&#8220;Ausstellungen 2014&#8243;][vc_column_text]<span style=\"font-weight: bold;\">Einzel<\/span><\/p>\n<p>\u201eC\u00e3es\u201c \u2013 05. Juni bis 05. Juli \u2013 Hannah Art Gallery, Serpin, Portugal[\/vc_column_text][vc_column_text css=&#8220;&#8220;]<span style=\"font-weight: bold;\">Gruppe<\/span><\/p>\n<p>\u201eFauna\u201c \u2013 25. Oktober bis 20. November \u2013 Smith Andersen North Gallery, San Anselmo, USA<\/p>\n<p>\u201eMongrel 2014\u201c \u2013 20. bis 30. November \u2013\u00a0Objectifs Centre for Photography &amp; Film, Singapur<\/p>\n<p>\u201eWoof! Une exposition qui a du chien\u201c \u2013 04. September bis 04. November \u2013 Galerie Sakura, Paris, Frankreich<\/p>\n<p>\u201eArt4More\u201c \u2013 18. \u2013 19. Oktober \u2013 Athen, Griechenland[\/vc_column_text][\/vc_accordion_tab][vc_accordion_tab title=&#8220;Pressekommentare&#8220;][vc_column_text]\u201dPeople are going nuts over these photos.\u201d<br \/>\n<i>(Good Morning America)<\/i><\/p>\n<p>\u201dHer wonderfully expressive photographs capture the beauty and character of her animals.\u201d<br \/>\n<i>(The Daily Telegraph)<\/i><\/p>\n<p>\u201dElke Vogelsang has taken dog portraits to a new level.\u201d<br \/>\n<i>(The Huffington Post)<\/i><\/p>\n<p>\u201cA photographer\u2019s three dogs serve as the stars of a delightful series of portraits.\u201c<br \/>\n<i>(The Daily Mail)<\/i><\/p>\n<p>\u201dThere are good dog portraits, great dog portraits, and then the work of German photographer Elke Vogelsang and her trio of rescue dogs.\u201d<\/p>\n<p><i>(Colossal \u2013 Art &amp; Visual Culture)<\/i><\/p>\n<p>\u201dThese personality-packed dog portraits aren\u2019t like any canine photos you\u2019ve seen before.\u201d<br \/>\n<i>(Metro)<\/i><\/p>\n<p>\u201dThe remarkably natural and playful moments she captures effortlessly reflect her companion\u2019s personalities.\u201d<br \/>\n<i>(Global Animal Magazine)<\/i>[\/vc_column_text][\/vc_accordion_tab][\/vc_accordion][vc_column_text css=&#8220;&#8220;]<a class=\"dt-pswp-item\" href=\"https:\/\/elkevogelsang.com\/wp-content\/uploads\/2025\/07\/Commercial-dog-and-cat-photographer-with-image-licensing-archive.jpg\" data-dt-img-description=\"\" data-large_image_width=\"1600\" data-large_image_height=\"1067\"><img loading=\"lazy\" decoding=\"async\" class=\"aligncenter size-full wp-image-75001\" src=\"https:\/\/elkevogelsang.com\/wp-content\/uploads\/2025\/07\/Commercial-dog-and-cat-photographer-with-image-licensing-archive.jpg\" alt=\"Commercial dog photographer Elke Vogelsang\" width=\"1600\" height=\"1067\" srcset=\"https:\/\/elkevogelsang.com\/wp-content\/uploads\/2025\/07\/Commercial-dog-and-cat-photographer-with-image-licensing-archive.jpg 1600w, https:\/\/elkevogelsang.com\/wp-content\/uploads\/2025\/07\/Commercial-dog-and-cat-photographer-with-image-licensing-archive-800x534.jpg 800w, https:\/\/elkevogelsang.com\/wp-content\/uploads\/2025\/07\/Commercial-dog-and-cat-photographer-with-image-licensing-archive-1170x780.jpg 1170w, https:\/\/elkevogelsang.com\/wp-content\/uploads\/2025\/07\/Commercial-dog-and-cat-photographer-with-image-licensing-archive-768x512.jpg 768w, https:\/\/elkevogelsang.com\/wp-content\/uploads\/2025\/07\/Commercial-dog-and-cat-photographer-with-image-licensing-archive-1536x1024.jpg 1536w\" sizes=\"auto, (max-width: 1600px) 100vw, 1600px\" \/><\/a>[\/vc_column_text][\/vc_column][\/vc_row]<\/p>\n<\/div>","protected":false},"excerpt":{"rendered":"<p>[vc_row][vc_column][vc_column_text css=&#8220;&#8220;]\u00dcberleben, Gl\u00fcck, Traumberuf &#8211; es begann alles mit meinen Hunden. Sie sind Lebensretter (siehe hier), Musen, Familienmitglieder. Meine Bilder sind eine Hommage an tierische Pers\u00f6nlichkeiten. Als Werbefotografin f\u00fcr Haustierfotos (Hunde, Katzen, Pferde) arbeite ich mit Werbeagenturen, Redaktionen, Firmen im Bereich Tierbedarf zusammen. Man kann Nutzungslizenzen f\u00fcr meine mittlerweile mehr als 3000 Bilder erwerben. Es&hellip;<\/p>\n","protected":false},"author":1,"featured_media":0,"parent":0,"menu_order":4,"comment_status":"closed","ping_status":"closed","template":"","meta":{"footnotes":""},"class_list":["post-4","page","type-page","status-publish","hentry","description-off"],"yoast_head":"<!-- This site is optimized with the Yoast SEO plugin v26.2 - https:\/\/yoast.com\/wordpress\/plugins\/seo\/ -->\n<title>\u00dcber mich - Tierfotografie von Elke Vogelsang, Hildesheim<\/title>\n<meta name=\"robots\" content=\"index, follow, max-snippet:-1, max-image-preview:large, max-video-preview:-1\" \/>\n<link rel=\"canonical\" href=\"https:\/\/elkevogelsang.com\/de\/die-fotografin\/\" \/>\n<meta property=\"og:locale\" content=\"de_DE\" \/>\n<meta property=\"og:type\" content=\"article\" \/>\n<meta property=\"og:title\" content=\"\u00dcber mich - Tierfotografie von Elke Vogelsang, Hildesheim\" \/>\n<meta property=\"og:description\" content=\"[vc_row][vc_column][vc_column_text css=&#8220;&#8220;]\u00dcberleben, Gl\u00fcck, Traumberuf &#8211; es begann alles mit meinen Hunden. Sie sind Lebensretter (siehe hier), Musen, Familienmitglieder. Meine Bilder sind eine Hommage an tierische Pers\u00f6nlichkeiten. Als Werbefotografin f\u00fcr Haustierfotos (Hunde, Katzen, Pferde) arbeite ich mit Werbeagenturen, Redaktionen, Firmen im Bereich Tierbedarf zusammen. Man kann Nutzungslizenzen f\u00fcr meine mittlerweile mehr als 3000 Bilder erwerben. Es&hellip;\" \/>\n<meta property=\"og:url\" content=\"https:\/\/elkevogelsang.com\/de\/die-fotografin\/\" \/>\n<meta property=\"og:site_name\" content=\"Tierfotografie von Elke Vogelsang, Hildesheim\" \/>\n<meta property=\"article:modified_time\" content=\"2025-07-04T13:07:41+00:00\" \/>\n<meta property=\"og:image\" content=\"https:\/\/elkevogelsang.com\/wp-content\/uploads\/2025\/07\/Commercial-dog-and-cat-photographer-with-image-licensing-archive.jpg\" \/>\n\t<meta property=\"og:image:width\" content=\"1600\" \/>\n\t<meta property=\"og:image:height\" content=\"1067\" \/>\n\t<meta property=\"og:image:type\" content=\"image\/jpeg\" \/>\n<meta name=\"twitter:card\" content=\"summary_large_image\" \/>\n<meta name=\"twitter:label1\" content=\"Gesch\u00e4tzte Lesezeit\" \/>\n\t<meta name=\"twitter:data1\" content=\"4\u00a0Minuten\" \/>\n<script type=\"application\/ld+json\" class=\"yoast-schema-graph\">{\"@context\":\"https:\/\/schema.org\",\"@graph\":[{\"@type\":\"WebPage\",\"@id\":\"https:\/\/elkevogelsang.com\/de\/die-fotografin\/\",\"url\":\"https:\/\/elkevogelsang.com\/de\/die-fotografin\/\",\"name\":\"\u00dcber mich - Tierfotografie von Elke Vogelsang, Hildesheim\",\"isPartOf\":{\"@id\":\"https:\/\/elkevogelsang.com\/de\/#website\"},\"primaryImageOfPage\":{\"@id\":\"https:\/\/elkevogelsang.com\/de\/die-fotografin\/#primaryimage\"},\"image\":{\"@id\":\"https:\/\/elkevogelsang.com\/de\/die-fotografin\/#primaryimage\"},\"thumbnailUrl\":\"https:\/\/elkevogelsang.com\/wp-content\/uploads\/2025\/07\/Commercial-dog-and-cat-photographer-with-image-licensing-archive.jpg\",\"datePublished\":\"2013-09-27T12:48:26+00:00\",\"dateModified\":\"2025-07-04T13:07:41+00:00\",\"breadcrumb\":{\"@id\":\"https:\/\/elkevogelsang.com\/de\/die-fotografin\/#breadcrumb\"},\"inLanguage\":\"de\",\"potentialAction\":[{\"@type\":\"ReadAction\",\"target\":[\"https:\/\/elkevogelsang.com\/de\/die-fotografin\/\"]}]},{\"@type\":\"ImageObject\",\"inLanguage\":\"de\",\"@id\":\"https:\/\/elkevogelsang.com\/de\/die-fotografin\/#primaryimage\",\"url\":\"https:\/\/elkevogelsang.com\/wp-content\/uploads\/2025\/07\/Commercial-dog-and-cat-photographer-with-image-licensing-archive.jpg\",\"contentUrl\":\"https:\/\/elkevogelsang.com\/wp-content\/uploads\/2025\/07\/Commercial-dog-and-cat-photographer-with-image-licensing-archive.jpg\"},{\"@type\":\"BreadcrumbList\",\"@id\":\"https:\/\/elkevogelsang.com\/de\/die-fotografin\/#breadcrumb\",\"itemListElement\":[{\"@type\":\"ListItem\",\"position\":1,\"name\":\"Startseite\",\"item\":\"https:\/\/elkevogelsang.com\/de\/\"},{\"@type\":\"ListItem\",\"position\":2,\"name\":\"\u00dcber mich\"}]},{\"@type\":\"WebSite\",\"@id\":\"https:\/\/elkevogelsang.com\/de\/#website\",\"url\":\"https:\/\/elkevogelsang.com\/de\/\",\"name\":\"Tierfotografie von Elke Vogelsang, Hildesheim\",\"description\":\"Werbefotografin mit Spezialisierung auf Haustiere\",\"potentialAction\":[{\"@type\":\"SearchAction\",\"target\":{\"@type\":\"EntryPoint\",\"urlTemplate\":\"https:\/\/elkevogelsang.com\/de\/?s={search_term_string}\"},\"query-input\":{\"@type\":\"PropertyValueSpecification\",\"valueRequired\":true,\"valueName\":\"search_term_string\"}}],\"inLanguage\":\"de\"}]}<\/script>\n<!-- \/ Yoast SEO plugin. -->","yoast_head_json":{"title":"\u00dcber mich - Tierfotografie von Elke Vogelsang, Hildesheim","robots":{"index":"index","follow":"follow","max-snippet":"max-snippet:-1","max-image-preview":"max-image-preview:large","max-video-preview":"max-video-preview:-1"},"canonical":"https:\/\/elkevogelsang.com\/de\/die-fotografin\/","og_locale":"de_DE","og_type":"article","og_title":"\u00dcber mich - Tierfotografie von Elke Vogelsang, Hildesheim","og_description":"[vc_row][vc_column][vc_column_text css=&#8220;&#8220;]\u00dcberleben, Gl\u00fcck, Traumberuf &#8211; es begann alles mit meinen Hunden. Sie sind Lebensretter (siehe hier), Musen, Familienmitglieder. Meine Bilder sind eine Hommage an tierische Pers\u00f6nlichkeiten. Als Werbefotografin f\u00fcr Haustierfotos (Hunde, Katzen, Pferde) arbeite ich mit Werbeagenturen, Redaktionen, Firmen im Bereich Tierbedarf zusammen. Man kann Nutzungslizenzen f\u00fcr meine mittlerweile mehr als 3000 Bilder erwerben. Es&hellip;","og_url":"https:\/\/elkevogelsang.com\/de\/die-fotografin\/","og_site_name":"Tierfotografie von Elke Vogelsang, Hildesheim","article_modified_time":"2025-07-04T13:07:41+00:00","og_image":[{"width":1600,"height":1067,"url":"https:\/\/elkevogelsang.com\/wp-content\/uploads\/2025\/07\/Commercial-dog-and-cat-photographer-with-image-licensing-archive.jpg","type":"image\/jpeg"}],"twitter_card":"summary_large_image","twitter_misc":{"Gesch\u00e4tzte Lesezeit":"4\u00a0Minuten"},"schema":{"@context":"https:\/\/schema.org","@graph":[{"@type":"WebPage","@id":"https:\/\/elkevogelsang.com\/de\/die-fotografin\/","url":"https:\/\/elkevogelsang.com\/de\/die-fotografin\/","name":"\u00dcber mich - Tierfotografie von Elke Vogelsang, Hildesheim","isPartOf":{"@id":"https:\/\/elkevogelsang.com\/de\/#website"},"primaryImageOfPage":{"@id":"https:\/\/elkevogelsang.com\/de\/die-fotografin\/#primaryimage"},"image":{"@id":"https:\/\/elkevogelsang.com\/de\/die-fotografin\/#primaryimage"},"thumbnailUrl":"https:\/\/elkevogelsang.com\/wp-content\/uploads\/2025\/07\/Commercial-dog-and-cat-photographer-with-image-licensing-archive.jpg","datePublished":"2013-09-27T12:48:26+00:00","dateModified":"2025-07-04T13:07:41+00:00","breadcrumb":{"@id":"https:\/\/elkevogelsang.com\/de\/die-fotografin\/#breadcrumb"},"inLanguage":"de","potentialAction":[{"@type":"ReadAction","target":["https:\/\/elkevogelsang.com\/de\/die-fotografin\/"]}]},{"@type":"ImageObject","inLanguage":"de","@id":"https:\/\/elkevogelsang.com\/de\/die-fotografin\/#primaryimage","url":"https:\/\/elkevogelsang.com\/wp-content\/uploads\/2025\/07\/Commercial-dog-and-cat-photographer-with-image-licensing-archive.jpg","contentUrl":"https:\/\/elkevogelsang.com\/wp-content\/uploads\/2025\/07\/Commercial-dog-and-cat-photographer-with-image-licensing-archive.jpg"},{"@type":"BreadcrumbList","@id":"https:\/\/elkevogelsang.com\/de\/die-fotografin\/#breadcrumb","itemListElement":[{"@type":"ListItem","position":1,"name":"Startseite","item":"https:\/\/elkevogelsang.com\/de\/"},{"@type":"ListItem","position":2,"name":"\u00dcber mich"}]},{"@type":"WebSite","@id":"https:\/\/elkevogelsang.com\/de\/#website","url":"https:\/\/elkevogelsang.com\/de\/","name":"Tierfotografie von Elke Vogelsang, Hildesheim","description":"Werbefotografin mit Spezialisierung auf Haustiere","potentialAction":[{"@type":"SearchAction","target":{"@type":"EntryPoint","urlTemplate":"https:\/\/elkevogelsang.com\/de\/?s={search_term_string}"},"query-input":{"@type":"PropertyValueSpecification","valueRequired":true,"valueName":"search_term_string"}}],"inLanguage":"de"}]}},"_links":{"self":[{"href":"https:\/\/elkevogelsang.com\/de\/wp-json\/wp\/v2\/pages\/4","targetHints":{"allow":["GET"]}}],"collection":[{"href":"https:\/\/elkevogelsang.com\/de\/wp-json\/wp\/v2\/pages"}],"about":[{"href":"https:\/\/elkevogelsang.com\/de\/wp-json\/wp\/v2\/types\/page"}],"author":[{"embeddable":true,"href":"https:\/\/elkevogelsang.com\/de\/wp-json\/wp\/v2\/users\/1"}],"replies":[{"embeddable":true,"href":"https:\/\/elkevogelsang.com\/de\/wp-json\/wp\/v2\/comments?post=4"}],"version-history":[{"count":28,"href":"https:\/\/elkevogelsang.com\/de\/wp-json\/wp\/v2\/pages\/4\/revisions"}],"predecessor-version":[{"id":75005,"href":"https:\/\/elkevogelsang.com\/de\/wp-json\/wp\/v2\/pages\/4\/revisions\/75005"}],"wp:attachment":[{"href":"https:\/\/elkevogelsang.com\/de\/wp-json\/wp\/v2\/media?parent=4"}],"curies":[{"name":"wp","href":"https:\/\/api.w.org\/{rel}","templated":true}]}}