{"id":60810,"date":"2020-11-02T20:34:21","date_gmt":"2020-11-02T18:34:21","guid":{"rendered":"https:\/\/elkevogelsang.com\/?page_id=60810"},"modified":"2025-10-23T20:32:48","modified_gmt":"2025-10-23T18:32:48","slug":"buch-workshop-hundefotografie","status":"publish","type":"page","link":"https:\/\/elkevogelsang.com\/de\/buch-workshop-hundefotografie\/","title":{"rendered":"Buch"},"content":{"rendered":"<div class=\"wpb-content-wrapper\"><p>[vc_row][vc_column][vc_column_text]<!-- \/wp:post-content --><\/p>\r\n<!-- wp:heading -->\r\n<h2>Workshop Hundefotografie: Die geheimen Profi-Tricks verst\u00e4ndlich erkl\u00e4rt<\/h2>\r\n<p><!-- wp:paragraph -->Das Buch ist \u00fcberall im Handel erh\u00e4ltlich.\u00a0<span style=\"color: #3366ff;\"><a style=\"color: #3366ff;\" href=\"https:\/\/www.amazon.de\/Workshop-Hundefotografie-geheimen-Profi-Tricks-verst\u00e4ndlich\/dp\/3842655258\" target=\"_blank\" rel=\"noopener\">Zum Beispiel auf amazon<\/a><\/span>.\u00a0<\/p>\r\n<p>Ich freue mich riesig \u00fcber die Zusammenarbeit mit dem Humboldt-Verlag.<\/p>\r\n<h2>Beschreibung zum Buch<\/h2>\r\n<!-- \/wp:paragraph -->\r\n<p><!-- wp:paragraph -->&#8222;Wie mache ich gestochen scharfe und gut belichtete Fotos meines Hundes? Wie gelingen emotionale Bilder, die den Charakter meines Vierbeiners wiedergeben? Wie schaffe ich es, auch ohne Assistenten, Bilder zu bekommen, die Energie und Lebensfreude ausstrahlen? Diese und viele weitere Fragen beantwortet Elke Vogelsang in ihrem Ratgeber \u2013 so einfach wie m\u00f6glich, so umfangreich wie notwendig, direkt aus dem Alltag einer Hundefotografin. Von den technischen Grundlagen der Hundefotografie bis hin zu 50 Workshops \u2013 hier lernen Einsteiger und erfahrene Hobbyfotografen, wie sie Hundepers\u00f6nlichkeiten in Szene setzen, kreative Bildideen entwickeln und diese optimal und hundegerecht umsetzen k\u00f6nnen.&#8220;<\/p>\r\n<h2>Einzelheiten zum Buch<\/h2>\r\n<p>Taschenbuch: 280 Seiten<br \/>ISBN-13: 978-3842655256<br \/>Herausgeber: humboldt (20. Februar 2021)<br \/>Sprache: Deutsch<\/p>\r\n<p>[\/vc_column_text][\/vc_column][\/vc_row]<\/p><!-- \/wp:paragraph --><\/div>","protected":false},"excerpt":{"rendered":"<p>[vc_row][vc_column][vc_column_text] Workshop Hundefotografie: Die geheimen Profi-Tricks verst\u00e4ndlich erkl\u00e4rt Das Buch ist \u00fcberall im Handel erh\u00e4ltlich.\u00a0Zum Beispiel auf amazon.\u00a0 Ich freue mich riesig \u00fcber die Zusammenarbeit mit dem Humboldt-Verlag. Beschreibung zum Buch &#8222;Wie mache ich gestochen scharfe und gut belichtete Fotos meines Hundes? Wie gelingen emotionale Bilder, die den Charakter meines Vierbeiners wiedergeben? Wie schaffe ich&hellip;<\/p>\n","protected":false},"author":1,"featured_media":0,"parent":0,"menu_order":6,"comment_status":"closed","ping_status":"closed","template":"","meta":{"footnotes":""},"class_list":["post-60810","page","type-page","status-publish","hentry","description-off"],"yoast_head":"<!-- This site is optimized with the Yoast SEO plugin v26.2 - https:\/\/yoast.com\/wordpress\/plugins\/seo\/ -->\n<title>Buch Workshop Hundefotografie von Elke Vogelsang<\/title>\n<meta name=\"description\" content=\"Wie mache ich gestochen scharfe und gut belichtete Fotos meines Hundes? Wie gelingen emotionale Bilder, die den Charakter meines Vierbeiners wiedergeben?\" \/>\n<meta name=\"robots\" content=\"index, follow, max-snippet:-1, max-image-preview:large, max-video-preview:-1\" \/>\n<link rel=\"canonical\" href=\"https:\/\/elkevogelsang.com\/de\/buch-workshop-hundefotografie\/\" \/>\n<meta property=\"og:locale\" content=\"de_DE\" \/>\n<meta property=\"og:type\" content=\"article\" \/>\n<meta property=\"og:title\" content=\"Buch Workshop Hundefotografie von Elke Vogelsang\" \/>\n<meta property=\"og:description\" content=\"Wie mache ich gestochen scharfe und gut belichtete Fotos meines Hundes? Wie gelingen emotionale Bilder, die den Charakter meines Vierbeiners wiedergeben?\" \/>\n<meta property=\"og:url\" content=\"https:\/\/elkevogelsang.com\/de\/buch-workshop-hundefotografie\/\" \/>\n<meta property=\"og:site_name\" content=\"Tierfotografie von Elke Vogelsang, Hildesheim\" \/>\n<meta property=\"article:modified_time\" content=\"2025-10-23T18:32:48+00:00\" \/>\n<meta property=\"og:image\" content=\"https:\/\/elkevogelsang.com\/wp-content\/uploads\/2019\/11\/Bubbleface-1.jpg\" \/>\n\t<meta property=\"og:image:width\" content=\"1500\" \/>\n\t<meta property=\"og:image:height\" content=\"1125\" \/>\n\t<meta property=\"og:image:type\" content=\"image\/jpeg\" \/>\n<meta name=\"twitter:card\" content=\"summary_large_image\" \/>\n<meta name=\"twitter:label1\" content=\"Gesch\u00e4tzte Lesezeit\" \/>\n\t<meta name=\"twitter:data1\" content=\"2\u00a0Minuten\" \/>\n<script type=\"application\/ld+json\" class=\"yoast-schema-graph\">{\"@context\":\"https:\/\/schema.org\",\"@graph\":[{\"@type\":\"WebPage\",\"@id\":\"https:\/\/elkevogelsang.com\/de\/buch-workshop-hundefotografie\/\",\"url\":\"https:\/\/elkevogelsang.com\/de\/buch-workshop-hundefotografie\/\",\"name\":\"Buch Workshop Hundefotografie von Elke Vogelsang\",\"isPartOf\":{\"@id\":\"https:\/\/elkevogelsang.com\/de\/#website\"},\"datePublished\":\"2020-11-02T18:34:21+00:00\",\"dateModified\":\"2025-10-23T18:32:48+00:00\",\"description\":\"Wie mache ich gestochen scharfe und gut belichtete Fotos meines Hundes? Wie gelingen emotionale Bilder, die den Charakter meines Vierbeiners wiedergeben?\",\"breadcrumb\":{\"@id\":\"https:\/\/elkevogelsang.com\/de\/buch-workshop-hundefotografie\/#breadcrumb\"},\"inLanguage\":\"de\",\"potentialAction\":[{\"@type\":\"ReadAction\",\"target\":[\"https:\/\/elkevogelsang.com\/de\/buch-workshop-hundefotografie\/\"]}]},{\"@type\":\"BreadcrumbList\",\"@id\":\"https:\/\/elkevogelsang.com\/de\/buch-workshop-hundefotografie\/#breadcrumb\",\"itemListElement\":[{\"@type\":\"ListItem\",\"position\":1,\"name\":\"Startseite\",\"item\":\"https:\/\/elkevogelsang.com\/de\/\"},{\"@type\":\"ListItem\",\"position\":2,\"name\":\"Buch\"}]},{\"@type\":\"WebSite\",\"@id\":\"https:\/\/elkevogelsang.com\/de\/#website\",\"url\":\"https:\/\/elkevogelsang.com\/de\/\",\"name\":\"Tierfotografie von Elke Vogelsang, Hildesheim\",\"description\":\"Werbefotografin mit Spezialisierung auf Haustiere\",\"potentialAction\":[{\"@type\":\"SearchAction\",\"target\":{\"@type\":\"EntryPoint\",\"urlTemplate\":\"https:\/\/elkevogelsang.com\/de\/?s={search_term_string}\"},\"query-input\":{\"@type\":\"PropertyValueSpecification\",\"valueRequired\":true,\"valueName\":\"search_term_string\"}}],\"inLanguage\":\"de\"}]}<\/script>\n<!-- \/ Yoast SEO plugin. -->","yoast_head_json":{"title":"Buch Workshop Hundefotografie von Elke Vogelsang","description":"Wie mache ich gestochen scharfe und gut belichtete Fotos meines Hundes? Wie gelingen emotionale Bilder, die den Charakter meines Vierbeiners wiedergeben?","robots":{"index":"index","follow":"follow","max-snippet":"max-snippet:-1","max-image-preview":"max-image-preview:large","max-video-preview":"max-video-preview:-1"},"canonical":"https:\/\/elkevogelsang.com\/de\/buch-workshop-hundefotografie\/","og_locale":"de_DE","og_type":"article","og_title":"Buch Workshop Hundefotografie von Elke Vogelsang","og_description":"Wie mache ich gestochen scharfe und gut belichtete Fotos meines Hundes? Wie gelingen emotionale Bilder, die den Charakter meines Vierbeiners wiedergeben?","og_url":"https:\/\/elkevogelsang.com\/de\/buch-workshop-hundefotografie\/","og_site_name":"Tierfotografie von Elke Vogelsang, Hildesheim","article_modified_time":"2025-10-23T18:32:48+00:00","og_image":[{"width":1500,"height":1125,"url":"https:\/\/elkevogelsang.com\/wp-content\/uploads\/2019\/11\/Bubbleface-1.jpg","type":"image\/jpeg"}],"twitter_card":"summary_large_image","twitter_misc":{"Gesch\u00e4tzte Lesezeit":"2\u00a0Minuten"},"schema":{"@context":"https:\/\/schema.org","@graph":[{"@type":"WebPage","@id":"https:\/\/elkevogelsang.com\/de\/buch-workshop-hundefotografie\/","url":"https:\/\/elkevogelsang.com\/de\/buch-workshop-hundefotografie\/","name":"Buch Workshop Hundefotografie von Elke Vogelsang","isPartOf":{"@id":"https:\/\/elkevogelsang.com\/de\/#website"},"datePublished":"2020-11-02T18:34:21+00:00","dateModified":"2025-10-23T18:32:48+00:00","description":"Wie mache ich gestochen scharfe und gut belichtete Fotos meines Hundes? Wie gelingen emotionale Bilder, die den Charakter meines Vierbeiners wiedergeben?","breadcrumb":{"@id":"https:\/\/elkevogelsang.com\/de\/buch-workshop-hundefotografie\/#breadcrumb"},"inLanguage":"de","potentialAction":[{"@type":"ReadAction","target":["https:\/\/elkevogelsang.com\/de\/buch-workshop-hundefotografie\/"]}]},{"@type":"BreadcrumbList","@id":"https:\/\/elkevogelsang.com\/de\/buch-workshop-hundefotografie\/#breadcrumb","itemListElement":[{"@type":"ListItem","position":1,"name":"Startseite","item":"https:\/\/elkevogelsang.com\/de\/"},{"@type":"ListItem","position":2,"name":"Buch"}]},{"@type":"WebSite","@id":"https:\/\/elkevogelsang.com\/de\/#website","url":"https:\/\/elkevogelsang.com\/de\/","name":"Tierfotografie von Elke Vogelsang, Hildesheim","description":"Werbefotografin mit Spezialisierung auf Haustiere","potentialAction":[{"@type":"SearchAction","target":{"@type":"EntryPoint","urlTemplate":"https:\/\/elkevogelsang.com\/de\/?s={search_term_string}"},"query-input":{"@type":"PropertyValueSpecification","valueRequired":true,"valueName":"search_term_string"}}],"inLanguage":"de"}]}},"_links":{"self":[{"href":"https:\/\/elkevogelsang.com\/de\/wp-json\/wp\/v2\/pages\/60810","targetHints":{"allow":["GET"]}}],"collection":[{"href":"https:\/\/elkevogelsang.com\/de\/wp-json\/wp\/v2\/pages"}],"about":[{"href":"https:\/\/elkevogelsang.com\/de\/wp-json\/wp\/v2\/types\/page"}],"author":[{"embeddable":true,"href":"https:\/\/elkevogelsang.com\/de\/wp-json\/wp\/v2\/users\/1"}],"replies":[{"embeddable":true,"href":"https:\/\/elkevogelsang.com\/de\/wp-json\/wp\/v2\/comments?post=60810"}],"version-history":[{"count":3,"href":"https:\/\/elkevogelsang.com\/de\/wp-json\/wp\/v2\/pages\/60810\/revisions"}],"predecessor-version":[{"id":67746,"href":"https:\/\/elkevogelsang.com\/de\/wp-json\/wp\/v2\/pages\/60810\/revisions\/67746"}],"wp:attachment":[{"href":"https:\/\/elkevogelsang.com\/de\/wp-json\/wp\/v2\/media?parent=60810"}],"curies":[{"name":"wp","href":"https:\/\/api.w.org\/{rel}","templated":true}]}}