{"id":60815,"date":"2020-11-02T20:46:16","date_gmt":"2020-11-02T18:46:16","guid":{"rendered":"https:\/\/elkevogelsang.com\/?page_id=60815"},"modified":"2025-03-31T13:56:22","modified_gmt":"2025-03-31T11:56:22","slug":"kalender-2026-frei-schnauze","status":"publish","type":"page","link":"https:\/\/elkevogelsang.com\/de\/kalender-2026-frei-schnauze\/","title":{"rendered":"Kalender"},"content":{"rendered":"<div class=\"wpb-content-wrapper\"><p>[vc_row][vc_column][vc_column_text css=&#8220;&#8220;]<\/p>\n<h2>Kalender 2026 \u201eFrei Schnauze\u201c<\/h2>\n<p>Mein im Ackermann-Verlag erscheinender Kalender \u201eFrei Schnauze\u201c ist \u00fcberall im Handel erh\u00e4ltlich (erh\u00e4ltlich ab 08. Mai 2025)<\/p>\n<h3>Produktbeschreibung<\/h3>\n<p>\u201eLustig, ernst, treu, erstaunt oder einfach ein bisschen verr\u00fcckt \u2013 diese Portr\u00e4ts spiegeln in ihrer Ausdruckskraft die ganze Achterbahnfahrt des Lebens wider und zaubern uns in Sekundenschnelle ein L\u00e4cheln aufs Gesicht.\u201c<\/p>\n<p>Das ideale Geschenk f\u00fcr Tierliebhaber und Hunde-Fans.<\/p>\n<h3>Produkteigenschaften<\/h3>\n<ul>\n<li>Wandkalender im Hochformat: 33\u00d745 cm<\/li>\n<li>Hochwertiges 170 g\/qm Papier und stabile Spiralbindung zum einfachen Umschlagen der Kalenderbl\u00e4tter<\/li>\n<li>In Deutschland produziert und klimaneutral auf FSC-Papier gedruckt<\/li>\n<li>2-sprachiges Kalendarium: Deutsch, Englisch<\/li>\n<li>ISBN: 978-3-8384-2687-7<\/li>\n<li>Affiliate-Link: <span style=\"color: #3366ff;\"><a style=\"color: #3366ff;\" href=\"https:\/\/www.ackermann-kalender.de\/frei-schnauze-kalender-2026?affiliateCode=vogelsang\" target=\"_blank\" rel=\"noopener\">Hier vor bestellen beim Ackermann-Verlag<\/a><\/span><\/li>\n<\/ul>\n<p>[\/vc_column_text][\/vc_column][\/vc_row]<\/p>\n<\/div>","protected":false},"excerpt":{"rendered":"<p>[vc_row][vc_column][vc_column_text css=&#8220;&#8220;] Kalender 2026 \u201eFrei Schnauze\u201c Mein im Ackermann-Verlag erscheinender Kalender \u201eFrei Schnauze\u201c ist \u00fcberall im Handel erh\u00e4ltlich (erh\u00e4ltlich ab 08. Mai 2025) Produktbeschreibung \u201eLustig, ernst, treu, erstaunt oder einfach ein bisschen verr\u00fcckt \u2013 diese Portr\u00e4ts spiegeln in ihrer Ausdruckskraft die ganze Achterbahnfahrt des Lebens wider und zaubern uns in Sekundenschnelle ein L\u00e4cheln aufs Gesicht.\u201c&hellip;<\/p>\n","protected":false},"author":1,"featured_media":67628,"parent":0,"menu_order":9,"comment_status":"closed","ping_status":"closed","template":"","meta":{"footnotes":""},"class_list":["post-60815","page","type-page","status-publish","has-post-thumbnail","hentry","description-off"],"yoast_head":"<!-- This site is optimized with the Yoast SEO plugin v27.4 - https:\/\/yoast.com\/product\/yoast-seo-wordpress\/ -->\n<title>Kalender - Tierfotografie von Elke Vogelsang, Hildesheim<\/title>\n<meta name=\"description\" content=\"Hundekalender vom Ackermann-Verlag mit Fotografien von Elke Vogelsang\" \/>\n<meta name=\"robots\" content=\"index, follow, max-snippet:-1, max-image-preview:large, max-video-preview:-1\" \/>\n<link rel=\"canonical\" href=\"https:\/\/elkevogelsang.com\/de\/kalender-2026-frei-schnauze\/\" \/>\n<meta property=\"og:locale\" content=\"de_DE\" \/>\n<meta property=\"og:type\" content=\"article\" \/>\n<meta property=\"og:title\" content=\"Kalender - Tierfotografie von Elke Vogelsang, Hildesheim\" \/>\n<meta property=\"og:description\" content=\"Hundekalender vom Ackermann-Verlag mit Fotografien von Elke Vogelsang\" \/>\n<meta property=\"og:url\" content=\"https:\/\/elkevogelsang.com\/de\/kalender-2026-frei-schnauze\/\" \/>\n<meta property=\"og:site_name\" content=\"Tierfotografie von Elke Vogelsang, Hildesheim\" \/>\n<meta property=\"article:modified_time\" content=\"2025-03-31T11:56:22+00:00\" \/>\n<meta property=\"og:image\" content=\"https:\/\/elkevogelsang.com\/wp-content\/uploads\/2023\/06\/9783838424873.jpg\" \/>\n\t<meta property=\"og:image:width\" content=\"1467\" \/>\n\t<meta property=\"og:image:height\" content=\"2000\" \/>\n\t<meta property=\"og:image:type\" content=\"image\/jpeg\" \/>\n<meta name=\"twitter:card\" content=\"summary_large_image\" \/>\n<meta name=\"twitter:label1\" content=\"Gesch\u00e4tzte Lesezeit\" \/>\n\t<meta name=\"twitter:data1\" content=\"1\u00a0Minute\" \/>\n<script type=\"application\/ld+json\" class=\"yoast-schema-graph\">{\"@context\":\"https:\\\/\\\/schema.org\",\"@graph\":[{\"@type\":\"WebPage\",\"@id\":\"https:\\\/\\\/elkevogelsang.com\\\/de\\\/kalender-2026-frei-schnauze\\\/\",\"url\":\"https:\\\/\\\/elkevogelsang.com\\\/de\\\/kalender-2026-frei-schnauze\\\/\",\"name\":\"Kalender - Tierfotografie von Elke Vogelsang, Hildesheim\",\"isPartOf\":{\"@id\":\"https:\\\/\\\/elkevogelsang.com\\\/de\\\/#website\"},\"primaryImageOfPage\":{\"@id\":\"https:\\\/\\\/elkevogelsang.com\\\/de\\\/kalender-2026-frei-schnauze\\\/#primaryimage\"},\"image\":{\"@id\":\"https:\\\/\\\/elkevogelsang.com\\\/de\\\/kalender-2026-frei-schnauze\\\/#primaryimage\"},\"thumbnailUrl\":\"https:\\\/\\\/elkevogelsang.com\\\/wp-content\\\/uploads\\\/2023\\\/06\\\/9783838424873.jpg\",\"datePublished\":\"2020-11-02T18:46:16+00:00\",\"dateModified\":\"2025-03-31T11:56:22+00:00\",\"description\":\"Hundekalender vom Ackermann-Verlag mit Fotografien von Elke Vogelsang\",\"breadcrumb\":{\"@id\":\"https:\\\/\\\/elkevogelsang.com\\\/de\\\/kalender-2026-frei-schnauze\\\/#breadcrumb\"},\"inLanguage\":\"de\",\"potentialAction\":[{\"@type\":\"ReadAction\",\"target\":[\"https:\\\/\\\/elkevogelsang.com\\\/de\\\/kalender-2026-frei-schnauze\\\/\"]}]},{\"@type\":\"ImageObject\",\"inLanguage\":\"de\",\"@id\":\"https:\\\/\\\/elkevogelsang.com\\\/de\\\/kalender-2026-frei-schnauze\\\/#primaryimage\",\"url\":\"https:\\\/\\\/elkevogelsang.com\\\/wp-content\\\/uploads\\\/2023\\\/06\\\/9783838424873.jpg\",\"contentUrl\":\"https:\\\/\\\/elkevogelsang.com\\\/wp-content\\\/uploads\\\/2023\\\/06\\\/9783838424873.jpg\",\"width\":1467,\"height\":2000},{\"@type\":\"BreadcrumbList\",\"@id\":\"https:\\\/\\\/elkevogelsang.com\\\/de\\\/kalender-2026-frei-schnauze\\\/#breadcrumb\",\"itemListElement\":[{\"@type\":\"ListItem\",\"position\":1,\"name\":\"Startseite\",\"item\":\"https:\\\/\\\/elkevogelsang.com\\\/de\\\/\"},{\"@type\":\"ListItem\",\"position\":2,\"name\":\"Kalender\"}]},{\"@type\":\"WebSite\",\"@id\":\"https:\\\/\\\/elkevogelsang.com\\\/de\\\/#website\",\"url\":\"https:\\\/\\\/elkevogelsang.com\\\/de\\\/\",\"name\":\"Tierfotografie von Elke Vogelsang, Hildesheim\",\"description\":\"Werbefotografin mit Spezialisierung auf Haustiere\",\"potentialAction\":[{\"@type\":\"SearchAction\",\"target\":{\"@type\":\"EntryPoint\",\"urlTemplate\":\"https:\\\/\\\/elkevogelsang.com\\\/de\\\/?s={search_term_string}\"},\"query-input\":{\"@type\":\"PropertyValueSpecification\",\"valueRequired\":true,\"valueName\":\"search_term_string\"}}],\"inLanguage\":\"de\"}]}<\/script>\n<!-- \/ Yoast SEO plugin. -->","yoast_head_json":{"title":"Kalender - Tierfotografie von Elke Vogelsang, Hildesheim","description":"Hundekalender vom Ackermann-Verlag mit Fotografien von Elke Vogelsang","robots":{"index":"index","follow":"follow","max-snippet":"max-snippet:-1","max-image-preview":"max-image-preview:large","max-video-preview":"max-video-preview:-1"},"canonical":"https:\/\/elkevogelsang.com\/de\/kalender-2026-frei-schnauze\/","og_locale":"de_DE","og_type":"article","og_title":"Kalender - Tierfotografie von Elke Vogelsang, Hildesheim","og_description":"Hundekalender vom Ackermann-Verlag mit Fotografien von Elke Vogelsang","og_url":"https:\/\/elkevogelsang.com\/de\/kalender-2026-frei-schnauze\/","og_site_name":"Tierfotografie von Elke Vogelsang, Hildesheim","article_modified_time":"2025-03-31T11:56:22+00:00","og_image":[{"width":1467,"height":2000,"url":"https:\/\/elkevogelsang.com\/wp-content\/uploads\/2023\/06\/9783838424873.jpg","type":"image\/jpeg"}],"twitter_card":"summary_large_image","twitter_misc":{"Gesch\u00e4tzte Lesezeit":"1\u00a0Minute"},"schema":{"@context":"https:\/\/schema.org","@graph":[{"@type":"WebPage","@id":"https:\/\/elkevogelsang.com\/de\/kalender-2026-frei-schnauze\/","url":"https:\/\/elkevogelsang.com\/de\/kalender-2026-frei-schnauze\/","name":"Kalender - Tierfotografie von Elke Vogelsang, Hildesheim","isPartOf":{"@id":"https:\/\/elkevogelsang.com\/de\/#website"},"primaryImageOfPage":{"@id":"https:\/\/elkevogelsang.com\/de\/kalender-2026-frei-schnauze\/#primaryimage"},"image":{"@id":"https:\/\/elkevogelsang.com\/de\/kalender-2026-frei-schnauze\/#primaryimage"},"thumbnailUrl":"https:\/\/elkevogelsang.com\/wp-content\/uploads\/2023\/06\/9783838424873.jpg","datePublished":"2020-11-02T18:46:16+00:00","dateModified":"2025-03-31T11:56:22+00:00","description":"Hundekalender vom Ackermann-Verlag mit Fotografien von Elke Vogelsang","breadcrumb":{"@id":"https:\/\/elkevogelsang.com\/de\/kalender-2026-frei-schnauze\/#breadcrumb"},"inLanguage":"de","potentialAction":[{"@type":"ReadAction","target":["https:\/\/elkevogelsang.com\/de\/kalender-2026-frei-schnauze\/"]}]},{"@type":"ImageObject","inLanguage":"de","@id":"https:\/\/elkevogelsang.com\/de\/kalender-2026-frei-schnauze\/#primaryimage","url":"https:\/\/elkevogelsang.com\/wp-content\/uploads\/2023\/06\/9783838424873.jpg","contentUrl":"https:\/\/elkevogelsang.com\/wp-content\/uploads\/2023\/06\/9783838424873.jpg","width":1467,"height":2000},{"@type":"BreadcrumbList","@id":"https:\/\/elkevogelsang.com\/de\/kalender-2026-frei-schnauze\/#breadcrumb","itemListElement":[{"@type":"ListItem","position":1,"name":"Startseite","item":"https:\/\/elkevogelsang.com\/de\/"},{"@type":"ListItem","position":2,"name":"Kalender"}]},{"@type":"WebSite","@id":"https:\/\/elkevogelsang.com\/de\/#website","url":"https:\/\/elkevogelsang.com\/de\/","name":"Tierfotografie von Elke Vogelsang, Hildesheim","description":"Werbefotografin mit Spezialisierung auf Haustiere","potentialAction":[{"@type":"SearchAction","target":{"@type":"EntryPoint","urlTemplate":"https:\/\/elkevogelsang.com\/de\/?s={search_term_string}"},"query-input":{"@type":"PropertyValueSpecification","valueRequired":true,"valueName":"search_term_string"}}],"inLanguage":"de"}]}},"_links":{"self":[{"href":"https:\/\/elkevogelsang.com\/de\/wp-json\/wp\/v2\/pages\/60815","targetHints":{"allow":["GET"]}}],"collection":[{"href":"https:\/\/elkevogelsang.com\/de\/wp-json\/wp\/v2\/pages"}],"about":[{"href":"https:\/\/elkevogelsang.com\/de\/wp-json\/wp\/v2\/types\/page"}],"author":[{"embeddable":true,"href":"https:\/\/elkevogelsang.com\/de\/wp-json\/wp\/v2\/users\/1"}],"replies":[{"embeddable":true,"href":"https:\/\/elkevogelsang.com\/de\/wp-json\/wp\/v2\/comments?post=60815"}],"version-history":[{"count":9,"href":"https:\/\/elkevogelsang.com\/de\/wp-json\/wp\/v2\/pages\/60815\/revisions"}],"predecessor-version":[{"id":73521,"href":"https:\/\/elkevogelsang.com\/de\/wp-json\/wp\/v2\/pages\/60815\/revisions\/73521"}],"wp:featuredmedia":[{"embeddable":true,"href":"https:\/\/elkevogelsang.com\/de\/wp-json\/wp\/v2\/media\/67628"}],"wp:attachment":[{"href":"https:\/\/elkevogelsang.com\/de\/wp-json\/wp\/v2\/media?parent=60815"}],"curies":[{"name":"wp","href":"https:\/\/api.w.org\/{rel}","templated":true}]}}