{"id":73614,"date":"2023-09-30T19:07:07","date_gmt":"2023-09-30T17:07:07","guid":{"rendered":"https:\/\/elkevogelsang.com\/?page_id=73614"},"modified":"2023-09-30T19:08:49","modified_gmt":"2023-09-30T17:08:49","slug":"fujifilm-x-photographer","status":"publish","type":"page","link":"https:\/\/elkevogelsang.com\/de\/fujifilm-x-photographer\/","title":{"rendered":"Fujifilm X Photographer"},"content":{"rendered":"<p>Die Frage nach der Ausr\u00fcstung&#8230; ich bekomme sie oft. Und hier soll sie beantwortet werden.<\/p>\n<p>Ich bin offizielle Fujifilm-X-Fotografin und fotografiere mit Fujifilm-X-Kameras. Meine derzeitige Kamera ist die Fujifilm-XT4. Lieb\u00e4ugeln tu ich nat\u00fcrlich mit der Fujifilm X-H2s aufgrund des automatischen Tieraugenfokus. Kommt noch.<\/p>\n<p>Im Studio nutze ich fast ausschlie\u00dflich das Fuji 16-55mm f\/2.8.<\/p>\n<p>F\u00fcr Portraits und auch Bewegungsaufnahmen drau\u00dfen ist das Fuji 90mm f\/2 mein Liebstes. \u00dcberhaupt liebe ich Festbrennweiten.<\/p>\n<p>Den Namen meines Blitzes nenne ich nicht, denn er ist eher nicht empfehlenswert. Er war g\u00fcnstig und funktioniert, solange er nicht in Flammen aufgeht, was durchaus der Fall war &#8211; gl\u00fccklicherweise im Gew\u00e4hrleistungszeitrum. Der n\u00e4chste brach dann einfach so entzwei. Ist halt nicht immer von Vorteil, g\u00fcnstig zu kaufen. Es handelt sich um einen portablen Blitz, der High-Speed-Synchronisation unterst\u00fctzt, sodass ich mit ihm nicht nur im Studio sondern auch im Freien blitzen kann. Und ja, ich nutze zumeist nur einen Blitz, weil ich m\u00f6chte, dass sich alle tierischen Modelle in meinem Studio so wohl wie m\u00f6glich f\u00fchlen und nicht von allen Seiten mit Licht &#8222;bombardiert&#8220; werden.<\/p>\n<p><a class=\"dt-pswp-item\" href=\"https:\/\/elkevogelsang.com\/wp-content\/uploads\/2023\/09\/20210501_Scout_TheCaninePhotographer.jpg\" data-dt-img-description=\"\" data-large_image_width=\"1280\" data-large_image_height=\"1600\"><img loading=\"lazy\" decoding=\"async\" class=\"aligncenter size-full wp-image-73615\" src=\"https:\/\/elkevogelsang.com\/wp-content\/uploads\/2023\/09\/20210501_Scout_TheCaninePhotographer.jpg\" alt=\"\" width=\"1280\" height=\"1600\" srcset=\"https:\/\/elkevogelsang.com\/wp-content\/uploads\/2023\/09\/20210501_Scout_TheCaninePhotographer.jpg 1280w, https:\/\/elkevogelsang.com\/wp-content\/uploads\/2023\/09\/20210501_Scout_TheCaninePhotographer-640x800.jpg 640w, https:\/\/elkevogelsang.com\/wp-content\/uploads\/2023\/09\/20210501_Scout_TheCaninePhotographer-936x1170.jpg 936w, https:\/\/elkevogelsang.com\/wp-content\/uploads\/2023\/09\/20210501_Scout_TheCaninePhotographer-768x960.jpg 768w, https:\/\/elkevogelsang.com\/wp-content\/uploads\/2023\/09\/20210501_Scout_TheCaninePhotographer-1229x1536.jpg 1229w\" sizes=\"auto, (max-width: 1280px) 100vw, 1280px\" \/><\/a>Ganz viel Infos zu Ausr\u00fcstung in der Hundefotografie gibt es in meinem Ratgeber &#8222;<span style=\"color: #3366ff;\"><a style=\"color: #3366ff;\" href=\"https:\/\/elkevogelsang.com\/de\/buch-workshop-hundefotografie\/\">Workshop Hundefotografie<\/a><\/span>&#8222;, der im Humboldt-Verlag erschienen ist.<\/p>\n<p>&nbsp;<\/p>\n","protected":false},"excerpt":{"rendered":"<p>Die Frage nach der Ausr\u00fcstung&#8230; ich bekomme sie oft. Und hier soll sie beantwortet werden. Ich bin offizielle Fujifilm-X-Fotografin und fotografiere mit Fujifilm-X-Kameras. Meine derzeitige Kamera ist die Fujifilm-XT4. Lieb\u00e4ugeln tu ich nat\u00fcrlich mit der Fujifilm X-H2s aufgrund des automatischen Tieraugenfokus. Kommt noch. Im Studio nutze ich fast ausschlie\u00dflich das Fuji 16-55mm f\/2.8. F\u00fcr Portraits&hellip;<\/p>\n","protected":false},"author":1,"featured_media":0,"parent":0,"menu_order":0,"comment_status":"closed","ping_status":"closed","template":"","meta":{"footnotes":""},"class_list":["post-73614","page","type-page","status-publish","hentry","description-off"],"yoast_head":"<!-- This site is optimized with the Yoast SEO plugin v27.4 - https:\/\/yoast.com\/product\/yoast-seo-wordpress\/ -->\n<title>Fujifilm X Photographer - Tierfotografie von Elke Vogelsang, Hildesheim<\/title>\n<meta name=\"description\" content=\"Meine Ausr\u00fcstung in der Tierfotografie. Ich fotografiere mit Fujifilm.\" \/>\n<meta name=\"robots\" content=\"index, follow, max-snippet:-1, max-image-preview:large, max-video-preview:-1\" \/>\n<link rel=\"canonical\" href=\"https:\/\/elkevogelsang.com\/de\/fujifilm-x-photographer\/\" \/>\n<meta property=\"og:locale\" content=\"de_DE\" \/>\n<meta property=\"og:type\" content=\"article\" \/>\n<meta property=\"og:title\" content=\"Fujifilm X Photographer - Tierfotografie von Elke Vogelsang, Hildesheim\" \/>\n<meta property=\"og:description\" content=\"Meine Ausr\u00fcstung in der Tierfotografie. Ich fotografiere mit Fujifilm.\" \/>\n<meta property=\"og:url\" content=\"https:\/\/elkevogelsang.com\/de\/fujifilm-x-photographer\/\" \/>\n<meta property=\"og:site_name\" content=\"Tierfotografie von Elke Vogelsang, Hildesheim\" \/>\n<meta property=\"article:modified_time\" content=\"2023-09-30T17:08:49+00:00\" \/>\n<meta property=\"og:image\" content=\"https:\/\/elkevogelsang.com\/wp-content\/uploads\/2023\/09\/20210501_Scout_TheCaninePhotographer.jpg\" \/>\n<meta name=\"twitter:card\" content=\"summary_large_image\" \/>\n<meta name=\"twitter:label1\" content=\"Gesch\u00e4tzte Lesezeit\" \/>\n\t<meta name=\"twitter:data1\" content=\"1\u00a0Minute\" \/>\n<script type=\"application\/ld+json\" class=\"yoast-schema-graph\">{\"@context\":\"https:\\\/\\\/schema.org\",\"@graph\":[{\"@type\":\"WebPage\",\"@id\":\"https:\\\/\\\/elkevogelsang.com\\\/de\\\/fujifilm-x-photographer\\\/\",\"url\":\"https:\\\/\\\/elkevogelsang.com\\\/de\\\/fujifilm-x-photographer\\\/\",\"name\":\"Fujifilm X Photographer - Tierfotografie von Elke Vogelsang, Hildesheim\",\"isPartOf\":{\"@id\":\"https:\\\/\\\/elkevogelsang.com\\\/de\\\/#website\"},\"primaryImageOfPage\":{\"@id\":\"https:\\\/\\\/elkevogelsang.com\\\/de\\\/fujifilm-x-photographer\\\/#primaryimage\"},\"image\":{\"@id\":\"https:\\\/\\\/elkevogelsang.com\\\/de\\\/fujifilm-x-photographer\\\/#primaryimage\"},\"thumbnailUrl\":\"https:\\\/\\\/elkevogelsang.com\\\/wp-content\\\/uploads\\\/2023\\\/09\\\/20210501_Scout_TheCaninePhotographer.jpg\",\"datePublished\":\"2023-09-30T17:07:07+00:00\",\"dateModified\":\"2023-09-30T17:08:49+00:00\",\"description\":\"Meine Ausr\u00fcstung in der Tierfotografie. Ich fotografiere mit Fujifilm.\",\"breadcrumb\":{\"@id\":\"https:\\\/\\\/elkevogelsang.com\\\/de\\\/fujifilm-x-photographer\\\/#breadcrumb\"},\"inLanguage\":\"de\",\"potentialAction\":[{\"@type\":\"ReadAction\",\"target\":[\"https:\\\/\\\/elkevogelsang.com\\\/de\\\/fujifilm-x-photographer\\\/\"]}]},{\"@type\":\"ImageObject\",\"inLanguage\":\"de\",\"@id\":\"https:\\\/\\\/elkevogelsang.com\\\/de\\\/fujifilm-x-photographer\\\/#primaryimage\",\"url\":\"https:\\\/\\\/elkevogelsang.com\\\/wp-content\\\/uploads\\\/2023\\\/09\\\/20210501_Scout_TheCaninePhotographer.jpg\",\"contentUrl\":\"https:\\\/\\\/elkevogelsang.com\\\/wp-content\\\/uploads\\\/2023\\\/09\\\/20210501_Scout_TheCaninePhotographer.jpg\"},{\"@type\":\"BreadcrumbList\",\"@id\":\"https:\\\/\\\/elkevogelsang.com\\\/de\\\/fujifilm-x-photographer\\\/#breadcrumb\",\"itemListElement\":[{\"@type\":\"ListItem\",\"position\":1,\"name\":\"Startseite\",\"item\":\"https:\\\/\\\/elkevogelsang.com\\\/de\\\/\"},{\"@type\":\"ListItem\",\"position\":2,\"name\":\"Fujifilm X Photographer\"}]},{\"@type\":\"WebSite\",\"@id\":\"https:\\\/\\\/elkevogelsang.com\\\/de\\\/#website\",\"url\":\"https:\\\/\\\/elkevogelsang.com\\\/de\\\/\",\"name\":\"Tierfotografie von Elke Vogelsang, Hildesheim\",\"description\":\"Werbefotografin mit Spezialisierung auf Haustiere\",\"potentialAction\":[{\"@type\":\"SearchAction\",\"target\":{\"@type\":\"EntryPoint\",\"urlTemplate\":\"https:\\\/\\\/elkevogelsang.com\\\/de\\\/?s={search_term_string}\"},\"query-input\":{\"@type\":\"PropertyValueSpecification\",\"valueRequired\":true,\"valueName\":\"search_term_string\"}}],\"inLanguage\":\"de\"}]}<\/script>\n<!-- \/ Yoast SEO plugin. -->","yoast_head_json":{"title":"Fujifilm X Photographer - Tierfotografie von Elke Vogelsang, Hildesheim","description":"Meine Ausr\u00fcstung in der Tierfotografie. Ich fotografiere mit Fujifilm.","robots":{"index":"index","follow":"follow","max-snippet":"max-snippet:-1","max-image-preview":"max-image-preview:large","max-video-preview":"max-video-preview:-1"},"canonical":"https:\/\/elkevogelsang.com\/de\/fujifilm-x-photographer\/","og_locale":"de_DE","og_type":"article","og_title":"Fujifilm X Photographer - Tierfotografie von Elke Vogelsang, Hildesheim","og_description":"Meine Ausr\u00fcstung in der Tierfotografie. Ich fotografiere mit Fujifilm.","og_url":"https:\/\/elkevogelsang.com\/de\/fujifilm-x-photographer\/","og_site_name":"Tierfotografie von Elke Vogelsang, Hildesheim","article_modified_time":"2023-09-30T17:08:49+00:00","og_image":[{"url":"https:\/\/elkevogelsang.com\/wp-content\/uploads\/2023\/09\/20210501_Scout_TheCaninePhotographer.jpg","type":"","width":"","height":""}],"twitter_card":"summary_large_image","twitter_misc":{"Gesch\u00e4tzte Lesezeit":"1\u00a0Minute"},"schema":{"@context":"https:\/\/schema.org","@graph":[{"@type":"WebPage","@id":"https:\/\/elkevogelsang.com\/de\/fujifilm-x-photographer\/","url":"https:\/\/elkevogelsang.com\/de\/fujifilm-x-photographer\/","name":"Fujifilm X Photographer - Tierfotografie von Elke Vogelsang, Hildesheim","isPartOf":{"@id":"https:\/\/elkevogelsang.com\/de\/#website"},"primaryImageOfPage":{"@id":"https:\/\/elkevogelsang.com\/de\/fujifilm-x-photographer\/#primaryimage"},"image":{"@id":"https:\/\/elkevogelsang.com\/de\/fujifilm-x-photographer\/#primaryimage"},"thumbnailUrl":"https:\/\/elkevogelsang.com\/wp-content\/uploads\/2023\/09\/20210501_Scout_TheCaninePhotographer.jpg","datePublished":"2023-09-30T17:07:07+00:00","dateModified":"2023-09-30T17:08:49+00:00","description":"Meine Ausr\u00fcstung in der Tierfotografie. Ich fotografiere mit Fujifilm.","breadcrumb":{"@id":"https:\/\/elkevogelsang.com\/de\/fujifilm-x-photographer\/#breadcrumb"},"inLanguage":"de","potentialAction":[{"@type":"ReadAction","target":["https:\/\/elkevogelsang.com\/de\/fujifilm-x-photographer\/"]}]},{"@type":"ImageObject","inLanguage":"de","@id":"https:\/\/elkevogelsang.com\/de\/fujifilm-x-photographer\/#primaryimage","url":"https:\/\/elkevogelsang.com\/wp-content\/uploads\/2023\/09\/20210501_Scout_TheCaninePhotographer.jpg","contentUrl":"https:\/\/elkevogelsang.com\/wp-content\/uploads\/2023\/09\/20210501_Scout_TheCaninePhotographer.jpg"},{"@type":"BreadcrumbList","@id":"https:\/\/elkevogelsang.com\/de\/fujifilm-x-photographer\/#breadcrumb","itemListElement":[{"@type":"ListItem","position":1,"name":"Startseite","item":"https:\/\/elkevogelsang.com\/de\/"},{"@type":"ListItem","position":2,"name":"Fujifilm X Photographer"}]},{"@type":"WebSite","@id":"https:\/\/elkevogelsang.com\/de\/#website","url":"https:\/\/elkevogelsang.com\/de\/","name":"Tierfotografie von Elke Vogelsang, Hildesheim","description":"Werbefotografin mit Spezialisierung auf Haustiere","potentialAction":[{"@type":"SearchAction","target":{"@type":"EntryPoint","urlTemplate":"https:\/\/elkevogelsang.com\/de\/?s={search_term_string}"},"query-input":{"@type":"PropertyValueSpecification","valueRequired":true,"valueName":"search_term_string"}}],"inLanguage":"de"}]}},"_links":{"self":[{"href":"https:\/\/elkevogelsang.com\/de\/wp-json\/wp\/v2\/pages\/73614","targetHints":{"allow":["GET"]}}],"collection":[{"href":"https:\/\/elkevogelsang.com\/de\/wp-json\/wp\/v2\/pages"}],"about":[{"href":"https:\/\/elkevogelsang.com\/de\/wp-json\/wp\/v2\/types\/page"}],"author":[{"embeddable":true,"href":"https:\/\/elkevogelsang.com\/de\/wp-json\/wp\/v2\/users\/1"}],"replies":[{"embeddable":true,"href":"https:\/\/elkevogelsang.com\/de\/wp-json\/wp\/v2\/comments?post=73614"}],"version-history":[{"count":3,"href":"https:\/\/elkevogelsang.com\/de\/wp-json\/wp\/v2\/pages\/73614\/revisions"}],"predecessor-version":[{"id":73622,"href":"https:\/\/elkevogelsang.com\/de\/wp-json\/wp\/v2\/pages\/73614\/revisions\/73622"}],"wp:attachment":[{"href":"https:\/\/elkevogelsang.com\/de\/wp-json\/wp\/v2\/media?parent=73614"}],"curies":[{"name":"wp","href":"https:\/\/api.w.org\/{rel}","templated":true}]}}