{"id":73632,"date":"2023-10-01T00:56:20","date_gmt":"2023-09-30T22:56:20","guid":{"rendered":"https:\/\/elkevogelsang.com\/unsere-geschichte-2\/"},"modified":"2025-10-23T20:32:48","modified_gmt":"2025-10-23T18:32:48","slug":"unsere-geschichte-2","status":"publish","type":"page","link":"https:\/\/elkevogelsang.com\/de\/unsere-geschichte-2\/","title":{"rendered":"Unsere Geschichte"},"content":{"rendered":"\r\n<h2 class=\"wp-block-heading\">Vom Stra\u00dfenhund zum Lebensretter<\/h2>\r\n\r\n\r\n\r\n<p>Meine Bilder sind eine Liebeserkl\u00e4rung an Haustiere, insbesondere an drei spanische Hunde, die von der Stra\u00dfe gerettet wurden, um letztendlich uns zu retten.<\/p>\r\n\r\n\r\n\r\n<p>Meine Leidenschaft f\u00fcr die Fotografie begann, als mein Mann Carsten schwer erkrankte. Am zweiten Weihnachtstag 2009 fingen die Hunde (damals waren es nur Noodles und Scout) pl\u00f6tzlich an zu bellen, zu winseln und zu heulen. Ich fand Carsten bewusstlos in der Badewanne. Die Diagnose lautete: schwere Hirnblutung aufgrund eines gerissenen Aneurysmas.<\/p>\r\n\r\n\r\n\r\n<p>Die folgenden Tage, Wochen und sogar Monate waren gepr\u00e4gt von Ungewissheit und stundenlangem Warten im Krankenhaus.<\/p>\r\n\r\n\r\n\r\n<p>Nach mehreren Operationen und zwei Wochen im k\u00fcnstlichen Koma war Carsten nicht mehr in einem lebensbedrohlichen Zustand und man weckte ihn langsam wieder auf. Eine der ersten Fragen, die er beantworten konnte, war die nach den Namen unserer Hunde.<\/p>\r\n\r\n\r\n\r\n<h2 class=\"wp-block-heading\">Wochen der Unsicherheit<\/h2>\r\n\r\n\r\n\r\n<p>Um in diesen Wochen der Ungewissheit so weit wie m\u00f6glich die Normalit\u00e4t zu bewahren und ein kreatives Ventil f\u00fcr den nervenaufreibenden Druck zu haben, beschloss ich, ein &#8222;Ein Bild pro Tag&#8220; zu beginnen. Es diente zeitgleich als eine Art Tagebuch f\u00fcr meinen Mann, der keinerlei Kurzzeitged\u00e4chtnis besa\u00df zu dieser Zeit.<\/p>\r\n\r\n\r\n\r\n<h2 class=\"wp-block-heading\">Heilung<\/h2>\r\n\r\n\r\n\r\n<p>Ich bin froh, dass ich meine Familie, Freunde, unsere Hunde (die damals noch anh\u00e4nglicher waren als sonst) und die Fotografie hatte, um mich in dieser Zeit abzulenken. Ich kann mich noch genau an den Tag erinnern, an dem Carsten anfing, sich an Dinge zu erinnern. Er begr\u00fc\u00dfte mich mit den Worten: Ich glaube, was gestern passiert ist, war schlimmer, als ich dachte&#8220;. Dieses &#8218;gestern&#8216; war drei Monate her. Er erholte sich sogar besser als die positivsten Prognosen. Wir hatten Gl\u00fcck, und unser Gl\u00fcck bestand aus drei aufmerksamen Hunden, wunderbaren \u00c4rzten, die das Richtige taten, und der erstaunlichen Genesungskraft meines Mannes.<\/p>\r\n\r\n\r\n\r\n<h2 class=\"wp-block-heading\">Fotografie als heilende Besch\u00e4ftigung<\/h2>\r\n\r\n\r\n\r\n<p>Die Fotografie begleitete mich weiter, selbst als mein Mann nach Monaten wieder zu Hause und vollst\u00e4ndig genesen war. Mit mehreren anderen kranken Familienmitgliedern, um die wir uns k\u00fcmmern mussten, war der Stress weiterhin ein Teil unseres Lebens. Das Fotografieren war eine Art Besch\u00e4ftigungstherapie geworden. Ich glaubte nicht an mein Talent, ich fotografierte einfach st\u00e4ndig. Meine Bilder und F\u00e4higkeiten wurden besser. Da meine Motive haupts\u00e4chlich unsere Hunde waren, fragten mich immer mehr Leute, ob ich auch ihre Hunde fotografieren k\u00f6nnte.<\/p>\r\n\r\n\r\n\r\n<h2 class=\"wp-block-heading\">Ein neues Leben<\/h2>\r\n\r\n\r\n\r\n<p>Dramatische Ereignisse bringen einen dazu, \u00fcber das Leben nachzudenken. Mein Beruf als freiberufliche \u00dcbersetzerin war sicher und lief reibungslos, aber mir fehlte die Kreativit\u00e4t. Ich beschloss, mein Hobby zum Beruf zu machen. Heute arbeite ich erfolgreich und hauptberuflich als Fotografin. Das ist meine Geschichte zu &#8222;Gl\u00fcck im Ungl\u00fcck&#8220;.<\/p>\r\n\r\n\r\n\r\n<p>Meine Fotos und meine drei spanischen Tierschutzhunde haben internationale Bekanntheit erreicht, erschienen im Fernsehen, u. a. in der Good Morning America Show, und in Publikationen weltweit, darunter National Geographic, The Daily Telegraph, Die Zeit, La Repubblica. Meine Arbeiten sind auf den Titelseiten von Dutzenden von Magazinen zu sehen, darunter The Sunday Times Magazine und viele B\u00fccher. Ein wahr gewordener Traum.<\/p>\r\n\r\n\r\n\r\n<h2 class=\"wp-block-heading\">Tu was du liebst.<\/h2>\r\n\r\n\r\n\r\n<p>Als Werbe- und Magazinfotografin mit Spezialisierung auf Haustiere ist die Fotografie heute mein Vollzeitjob. Es bleibt mein t\u00e4gliches kreatives Ventil und, neben den Hunden, meine Lieblingsbesch\u00e4ftigung. So ganz kann ich das immer noch nicht glauben.<\/p>\r\n\r\n\r\n\r\n<h2 class=\"wp-block-heading\">Hunde sind Familienmitglieder<\/h2>\r\n\r\n\r\n\r\n<p>Hunde sind meine Freude, meine Erholung, meine Laune-Booster. Sie sind Musen, Freunde und Familienmitglieder. Meine drei waren aus dem spanischen Tierschutz. Dort wurden sie auf der Stra\u00dfe gefunden und aus T\u00f6tungsstationen gerettet, um dann letztendlich hier in Deutschland Leben zu retten. Was f\u00fcr eine Laufbahn.<\/p>\r\n\r\n\r\n\r\n<h2 class=\"wp-block-heading\">Tierschutz<\/h2>\r\n\r\n\r\n\r\n<p>Es gibt immer noch einige Klischees und falsche Vorstellungen \u00fcber Tierschutzhunde. Wenn man von Tierheimhunden spricht, gehen viele davon aus, dass mit dem Hund etwas nicht in Ordnung sein muss, dass er in einem Tierheim landet. Aber Tiere werden aus einer Vielzahl von Gr\u00fcnden ausgesetzt, z. B. weil der Besitzer gestorben ist; weil sie aus einem ungewollten Wurf stammen; weil es von jemandem erworben wurde, der keine Ahnung von der Verantwortung hatte, die damit einhergeht; weil die Besitzer umziehen mussten und keine Haustiere mitnehmen durften; weil die Hunde als Nutztiere eingesetzt wurden und aufgrund von Verletzungen oder des Alters nicht mehr in der Lage waren, die erwarteten Leistungen zu erbringen usw.<\/p>\r\n\r\n\r\n\r\n<p>Selbst misshandelte Hunde haben in der Regel eine bemerkenswerte F\u00e4higkeit, sich zu erholen. Mit Geduld und Liebe sind sie oft in der Lage, dem Menschen wieder zu vertrauen. Gut gef\u00fchrte Tierheime geben interessierten Menschen die M\u00f6glichkeit, das potenzielle neue Familienmitglied kennen zu lernen und zu besprechen, ob das Tier f\u00fcr die vorgesehene Umgebung und Situation geeignet ist. In Tierheimen gibt es liebenswerte Hunde vieler Rassen, die ein Zuhause suchen, sogar Welpen und reinrassige Tiere. Ich bin sicher, dass auch du dein n\u00e4chstes tierisches Familienmitglied im Tierschutz finden kannst. Ich habe es auf jeden Fall getan.<\/p>\r\n\r\n\r\n\r\n<h2 class=\"wp-block-heading\">Meine Lieblingsrasse? Der Tierschutzhund.<\/h2>\r\n\r\n\r\n\r\n<p>Von links nach rechts: Ioli, Noodles und Scout:<\/p>\r\n\r\n\r\n\r\n\r\n\r\n<p><a class=\"dt-pswp-item\" href=\"https:\/\/elkevogelsang.com\/wp-content\/uploads\/2023\/09\/Three-Spanish-mutts.jpg\" data-dt-img-description=\"\" data-large_image_width=\"2000\" data-large_image_height=\"1125\"><img loading=\"lazy\" decoding=\"async\" class=\"aligncenter size-full wp-image-73575\" src=\"https:\/\/elkevogelsang.com\/wp-content\/uploads\/2023\/09\/Three-Spanish-mutts.jpg\" alt=\"\" width=\"2000\" height=\"1125\" srcset=\"https:\/\/elkevogelsang.com\/wp-content\/uploads\/2023\/09\/Three-Spanish-mutts.jpg 2000w, https:\/\/elkevogelsang.com\/wp-content\/uploads\/2023\/09\/Three-Spanish-mutts-800x450.jpg 800w, https:\/\/elkevogelsang.com\/wp-content\/uploads\/2023\/09\/Three-Spanish-mutts-1170x658.jpg 1170w, https:\/\/elkevogelsang.com\/wp-content\/uploads\/2023\/09\/Three-Spanish-mutts-768x432.jpg 768w, https:\/\/elkevogelsang.com\/wp-content\/uploads\/2023\/09\/Three-Spanish-mutts-1536x864.jpg 1536w\" sizes=\"auto, (max-width: 2000px) 100vw, 2000px\" \/><\/a><\/p>\r\n<h2>Abschiede<\/h2>\r\n<p><a class=\"dt-pswp-item\" href=\"https:\/\/elkevogelsang.com\/wp-content\/uploads\/2023\/09\/Three-Spanish-mutts.jpg\" data-dt-img-description=\"\" data-large_image_width=\"2000\" data-large_image_height=\"1125\">\r\n\r\n<\/a><\/p>\r\n<p>Wir hatten das gro\u00dfe Gl\u00fcck, unsere drei spanischen Helden so lange zu haben, wie es mit einem Hund m\u00f6glich ist, auch wenn die Zeit nie lang genug ist. Im Jahr 2021 mussten wir uns von Noodles verabschieden und im Jahr 2024 von Ioli und Scout. Worte k\u00f6nnten niemals die Dankbarkeit ausdr\u00fccken, die wir f\u00fcr sie empfinden. Ich hoffe, dass ich meine Bewunderung f\u00fcr sie in den vielen, vielen Bildern zeigen kann, die ich f\u00fcr immer in Ehren halten werde.<\/p>\r\n<h2>Neue Anf\u00e4nge<\/h2>\r\n<p><a class=\"dt-pswp-item\" href=\"https:\/\/elkevogelsang.com\/wp-content\/uploads\/2023\/09\/Three-Spanish-mutts.jpg\" data-dt-img-description=\"\" data-large_image_width=\"2000\" data-large_image_height=\"1125\">\r\n\r\n<\/a><\/p>\r\n<p>Seit April 2025 ist ein frecher, lebhafter, wundersch\u00f6ner, lustiger, zutraulicher Galgo Espa\u00f1ol unser neues Familienmitglied. Sein Name ist Alfonso, auch Fonsito, Fonso, der Gro\u00dfe Fonsor, genannt. Er hat unsere Herzen im Sturm erobert.<\/p>\r\n<p>Es ist unglaublich, wie viel Spa\u00df, Freude, Gl\u00fcck, Bewegung und Gesundheit ein Hund einem geben kann.<br \/>Alfonso hatte nicht den besten Start ins Leben, da er von einem J\u00e4ger in Andalusien, Spanien, ausrangiert wurde. Wie viele seiner Rasse (Galgo Espa\u00f1ol) wurde er f\u00fcr die Jagd gez\u00fcchtet. Wenn sie nicht brauchbar sind, werden sie im Tierheim abgegeben, ausgesetzt (oder schlimmer). Alfonso wurde von den wunderbaren Menschen von Ad\u00f3ptalo Madrid gerettet und hatte gro\u00dfes Gl\u00fcck, in eine liebevolle Pflegestelle zu kommen. Mir wurde gesagt, dass er auch dort bereits frech und selbstbewusst ist.<br \/>Er ist ein Sonnenstrahl und unsere t\u00e4gliche Energiequelle. Er ist alles, was ich mir jemals gew\u00fcnscht habe und noch mehr. Er ist frech wie Bolle und er bringt uns jeden Tag zum Lachen, auch wenn es nat\u00fcrlich manchmal auch nervenaufreibend sein kann. Er ist super verschmust und liebt den Umgang mit Menschen und Hunden gleicherma\u00dfen. Seine Energie ist ansteckend, aber er kann auch sehr faul sein, vor allem morgens, was uns sehr gelegen kommt, da wir auch gerne mal ausschlafen.\u00a0<br \/>Wei\u00df er eigentlich, wie viel Freude er uns bereitet? Und sind wir auch nur im Entferntesten in der Lage, ihm im Gegenzug genauso viel Freude zu bereiten? Wir versuchen es.<\/p>\r\n<p><a class=\"dt-pswp-item\" href=\"https:\/\/elkevogelsang.com\/wp-content\/uploads\/2025\/06\/20250501_Alfonso_LittleDevil.jpg\" data-dt-img-description=\"\" data-large_image_width=\"1067\" data-large_image_height=\"1600\"><img loading=\"lazy\" decoding=\"async\" class=\"aligncenter size-full wp-image-74986\" src=\"https:\/\/elkevogelsang.com\/wp-content\/uploads\/2025\/06\/20250501_Alfonso_LittleDevil.jpg\" alt=\"a galgo espa\u00f1ol puppy\" width=\"1067\" height=\"1600\" srcset=\"https:\/\/elkevogelsang.com\/wp-content\/uploads\/2025\/06\/20250501_Alfonso_LittleDevil.jpg 1067w, https:\/\/elkevogelsang.com\/wp-content\/uploads\/2025\/06\/20250501_Alfonso_LittleDevil-534x800.jpg 534w, https:\/\/elkevogelsang.com\/wp-content\/uploads\/2025\/06\/20250501_Alfonso_LittleDevil-780x1170.jpg 780w, https:\/\/elkevogelsang.com\/wp-content\/uploads\/2025\/06\/20250501_Alfonso_LittleDevil-768x1152.jpg 768w, https:\/\/elkevogelsang.com\/wp-content\/uploads\/2025\/06\/20250501_Alfonso_LittleDevil-1024x1536.jpg 1024w\" sizes=\"auto, (max-width: 1067px) 100vw, 1067px\" \/><\/a><\/p>\r\n","protected":false},"excerpt":{"rendered":"<p>Vom Stra\u00dfenhund zum Lebensretter Meine Bilder sind eine Liebeserkl\u00e4rung an Haustiere, insbesondere an drei spanische Hunde, die von der Stra\u00dfe gerettet wurden, um letztendlich uns zu retten. Meine Leidenschaft f\u00fcr die Fotografie begann, als mein Mann Carsten schwer erkrankte. Am zweiten Weihnachtstag 2009 fingen die Hunde (damals waren es nur Noodles und Scout) pl\u00f6tzlich an&hellip;<\/p>\n","protected":false},"author":1,"featured_media":0,"parent":0,"menu_order":0,"comment_status":"closed","ping_status":"closed","template":"","meta":{"footnotes":""},"class_list":["post-73632","page","type-page","status-publish","hentry","description-off"],"yoast_head":"<!-- This site is optimized with the Yoast SEO plugin v26.2 - https:\/\/yoast.com\/wordpress\/plugins\/seo\/ -->\n<title>Vom Stra\u00dfenhund zum Lebensretter<\/title>\n<meta name=\"description\" content=\"Meine Bilder sind eine Liebeserkl\u00e4rung an Haustiere, insbesondere an drei spanische Hunde, die von der Stra\u00dfe gerettet wurden, um letztendlich uns zu retten.\" \/>\n<meta name=\"robots\" content=\"index, follow, max-snippet:-1, max-image-preview:large, max-video-preview:-1\" \/>\n<link rel=\"canonical\" href=\"https:\/\/elkevogelsang.com\/de\/unsere-geschichte-2\/\" \/>\n<meta property=\"og:locale\" content=\"de_DE\" \/>\n<meta property=\"og:type\" content=\"article\" \/>\n<meta property=\"og:title\" content=\"Vom Stra\u00dfenhund zum Lebensretter\" \/>\n<meta property=\"og:description\" content=\"Meine Bilder sind eine Liebeserkl\u00e4rung an Haustiere, insbesondere an drei spanische Hunde, die von der Stra\u00dfe gerettet wurden, um letztendlich uns zu retten.\" \/>\n<meta property=\"og:url\" content=\"https:\/\/elkevogelsang.com\/de\/unsere-geschichte-2\/\" \/>\n<meta property=\"og:site_name\" content=\"Tierfotografie von Elke Vogelsang, Hildesheim\" \/>\n<meta property=\"article:modified_time\" content=\"2025-10-23T18:32:48+00:00\" \/>\n<meta property=\"og:image\" content=\"https:\/\/elkevogelsang.com\/wp-content\/uploads\/2023\/09\/Three-Spanish-mutts.jpg\" \/>\n\t<meta property=\"og:image:width\" content=\"2000\" \/>\n\t<meta property=\"og:image:height\" content=\"1125\" \/>\n\t<meta property=\"og:image:type\" content=\"image\/jpeg\" \/>\n<meta name=\"twitter:card\" content=\"summary_large_image\" \/>\n<meta name=\"twitter:label1\" content=\"Gesch\u00e4tzte Lesezeit\" \/>\n\t<meta name=\"twitter:data1\" content=\"6\u00a0Minuten\" \/>\n<script type=\"application\/ld+json\" class=\"yoast-schema-graph\">{\"@context\":\"https:\/\/schema.org\",\"@graph\":[{\"@type\":\"WebPage\",\"@id\":\"https:\/\/elkevogelsang.com\/de\/unsere-geschichte-2\/\",\"url\":\"https:\/\/elkevogelsang.com\/de\/unsere-geschichte-2\/\",\"name\":\"Vom Stra\u00dfenhund zum Lebensretter\",\"isPartOf\":{\"@id\":\"https:\/\/elkevogelsang.com\/de\/#website\"},\"primaryImageOfPage\":{\"@id\":\"https:\/\/elkevogelsang.com\/de\/unsere-geschichte-2\/#primaryimage\"},\"image\":{\"@id\":\"https:\/\/elkevogelsang.com\/de\/unsere-geschichte-2\/#primaryimage\"},\"thumbnailUrl\":\"https:\/\/elkevogelsang.com\/wp-content\/uploads\/2023\/09\/Three-Spanish-mutts.jpg\",\"datePublished\":\"2023-09-30T22:56:20+00:00\",\"dateModified\":\"2025-10-23T18:32:48+00:00\",\"description\":\"Meine Bilder sind eine Liebeserkl\u00e4rung an Haustiere, insbesondere an drei spanische Hunde, die von der Stra\u00dfe gerettet wurden, um letztendlich uns zu retten.\",\"breadcrumb\":{\"@id\":\"https:\/\/elkevogelsang.com\/de\/unsere-geschichte-2\/#breadcrumb\"},\"inLanguage\":\"de\",\"potentialAction\":[{\"@type\":\"ReadAction\",\"target\":[\"https:\/\/elkevogelsang.com\/de\/unsere-geschichte-2\/\"]}]},{\"@type\":\"ImageObject\",\"inLanguage\":\"de\",\"@id\":\"https:\/\/elkevogelsang.com\/de\/unsere-geschichte-2\/#primaryimage\",\"url\":\"https:\/\/elkevogelsang.com\/wp-content\/uploads\/2023\/09\/Three-Spanish-mutts.jpg\",\"contentUrl\":\"https:\/\/elkevogelsang.com\/wp-content\/uploads\/2023\/09\/Three-Spanish-mutts.jpg\"},{\"@type\":\"BreadcrumbList\",\"@id\":\"https:\/\/elkevogelsang.com\/de\/unsere-geschichte-2\/#breadcrumb\",\"itemListElement\":[{\"@type\":\"ListItem\",\"position\":1,\"name\":\"Startseite\",\"item\":\"https:\/\/elkevogelsang.com\/de\/\"},{\"@type\":\"ListItem\",\"position\":2,\"name\":\"Unsere Geschichte\"}]},{\"@type\":\"WebSite\",\"@id\":\"https:\/\/elkevogelsang.com\/de\/#website\",\"url\":\"https:\/\/elkevogelsang.com\/de\/\",\"name\":\"Tierfotografie von Elke Vogelsang, Hildesheim\",\"description\":\"Werbefotografin mit Spezialisierung auf Haustiere\",\"potentialAction\":[{\"@type\":\"SearchAction\",\"target\":{\"@type\":\"EntryPoint\",\"urlTemplate\":\"https:\/\/elkevogelsang.com\/de\/?s={search_term_string}\"},\"query-input\":{\"@type\":\"PropertyValueSpecification\",\"valueRequired\":true,\"valueName\":\"search_term_string\"}}],\"inLanguage\":\"de\"}]}<\/script>\n<!-- \/ Yoast SEO plugin. -->","yoast_head_json":{"title":"Vom Stra\u00dfenhund zum Lebensretter","description":"Meine Bilder sind eine Liebeserkl\u00e4rung an Haustiere, insbesondere an drei spanische Hunde, die von der Stra\u00dfe gerettet wurden, um letztendlich uns zu retten.","robots":{"index":"index","follow":"follow","max-snippet":"max-snippet:-1","max-image-preview":"max-image-preview:large","max-video-preview":"max-video-preview:-1"},"canonical":"https:\/\/elkevogelsang.com\/de\/unsere-geschichte-2\/","og_locale":"de_DE","og_type":"article","og_title":"Vom Stra\u00dfenhund zum Lebensretter","og_description":"Meine Bilder sind eine Liebeserkl\u00e4rung an Haustiere, insbesondere an drei spanische Hunde, die von der Stra\u00dfe gerettet wurden, um letztendlich uns zu retten.","og_url":"https:\/\/elkevogelsang.com\/de\/unsere-geschichte-2\/","og_site_name":"Tierfotografie von Elke Vogelsang, Hildesheim","article_modified_time":"2025-10-23T18:32:48+00:00","og_image":[{"width":2000,"height":1125,"url":"https:\/\/elkevogelsang.com\/wp-content\/uploads\/2023\/09\/Three-Spanish-mutts.jpg","type":"image\/jpeg"}],"twitter_card":"summary_large_image","twitter_misc":{"Gesch\u00e4tzte Lesezeit":"6\u00a0Minuten"},"schema":{"@context":"https:\/\/schema.org","@graph":[{"@type":"WebPage","@id":"https:\/\/elkevogelsang.com\/de\/unsere-geschichte-2\/","url":"https:\/\/elkevogelsang.com\/de\/unsere-geschichte-2\/","name":"Vom Stra\u00dfenhund zum Lebensretter","isPartOf":{"@id":"https:\/\/elkevogelsang.com\/de\/#website"},"primaryImageOfPage":{"@id":"https:\/\/elkevogelsang.com\/de\/unsere-geschichte-2\/#primaryimage"},"image":{"@id":"https:\/\/elkevogelsang.com\/de\/unsere-geschichte-2\/#primaryimage"},"thumbnailUrl":"https:\/\/elkevogelsang.com\/wp-content\/uploads\/2023\/09\/Three-Spanish-mutts.jpg","datePublished":"2023-09-30T22:56:20+00:00","dateModified":"2025-10-23T18:32:48+00:00","description":"Meine Bilder sind eine Liebeserkl\u00e4rung an Haustiere, insbesondere an drei spanische Hunde, die von der Stra\u00dfe gerettet wurden, um letztendlich uns zu retten.","breadcrumb":{"@id":"https:\/\/elkevogelsang.com\/de\/unsere-geschichte-2\/#breadcrumb"},"inLanguage":"de","potentialAction":[{"@type":"ReadAction","target":["https:\/\/elkevogelsang.com\/de\/unsere-geschichte-2\/"]}]},{"@type":"ImageObject","inLanguage":"de","@id":"https:\/\/elkevogelsang.com\/de\/unsere-geschichte-2\/#primaryimage","url":"https:\/\/elkevogelsang.com\/wp-content\/uploads\/2023\/09\/Three-Spanish-mutts.jpg","contentUrl":"https:\/\/elkevogelsang.com\/wp-content\/uploads\/2023\/09\/Three-Spanish-mutts.jpg"},{"@type":"BreadcrumbList","@id":"https:\/\/elkevogelsang.com\/de\/unsere-geschichte-2\/#breadcrumb","itemListElement":[{"@type":"ListItem","position":1,"name":"Startseite","item":"https:\/\/elkevogelsang.com\/de\/"},{"@type":"ListItem","position":2,"name":"Unsere Geschichte"}]},{"@type":"WebSite","@id":"https:\/\/elkevogelsang.com\/de\/#website","url":"https:\/\/elkevogelsang.com\/de\/","name":"Tierfotografie von Elke Vogelsang, Hildesheim","description":"Werbefotografin mit Spezialisierung auf Haustiere","potentialAction":[{"@type":"SearchAction","target":{"@type":"EntryPoint","urlTemplate":"https:\/\/elkevogelsang.com\/de\/?s={search_term_string}"},"query-input":{"@type":"PropertyValueSpecification","valueRequired":true,"valueName":"search_term_string"}}],"inLanguage":"de"}]}},"_links":{"self":[{"href":"https:\/\/elkevogelsang.com\/de\/wp-json\/wp\/v2\/pages\/73632","targetHints":{"allow":["GET"]}}],"collection":[{"href":"https:\/\/elkevogelsang.com\/de\/wp-json\/wp\/v2\/pages"}],"about":[{"href":"https:\/\/elkevogelsang.com\/de\/wp-json\/wp\/v2\/types\/page"}],"author":[{"embeddable":true,"href":"https:\/\/elkevogelsang.com\/de\/wp-json\/wp\/v2\/users\/1"}],"replies":[{"embeddable":true,"href":"https:\/\/elkevogelsang.com\/de\/wp-json\/wp\/v2\/comments?post=73632"}],"version-history":[{"count":12,"href":"https:\/\/elkevogelsang.com\/de\/wp-json\/wp\/v2\/pages\/73632\/revisions"}],"predecessor-version":[{"id":74998,"href":"https:\/\/elkevogelsang.com\/de\/wp-json\/wp\/v2\/pages\/73632\/revisions\/74998"}],"wp:attachment":[{"href":"https:\/\/elkevogelsang.com\/de\/wp-json\/wp\/v2\/media?parent=73632"}],"curies":[{"name":"wp","href":"https:\/\/api.w.org\/{rel}","templated":true}]}}