{"id":73787,"date":"2023-10-17T14:52:54","date_gmt":"2023-10-17T12:52:54","guid":{"rendered":"https:\/\/elkevogelsang.com\/?page_id=73787"},"modified":"2025-05-27T14:27:39","modified_gmt":"2025-05-27T12:27:39","slug":"shooting","status":"publish","type":"page","link":"https:\/\/elkevogelsang.com\/de\/shooting\/","title":{"rendered":"Shooting buchen"},"content":{"rendered":"<p>Nach langer Zeit biete ich wieder private Buchungen an, wenn es in den Terminkalender passt.<\/p>\n<p>Ein Shooting mit Freigabe* f\u00fcr mein Verkaufsarchiv kostet: <strong>350 Euro<\/strong>.<\/p>\n<p>Ein Shooting kann im Studio oder im Freien stattfinden und dauert etwa 60-90 Minuten. Wir schauen in Ruhe, mit Spa\u00df und viel Belohnung, was dein Tier so mitmacht und wie lange.<span class=\"apple-converted-space\">\u00a0<\/span><\/p>\n<p>Man erh\u00e4lt:<\/p>\n<ul>\n<li>10 Bilder als weboptimierte Dateien (Gr\u00f6\u00dfe ca. 1600 Pixel l\u00e4ngste Seite)<\/li>\n<li>diese 10 Bilder als Abz\u00fcge in ca. 21x15cm (falls gew\u00fcnscht, mache ich gr\u00f6\u00dfere Abz\u00fcge zum Einkaufspreis plus Versand\/Steuer)<\/li>\n<\/ul>\n<p>Zwei Hunde sind im Preis inbegriffen. Jeder weitere Hund kostet 50 Euro mehr. Man kann sich das Shooting auch gerne zu zweit teilen. Voraussetzung ist, dass es nicht mehr als vier Hunde und zwei Besitzerparteien sind. Sonst wird es einfach zu voll, zu aufregend f\u00fcr die Tiere und man kann sich nicht mehr auf das einzelne Tier konzentrieren.<\/p>\n<p>Dein Hund muss \u00fcbrigens kein super gehorsames \u00dcbermodel sein. Ich liebe die unb\u00e4ndigen, energiegeladenen, frechen genauso wie die gem\u00fctlichen, gesetzten, coolen oder auch sch\u00fcchternen. Egal ob Rassetier oder gerne (!) auch Mischlinge, Welpe oder Senior. Sollte ein Tier gar nicht mitmachen (was fast nie passiert, aber nat\u00fcrlich passieren kann), muss auch nicht bezahlt werden.<\/p>\n<p>*Freigabe f\u00fcr Bildarchiv bedeutet, dass ich die entstandenen Bilder vom Tier (nicht von Menschen) frei an Werbung und Magazine, etc. verkaufen darf. Vielleicht erscheint dein Tier dann auf einem Cover eines Magazins oder in einer Werbung.<\/p>\n<p>Einige der vielen Cover-Stars, die gewieselblitz wurden:<\/p>\n<p>&nbsp;<\/p>\n<p><a class=\"dt-pswp-item\" href=\"https:\/\/elkevogelsang.com\/wp-content\/uploads\/2023\/09\/Wieselblitz-stars-Bruno.jpg\" data-dt-img-description=\"\" data-large_image_width=\"960\" data-large_image_height=\"1200\"><img loading=\"lazy\" decoding=\"async\" class=\"aligncenter size-full wp-image-73594\" src=\"https:\/\/elkevogelsang.com\/wp-content\/uploads\/2023\/09\/Wieselblitz-stars-Bruno.jpg\" alt=\"\" width=\"960\" height=\"1200\" srcset=\"https:\/\/elkevogelsang.com\/wp-content\/uploads\/2023\/09\/Wieselblitz-stars-Bruno.jpg 960w, https:\/\/elkevogelsang.com\/wp-content\/uploads\/2023\/09\/Wieselblitz-stars-Bruno-640x800.jpg 640w, https:\/\/elkevogelsang.com\/wp-content\/uploads\/2023\/09\/Wieselblitz-stars-Bruno-936x1170.jpg 936w, https:\/\/elkevogelsang.com\/wp-content\/uploads\/2023\/09\/Wieselblitz-stars-Bruno-768x960.jpg 768w\" sizes=\"auto, (max-width: 960px) 100vw, 960px\" \/><\/a><\/p>\n<p><a class=\"dt-pswp-item\" href=\"https:\/\/elkevogelsang.com\/wp-content\/uploads\/2024\/02\/Hundefotografie-in-der-Natur.jpg\" data-dt-img-description=\"\" data-large_image_width=\"1600\" data-large_image_height=\"1118\"><img loading=\"lazy\" decoding=\"async\" class=\"aligncenter size-full wp-image-74343\" src=\"https:\/\/elkevogelsang.com\/wp-content\/uploads\/2024\/02\/Hundefotografie-in-der-Natur.jpg\" alt=\"\" width=\"1600\" height=\"1118\" srcset=\"https:\/\/elkevogelsang.com\/wp-content\/uploads\/2024\/02\/Hundefotografie-in-der-Natur.jpg 1600w, https:\/\/elkevogelsang.com\/wp-content\/uploads\/2024\/02\/Hundefotografie-in-der-Natur-800x559.jpg 800w, https:\/\/elkevogelsang.com\/wp-content\/uploads\/2024\/02\/Hundefotografie-in-der-Natur-1170x818.jpg 1170w, https:\/\/elkevogelsang.com\/wp-content\/uploads\/2024\/02\/Hundefotografie-in-der-Natur-768x537.jpg 768w, https:\/\/elkevogelsang.com\/wp-content\/uploads\/2024\/02\/Hundefotografie-in-der-Natur-1536x1073.jpg 1536w\" sizes=\"auto, (max-width: 1600px) 100vw, 1600px\" \/><\/a><a class=\"dt-pswp-item\" href=\"https:\/\/elkevogelsang.com\/wp-content\/uploads\/2023\/09\/Wieselblitz-stars-Humboldt.jpg\" data-dt-img-description=\"\" data-large_image_width=\"960\" data-large_image_height=\"1200\"><img loading=\"lazy\" decoding=\"async\" class=\"aligncenter size-full wp-image-73598\" src=\"https:\/\/elkevogelsang.com\/wp-content\/uploads\/2023\/09\/Wieselblitz-stars-Humboldt.jpg\" alt=\"\" width=\"960\" height=\"1200\" srcset=\"https:\/\/elkevogelsang.com\/wp-content\/uploads\/2023\/09\/Wieselblitz-stars-Humboldt.jpg 960w, https:\/\/elkevogelsang.com\/wp-content\/uploads\/2023\/09\/Wieselblitz-stars-Humboldt-640x800.jpg 640w, https:\/\/elkevogelsang.com\/wp-content\/uploads\/2023\/09\/Wieselblitz-stars-Humboldt-936x1170.jpg 936w, https:\/\/elkevogelsang.com\/wp-content\/uploads\/2023\/09\/Wieselblitz-stars-Humboldt-768x960.jpg 768w\" sizes=\"auto, (max-width: 960px) 100vw, 960px\" \/><\/a><a class=\"dt-pswp-item\" href=\"https:\/\/elkevogelsang.com\/wp-content\/uploads\/2023\/09\/Wieselblitz-stars-Mac-the-Greytest.jpg\" data-dt-img-description=\"\" data-large_image_width=\"960\" data-large_image_height=\"1200\"><img loading=\"lazy\" decoding=\"async\" class=\"aligncenter size-full wp-image-73602\" src=\"https:\/\/elkevogelsang.com\/wp-content\/uploads\/2023\/09\/Wieselblitz-stars-Mac-the-Greytest.jpg\" alt=\"\" width=\"960\" height=\"1200\" srcset=\"https:\/\/elkevogelsang.com\/wp-content\/uploads\/2023\/09\/Wieselblitz-stars-Mac-the-Greytest.jpg 960w, https:\/\/elkevogelsang.com\/wp-content\/uploads\/2023\/09\/Wieselblitz-stars-Mac-the-Greytest-640x800.jpg 640w, https:\/\/elkevogelsang.com\/wp-content\/uploads\/2023\/09\/Wieselblitz-stars-Mac-the-Greytest-936x1170.jpg 936w, https:\/\/elkevogelsang.com\/wp-content\/uploads\/2023\/09\/Wieselblitz-stars-Mac-the-Greytest-768x960.jpg 768w\" sizes=\"auto, (max-width: 960px) 100vw, 960px\" \/><\/a><\/p>\n","protected":false},"excerpt":{"rendered":"<p>Nach langer Zeit biete ich wieder private Buchungen an, wenn es in den Terminkalender passt. Ein Shooting mit Freigabe* f\u00fcr mein Verkaufsarchiv kostet: 350 Euro. Ein Shooting kann im Studio oder im Freien stattfinden und dauert etwa 60-90 Minuten. Wir schauen in Ruhe, mit Spa\u00df und viel Belohnung, was dein Tier so mitmacht und wie&hellip;<\/p>\n","protected":false},"author":1,"featured_media":0,"parent":0,"menu_order":0,"comment_status":"closed","ping_status":"closed","template":"","meta":{"footnotes":""},"class_list":["post-73787","page","type-page","status-publish","hentry","description-off"],"yoast_head":"<!-- This site is optimized with the Yoast SEO plugin v27.4 - https:\/\/yoast.com\/product\/yoast-seo-wordpress\/ -->\n<title>Shooting buchen - Tierfotografie von Elke Vogelsang, Hildesheim<\/title>\n<meta name=\"robots\" content=\"index, follow, max-snippet:-1, max-image-preview:large, max-video-preview:-1\" \/>\n<link rel=\"canonical\" href=\"https:\/\/elkevogelsang.com\/de\/shooting\/\" \/>\n<meta property=\"og:locale\" content=\"de_DE\" \/>\n<meta property=\"og:type\" content=\"article\" \/>\n<meta property=\"og:title\" content=\"Shooting buchen - Tierfotografie von Elke Vogelsang, Hildesheim\" \/>\n<meta property=\"og:description\" content=\"Nach langer Zeit biete ich wieder private Buchungen an, wenn es in den Terminkalender passt. Ein Shooting mit Freigabe* f\u00fcr mein Verkaufsarchiv kostet: 350 Euro. Ein Shooting kann im Studio oder im Freien stattfinden und dauert etwa 60-90 Minuten. Wir schauen in Ruhe, mit Spa\u00df und viel Belohnung, was dein Tier so mitmacht und wie&hellip;\" \/>\n<meta property=\"og:url\" content=\"https:\/\/elkevogelsang.com\/de\/shooting\/\" \/>\n<meta property=\"og:site_name\" content=\"Tierfotografie von Elke Vogelsang, Hildesheim\" \/>\n<meta property=\"article:modified_time\" content=\"2025-05-27T12:27:39+00:00\" \/>\n<meta property=\"og:image\" content=\"https:\/\/elkevogelsang.com\/wp-content\/uploads\/2023\/09\/Wieselblitz-stars-Bruno.jpg\" \/>\n\t<meta property=\"og:image:width\" content=\"960\" \/>\n\t<meta property=\"og:image:height\" content=\"1200\" \/>\n\t<meta property=\"og:image:type\" content=\"image\/jpeg\" \/>\n<meta name=\"twitter:card\" content=\"summary_large_image\" \/>\n<meta name=\"twitter:label1\" content=\"Gesch\u00e4tzte Lesezeit\" \/>\n\t<meta name=\"twitter:data1\" content=\"1\u00a0Minute\" \/>\n<script type=\"application\/ld+json\" class=\"yoast-schema-graph\">{\"@context\":\"https:\\\/\\\/schema.org\",\"@graph\":[{\"@type\":\"WebPage\",\"@id\":\"https:\\\/\\\/elkevogelsang.com\\\/de\\\/shooting\\\/\",\"url\":\"https:\\\/\\\/elkevogelsang.com\\\/de\\\/shooting\\\/\",\"name\":\"Shooting buchen - Tierfotografie von Elke Vogelsang, Hildesheim\",\"isPartOf\":{\"@id\":\"https:\\\/\\\/elkevogelsang.com\\\/de\\\/#website\"},\"primaryImageOfPage\":{\"@id\":\"https:\\\/\\\/elkevogelsang.com\\\/de\\\/shooting\\\/#primaryimage\"},\"image\":{\"@id\":\"https:\\\/\\\/elkevogelsang.com\\\/de\\\/shooting\\\/#primaryimage\"},\"thumbnailUrl\":\"https:\\\/\\\/elkevogelsang.com\\\/wp-content\\\/uploads\\\/2023\\\/09\\\/Wieselblitz-stars-Bruno.jpg\",\"datePublished\":\"2023-10-17T12:52:54+00:00\",\"dateModified\":\"2025-05-27T12:27:39+00:00\",\"breadcrumb\":{\"@id\":\"https:\\\/\\\/elkevogelsang.com\\\/de\\\/shooting\\\/#breadcrumb\"},\"inLanguage\":\"de\",\"potentialAction\":[{\"@type\":\"ReadAction\",\"target\":[\"https:\\\/\\\/elkevogelsang.com\\\/de\\\/shooting\\\/\"]}]},{\"@type\":\"ImageObject\",\"inLanguage\":\"de\",\"@id\":\"https:\\\/\\\/elkevogelsang.com\\\/de\\\/shooting\\\/#primaryimage\",\"url\":\"https:\\\/\\\/elkevogelsang.com\\\/wp-content\\\/uploads\\\/2023\\\/09\\\/Wieselblitz-stars-Bruno.jpg\",\"contentUrl\":\"https:\\\/\\\/elkevogelsang.com\\\/wp-content\\\/uploads\\\/2023\\\/09\\\/Wieselblitz-stars-Bruno.jpg\"},{\"@type\":\"BreadcrumbList\",\"@id\":\"https:\\\/\\\/elkevogelsang.com\\\/de\\\/shooting\\\/#breadcrumb\",\"itemListElement\":[{\"@type\":\"ListItem\",\"position\":1,\"name\":\"Startseite\",\"item\":\"https:\\\/\\\/elkevogelsang.com\\\/de\\\/\"},{\"@type\":\"ListItem\",\"position\":2,\"name\":\"Shooting buchen\"}]},{\"@type\":\"WebSite\",\"@id\":\"https:\\\/\\\/elkevogelsang.com\\\/de\\\/#website\",\"url\":\"https:\\\/\\\/elkevogelsang.com\\\/de\\\/\",\"name\":\"Tierfotografie von Elke Vogelsang, Hildesheim\",\"description\":\"Werbefotografin mit Spezialisierung auf Haustiere\",\"potentialAction\":[{\"@type\":\"SearchAction\",\"target\":{\"@type\":\"EntryPoint\",\"urlTemplate\":\"https:\\\/\\\/elkevogelsang.com\\\/de\\\/?s={search_term_string}\"},\"query-input\":{\"@type\":\"PropertyValueSpecification\",\"valueRequired\":true,\"valueName\":\"search_term_string\"}}],\"inLanguage\":\"de\"}]}<\/script>\n<!-- \/ Yoast SEO plugin. -->","yoast_head_json":{"title":"Shooting buchen - Tierfotografie von Elke Vogelsang, Hildesheim","robots":{"index":"index","follow":"follow","max-snippet":"max-snippet:-1","max-image-preview":"max-image-preview:large","max-video-preview":"max-video-preview:-1"},"canonical":"https:\/\/elkevogelsang.com\/de\/shooting\/","og_locale":"de_DE","og_type":"article","og_title":"Shooting buchen - Tierfotografie von Elke Vogelsang, Hildesheim","og_description":"Nach langer Zeit biete ich wieder private Buchungen an, wenn es in den Terminkalender passt. Ein Shooting mit Freigabe* f\u00fcr mein Verkaufsarchiv kostet: 350 Euro. Ein Shooting kann im Studio oder im Freien stattfinden und dauert etwa 60-90 Minuten. Wir schauen in Ruhe, mit Spa\u00df und viel Belohnung, was dein Tier so mitmacht und wie&hellip;","og_url":"https:\/\/elkevogelsang.com\/de\/shooting\/","og_site_name":"Tierfotografie von Elke Vogelsang, Hildesheim","article_modified_time":"2025-05-27T12:27:39+00:00","og_image":[{"width":960,"height":1200,"url":"https:\/\/elkevogelsang.com\/wp-content\/uploads\/2023\/09\/Wieselblitz-stars-Bruno.jpg","type":"image\/jpeg"}],"twitter_card":"summary_large_image","twitter_misc":{"Gesch\u00e4tzte Lesezeit":"1\u00a0Minute"},"schema":{"@context":"https:\/\/schema.org","@graph":[{"@type":"WebPage","@id":"https:\/\/elkevogelsang.com\/de\/shooting\/","url":"https:\/\/elkevogelsang.com\/de\/shooting\/","name":"Shooting buchen - Tierfotografie von Elke Vogelsang, Hildesheim","isPartOf":{"@id":"https:\/\/elkevogelsang.com\/de\/#website"},"primaryImageOfPage":{"@id":"https:\/\/elkevogelsang.com\/de\/shooting\/#primaryimage"},"image":{"@id":"https:\/\/elkevogelsang.com\/de\/shooting\/#primaryimage"},"thumbnailUrl":"https:\/\/elkevogelsang.com\/wp-content\/uploads\/2023\/09\/Wieselblitz-stars-Bruno.jpg","datePublished":"2023-10-17T12:52:54+00:00","dateModified":"2025-05-27T12:27:39+00:00","breadcrumb":{"@id":"https:\/\/elkevogelsang.com\/de\/shooting\/#breadcrumb"},"inLanguage":"de","potentialAction":[{"@type":"ReadAction","target":["https:\/\/elkevogelsang.com\/de\/shooting\/"]}]},{"@type":"ImageObject","inLanguage":"de","@id":"https:\/\/elkevogelsang.com\/de\/shooting\/#primaryimage","url":"https:\/\/elkevogelsang.com\/wp-content\/uploads\/2023\/09\/Wieselblitz-stars-Bruno.jpg","contentUrl":"https:\/\/elkevogelsang.com\/wp-content\/uploads\/2023\/09\/Wieselblitz-stars-Bruno.jpg"},{"@type":"BreadcrumbList","@id":"https:\/\/elkevogelsang.com\/de\/shooting\/#breadcrumb","itemListElement":[{"@type":"ListItem","position":1,"name":"Startseite","item":"https:\/\/elkevogelsang.com\/de\/"},{"@type":"ListItem","position":2,"name":"Shooting buchen"}]},{"@type":"WebSite","@id":"https:\/\/elkevogelsang.com\/de\/#website","url":"https:\/\/elkevogelsang.com\/de\/","name":"Tierfotografie von Elke Vogelsang, Hildesheim","description":"Werbefotografin mit Spezialisierung auf Haustiere","potentialAction":[{"@type":"SearchAction","target":{"@type":"EntryPoint","urlTemplate":"https:\/\/elkevogelsang.com\/de\/?s={search_term_string}"},"query-input":{"@type":"PropertyValueSpecification","valueRequired":true,"valueName":"search_term_string"}}],"inLanguage":"de"}]}},"_links":{"self":[{"href":"https:\/\/elkevogelsang.com\/de\/wp-json\/wp\/v2\/pages\/73787","targetHints":{"allow":["GET"]}}],"collection":[{"href":"https:\/\/elkevogelsang.com\/de\/wp-json\/wp\/v2\/pages"}],"about":[{"href":"https:\/\/elkevogelsang.com\/de\/wp-json\/wp\/v2\/types\/page"}],"author":[{"embeddable":true,"href":"https:\/\/elkevogelsang.com\/de\/wp-json\/wp\/v2\/users\/1"}],"replies":[{"embeddable":true,"href":"https:\/\/elkevogelsang.com\/de\/wp-json\/wp\/v2\/comments?post=73787"}],"version-history":[{"count":19,"href":"https:\/\/elkevogelsang.com\/de\/wp-json\/wp\/v2\/pages\/73787\/revisions"}],"predecessor-version":[{"id":74981,"href":"https:\/\/elkevogelsang.com\/de\/wp-json\/wp\/v2\/pages\/73787\/revisions\/74981"}],"wp:attachment":[{"href":"https:\/\/elkevogelsang.com\/de\/wp-json\/wp\/v2\/media?parent=73787"}],"curies":[{"name":"wp","href":"https:\/\/api.w.org\/{rel}","templated":true}]}}