{"id":73964,"date":"2024-01-02T14:16:40","date_gmt":"2024-01-02T12:16:40","guid":{"rendered":"https:\/\/elkevogelsang.com\/?page_id=73964"},"modified":"2025-03-31T13:43:24","modified_gmt":"2025-03-31T11:43:24","slug":"workshops","status":"publish","type":"page","link":"https:\/\/elkevogelsang.com\/de\/workshops\/","title":{"rendered":"Einzel-Workshops"},"content":{"rendered":"<p>Meine Workshops zur Haustierfotografie richten sich an Anf\u00e4nger und fortgeschrittene Anf\u00e4nger. Bei diesem Einzel-Workshop kannst du mir deine ganz speziellen Fragen rund um die Haustierfotografie bei nat\u00fcrlichem Licht stellen. Wir fotografieren zusammen. Du erh\u00e4ltst viele Tipps und Tricks, ganz auf dich zugeschnitten.<\/p>\n<p>Themen k\u00f6nnen sein:<\/p>\n<ul>\n<li>Einstellungen der Kamera<span class=\"Apple-converted-space\">\u00a0<\/span><\/li>\n<li>Ausr\u00fcstung<\/li>\n<li>Motivation des Tieres<\/li>\n<li>Bildaufbau<\/li>\n<li>Portfoliobesprechung<\/li>\n<li>Location und Hintergr\u00fcnde<\/li>\n<li>Tipps und Tricks f\u00fcr scharfe, gut belichtete, interessante, kreative Fotos in allen Lebenslagen.<\/li>\n<\/ul>\n<p>Du erh\u00e4ltst:<\/p>\n<ul>\n<li><b>Vorgespr\u00e4ch<\/b> dar\u00fcber, auf welchem Stand du dich siehst, was deine Ziele sind und was du dir von dem Coaching erhoffst (ca. 30 Minuten)<\/li>\n<li><b>Portfolio-Review<\/b> (sende mir vor dem Treffen einige deiner Bilder ein, damit ich einen Einblick in deine Fotografie habe und dir besser helfen kann. Gerne gebe ich dir anhand deiner Bilder eingehende Tipps und Tricks in Form eines Portfolio-Reviews)<\/li>\n<li><b>4 Stunden<\/b> zusammen fotografieren, wobei ich dir erz\u00e4hle, was ich f\u00fcr wichtig halte und du kannst alle deine Fragen loswerden. Du kannst dein eigenes Modell mitbringen oder ich buche eines hinzu.<\/li>\n<li><b>Nachbesprechung<\/b> anhand von Bildern, die du mir zu einem sp\u00e4teren Zeitpunkt einschickst. Hier kann ich dir nochmal sagen, was sich verbessert hat, was ich noch anders machen w\u00fcrde, etc. (ca. 2 Stunden)<\/li>\n<\/ul>\n<p><b>Kosten<\/b>: <strong>500 Euro<\/strong> inkl. Mehrwertsteuer (f\u00fcr ein Coaching mit einem Teilnehmer)<\/p>\n<p>F\u00fcr <strong>zwei<\/strong> Personen: insgesamt 750 Euro inkl. Mehrwertsteuer<\/p>\n<hr \/>\n<h3><em><strong>Fragen und Antworten:<\/strong><\/em><\/h3>\n<p><strong>Frage<\/strong>: Kann ich meinen eigenen Hund mitbringen?<br \/>\n<strong>Antwort<\/strong>: Sehr gerne. Ich habe auch einen Garten, in dem der Hund gesichert von der Leine k\u00f6nnte.<\/p>\n<p><strong>Frage<\/strong>: Wo findet das Shooting statt?<br \/>\n<strong>Antwort<\/strong>: In der Regel in meinem Wohnort, Hildesheim (oder im Umkreis von maximal 40 Kilometern). Ab zehn Kilometern Anfahrt berechne ich 0,40 Euro pro Kilometer gefahrene Strecke.<span class=\"Apple-converted-space\">\u00a0<\/span><\/p>\n<p><strong>Frage<\/strong>: Gibst du auch Workshops\/Coachings zur Studiofotografie.<br \/>\n<strong>Antwort<\/strong>: Ich beantworte gerne Fragen zur Studiofotografie, bin aber tats\u00e4chlich kein Experte in Studiotechnik, daher handelt es sich eher um Workshops\/Coachings zur Fotografie mit verf\u00fcgbarem Licht. Gerne gebe ich aber auch einen \u00dcberblick \u00fcber mein Studio und was ich pers\u00f6nlich dort nutze.<\/p>\n<p><strong>Frage<\/strong>: Wann finden die Termine statt?<br \/>\n<strong>Antwort<\/strong>: F\u00fcr ein Einzel-Coaching legen wir gemeinsam fest, wann es dir am besten passt.<\/p>\n<p><strong>Frage<\/strong>: Was passiert, wenn ich an dem Termin krank bin?<br \/>\n<strong>Antwort<\/strong>: Kein Problem, dann verschieben wir den Termin auch kurzfristig. Ein einmaliges, kostenloses Verschieben bei gutem Grund ist immer inbegriffen.<\/p>\n<p><strong>Frage<\/strong>: Wann muss ich bezahlen?<br \/>\n<strong>Antwort<\/strong>: Du kannst dir einen Platz f\u00fcr einen Einzel-Workshop nur durch eine unmittelbare Bezahlung der Kosten sichern. Du hast dann drei Jahre Zeit, einen Termin mit mir zu machen. Danach verf\u00e4llt die G\u00fcltigkeit.<\/p>\n<p><strong>Frage<\/strong>: Bekomme ich mein Geld zur\u00fcck, wenn ich es mir anders \u00fcberlege?<br \/>\n<strong>Antwort<\/strong>: Die Buchung eines Platzes ist wie ein Gutschein zu behandeln. Dieser ist nur gegen die Dienstleistung eintauschbar. Eine Barauszahlung eines nicht genutzten Wertes ist nicht m\u00f6glich. Eine \u00dcbertragung an Dritte ist aber nat\u00fcrlich in Absprache m\u00f6glich, wobei weiterhin die Verfallsfrist von drei Jahren ab Zahlung des Gutscheins gilt.<\/p>\n<p><strong>Frage<\/strong>: Gibst du auch Gruppenworkshops?<br \/>\n<strong>Antwort<\/strong>: Ja, immer mal wieder. Neue Termine ver\u00f6ffentliche auf <span style=\"color: #3366ff;\"><a style=\"color: #3366ff;\" href=\"https:\/\/elkevogelsang.com\/de\/fotografie-workshops\/\">dieser Seite.<\/a><\/span><\/p>\n<p>Du m\u00f6chtest buchen oder hast weitere Fragen? Dann sende mir eine Nachricht \u00fcber das <span style=\"color: #3366ff;\"><a style=\"color: #3366ff;\" href=\"https:\/\/elkevogelsang.com\/de\/kontakt\/\">Kontaktformular<\/a><\/span>.<\/p>\n<div id=\"attachment_73959\" style=\"width: 2570px\" class=\"wp-caption aligncenter\"><a class=\"dt-pswp-item\" href=\"https:\/\/elkevogelsang.com\/wp-content\/uploads\/2024\/01\/Einzel-Coaching-scaled.jpg\" data-dt-img-description=\"\" data-large_image_width=\"2560\" data-large_image_height=\"1460\"><img loading=\"lazy\" decoding=\"async\" aria-describedby=\"caption-attachment-73959\" class=\"wp-image-73959 size-full\" src=\"https:\/\/elkevogelsang.com\/wp-content\/uploads\/2024\/01\/Einzel-Coaching-scaled.jpg\" alt=\"Workshops Hundefotografie Einzel-Coachings\" width=\"2560\" height=\"1460\" srcset=\"https:\/\/elkevogelsang.com\/wp-content\/uploads\/2024\/01\/Einzel-Coaching-scaled.jpg 2560w, https:\/\/elkevogelsang.com\/wp-content\/uploads\/2024\/01\/Einzel-Coaching-800x456.jpg 800w, https:\/\/elkevogelsang.com\/wp-content\/uploads\/2024\/01\/Einzel-Coaching-1170x667.jpg 1170w, https:\/\/elkevogelsang.com\/wp-content\/uploads\/2024\/01\/Einzel-Coaching-768x438.jpg 768w, https:\/\/elkevogelsang.com\/wp-content\/uploads\/2024\/01\/Einzel-Coaching-1536x876.jpg 1536w, https:\/\/elkevogelsang.com\/wp-content\/uploads\/2024\/01\/Einzel-Coaching-2048x1168.jpg 2048w\" sizes=\"auto, (max-width: 2560px) 100vw, 2560px\" \/><\/a><p id=\"caption-attachment-73959\" class=\"wp-caption-text\">Workshops\/Einzel-Coachings f\u00fcr Hundefotografie f\u00fcr alle Fragen rund um die Haustierfotografie<\/p><\/div>\n","protected":false},"excerpt":{"rendered":"<p>Meine Workshops zur Haustierfotografie richten sich an Anf\u00e4nger und fortgeschrittene Anf\u00e4nger. Bei diesem Einzel-Workshop kannst du mir deine ganz speziellen Fragen rund um die Haustierfotografie bei nat\u00fcrlichem Licht stellen. Wir fotografieren zusammen. Du erh\u00e4ltst viele Tipps und Tricks, ganz auf dich zugeschnitten. Themen k\u00f6nnen sein: Einstellungen der Kamera\u00a0 Ausr\u00fcstung Motivation des Tieres Bildaufbau Portfoliobesprechung Location&hellip;<\/p>\n","protected":false},"author":1,"featured_media":0,"parent":0,"menu_order":0,"comment_status":"closed","ping_status":"closed","template":"","meta":{"footnotes":""},"class_list":["post-73964","page","type-page","status-publish","hentry","description-off"],"yoast_head":"<!-- This site is optimized with the Yoast SEO plugin v26.2 - https:\/\/yoast.com\/wordpress\/plugins\/seo\/ -->\n<title>Einzel-Workshops - Tierfotografie von Elke Vogelsang, Hildesheim<\/title>\n<meta name=\"description\" content=\"Einzel-Coachings zur Hundefotografie f\u00fcr Einzelpersonen oder in Gruppen mit vielen Tipps und Tricks rund um die Haustierfotografie\" \/>\n<meta name=\"robots\" content=\"index, follow, max-snippet:-1, max-image-preview:large, max-video-preview:-1\" \/>\n<link rel=\"canonical\" href=\"https:\/\/elkevogelsang.com\/de\/workshops\/\" \/>\n<meta property=\"og:locale\" content=\"de_DE\" \/>\n<meta property=\"og:type\" content=\"article\" \/>\n<meta property=\"og:title\" content=\"Einzel-Workshops - Tierfotografie von Elke Vogelsang, Hildesheim\" \/>\n<meta property=\"og:description\" content=\"Einzel-Coachings zur Hundefotografie f\u00fcr Einzelpersonen oder in Gruppen mit vielen Tipps und Tricks rund um die Haustierfotografie\" \/>\n<meta property=\"og:url\" content=\"https:\/\/elkevogelsang.com\/de\/workshops\/\" \/>\n<meta property=\"og:site_name\" content=\"Tierfotografie von Elke Vogelsang, Hildesheim\" \/>\n<meta property=\"article:modified_time\" content=\"2025-03-31T11:43:24+00:00\" \/>\n<meta property=\"og:image\" content=\"https:\/\/elkevogelsang.com\/wp-content\/uploads\/2024\/01\/Einzel-Coaching-scaled.jpg\" \/>\n\t<meta property=\"og:image:width\" content=\"2560\" \/>\n\t<meta property=\"og:image:height\" content=\"1460\" \/>\n\t<meta property=\"og:image:type\" content=\"image\/jpeg\" \/>\n<meta name=\"twitter:card\" content=\"summary_large_image\" \/>\n<meta name=\"twitter:label1\" content=\"Gesch\u00e4tzte Lesezeit\" \/>\n\t<meta name=\"twitter:data1\" content=\"3\u00a0Minuten\" \/>\n<script type=\"application\/ld+json\" class=\"yoast-schema-graph\">{\"@context\":\"https:\/\/schema.org\",\"@graph\":[{\"@type\":\"WebPage\",\"@id\":\"https:\/\/elkevogelsang.com\/de\/workshops\/\",\"url\":\"https:\/\/elkevogelsang.com\/de\/workshops\/\",\"name\":\"Einzel-Workshops - Tierfotografie von Elke Vogelsang, Hildesheim\",\"isPartOf\":{\"@id\":\"https:\/\/elkevogelsang.com\/de\/#website\"},\"primaryImageOfPage\":{\"@id\":\"https:\/\/elkevogelsang.com\/de\/workshops\/#primaryimage\"},\"image\":{\"@id\":\"https:\/\/elkevogelsang.com\/de\/workshops\/#primaryimage\"},\"thumbnailUrl\":\"https:\/\/elkevogelsang.com\/wp-content\/uploads\/2024\/01\/Einzel-Coaching-scaled.jpg\",\"datePublished\":\"2024-01-02T12:16:40+00:00\",\"dateModified\":\"2025-03-31T11:43:24+00:00\",\"description\":\"Einzel-Coachings zur Hundefotografie f\u00fcr Einzelpersonen oder in Gruppen mit vielen Tipps und Tricks rund um die Haustierfotografie\",\"breadcrumb\":{\"@id\":\"https:\/\/elkevogelsang.com\/de\/workshops\/#breadcrumb\"},\"inLanguage\":\"de\",\"potentialAction\":[{\"@type\":\"ReadAction\",\"target\":[\"https:\/\/elkevogelsang.com\/de\/workshops\/\"]}]},{\"@type\":\"ImageObject\",\"inLanguage\":\"de\",\"@id\":\"https:\/\/elkevogelsang.com\/de\/workshops\/#primaryimage\",\"url\":\"https:\/\/elkevogelsang.com\/wp-content\/uploads\/2024\/01\/Einzel-Coaching-scaled.jpg\",\"contentUrl\":\"https:\/\/elkevogelsang.com\/wp-content\/uploads\/2024\/01\/Einzel-Coaching-scaled.jpg\"},{\"@type\":\"BreadcrumbList\",\"@id\":\"https:\/\/elkevogelsang.com\/de\/workshops\/#breadcrumb\",\"itemListElement\":[{\"@type\":\"ListItem\",\"position\":1,\"name\":\"Startseite\",\"item\":\"https:\/\/elkevogelsang.com\/de\/\"},{\"@type\":\"ListItem\",\"position\":2,\"name\":\"Einzel-Workshops\"}]},{\"@type\":\"WebSite\",\"@id\":\"https:\/\/elkevogelsang.com\/de\/#website\",\"url\":\"https:\/\/elkevogelsang.com\/de\/\",\"name\":\"Tierfotografie von Elke Vogelsang, Hildesheim\",\"description\":\"Werbefotografin mit Spezialisierung auf Haustiere\",\"potentialAction\":[{\"@type\":\"SearchAction\",\"target\":{\"@type\":\"EntryPoint\",\"urlTemplate\":\"https:\/\/elkevogelsang.com\/de\/?s={search_term_string}\"},\"query-input\":{\"@type\":\"PropertyValueSpecification\",\"valueRequired\":true,\"valueName\":\"search_term_string\"}}],\"inLanguage\":\"de\"}]}<\/script>\n<!-- \/ Yoast SEO plugin. -->","yoast_head_json":{"title":"Einzel-Workshops - Tierfotografie von Elke Vogelsang, Hildesheim","description":"Einzel-Coachings zur Hundefotografie f\u00fcr Einzelpersonen oder in Gruppen mit vielen Tipps und Tricks rund um die Haustierfotografie","robots":{"index":"index","follow":"follow","max-snippet":"max-snippet:-1","max-image-preview":"max-image-preview:large","max-video-preview":"max-video-preview:-1"},"canonical":"https:\/\/elkevogelsang.com\/de\/workshops\/","og_locale":"de_DE","og_type":"article","og_title":"Einzel-Workshops - Tierfotografie von Elke Vogelsang, Hildesheim","og_description":"Einzel-Coachings zur Hundefotografie f\u00fcr Einzelpersonen oder in Gruppen mit vielen Tipps und Tricks rund um die Haustierfotografie","og_url":"https:\/\/elkevogelsang.com\/de\/workshops\/","og_site_name":"Tierfotografie von Elke Vogelsang, Hildesheim","article_modified_time":"2025-03-31T11:43:24+00:00","og_image":[{"width":2560,"height":1460,"url":"https:\/\/elkevogelsang.com\/wp-content\/uploads\/2024\/01\/Einzel-Coaching-scaled.jpg","type":"image\/jpeg"}],"twitter_card":"summary_large_image","twitter_misc":{"Gesch\u00e4tzte Lesezeit":"3\u00a0Minuten"},"schema":{"@context":"https:\/\/schema.org","@graph":[{"@type":"WebPage","@id":"https:\/\/elkevogelsang.com\/de\/workshops\/","url":"https:\/\/elkevogelsang.com\/de\/workshops\/","name":"Einzel-Workshops - Tierfotografie von Elke Vogelsang, Hildesheim","isPartOf":{"@id":"https:\/\/elkevogelsang.com\/de\/#website"},"primaryImageOfPage":{"@id":"https:\/\/elkevogelsang.com\/de\/workshops\/#primaryimage"},"image":{"@id":"https:\/\/elkevogelsang.com\/de\/workshops\/#primaryimage"},"thumbnailUrl":"https:\/\/elkevogelsang.com\/wp-content\/uploads\/2024\/01\/Einzel-Coaching-scaled.jpg","datePublished":"2024-01-02T12:16:40+00:00","dateModified":"2025-03-31T11:43:24+00:00","description":"Einzel-Coachings zur Hundefotografie f\u00fcr Einzelpersonen oder in Gruppen mit vielen Tipps und Tricks rund um die Haustierfotografie","breadcrumb":{"@id":"https:\/\/elkevogelsang.com\/de\/workshops\/#breadcrumb"},"inLanguage":"de","potentialAction":[{"@type":"ReadAction","target":["https:\/\/elkevogelsang.com\/de\/workshops\/"]}]},{"@type":"ImageObject","inLanguage":"de","@id":"https:\/\/elkevogelsang.com\/de\/workshops\/#primaryimage","url":"https:\/\/elkevogelsang.com\/wp-content\/uploads\/2024\/01\/Einzel-Coaching-scaled.jpg","contentUrl":"https:\/\/elkevogelsang.com\/wp-content\/uploads\/2024\/01\/Einzel-Coaching-scaled.jpg"},{"@type":"BreadcrumbList","@id":"https:\/\/elkevogelsang.com\/de\/workshops\/#breadcrumb","itemListElement":[{"@type":"ListItem","position":1,"name":"Startseite","item":"https:\/\/elkevogelsang.com\/de\/"},{"@type":"ListItem","position":2,"name":"Einzel-Workshops"}]},{"@type":"WebSite","@id":"https:\/\/elkevogelsang.com\/de\/#website","url":"https:\/\/elkevogelsang.com\/de\/","name":"Tierfotografie von Elke Vogelsang, Hildesheim","description":"Werbefotografin mit Spezialisierung auf Haustiere","potentialAction":[{"@type":"SearchAction","target":{"@type":"EntryPoint","urlTemplate":"https:\/\/elkevogelsang.com\/de\/?s={search_term_string}"},"query-input":{"@type":"PropertyValueSpecification","valueRequired":true,"valueName":"search_term_string"}}],"inLanguage":"de"}]}},"_links":{"self":[{"href":"https:\/\/elkevogelsang.com\/de\/wp-json\/wp\/v2\/pages\/73964","targetHints":{"allow":["GET"]}}],"collection":[{"href":"https:\/\/elkevogelsang.com\/de\/wp-json\/wp\/v2\/pages"}],"about":[{"href":"https:\/\/elkevogelsang.com\/de\/wp-json\/wp\/v2\/types\/page"}],"author":[{"embeddable":true,"href":"https:\/\/elkevogelsang.com\/de\/wp-json\/wp\/v2\/users\/1"}],"replies":[{"embeddable":true,"href":"https:\/\/elkevogelsang.com\/de\/wp-json\/wp\/v2\/comments?post=73964"}],"version-history":[{"count":9,"href":"https:\/\/elkevogelsang.com\/de\/wp-json\/wp\/v2\/pages\/73964\/revisions"}],"predecessor-version":[{"id":74918,"href":"https:\/\/elkevogelsang.com\/de\/wp-json\/wp\/v2\/pages\/73964\/revisions\/74918"}],"wp:attachment":[{"href":"https:\/\/elkevogelsang.com\/de\/wp-json\/wp\/v2\/media?parent=73964"}],"curies":[{"name":"wp","href":"https:\/\/api.w.org\/{rel}","templated":true}]}}