{"id":73439,"date":"2023-09-07T20:29:30","date_gmt":"2023-09-07T18:29:30","guid":{"rendered":"https:\/\/elkevogelsang.com\/apoyo-a-la-proteccion-animal\/"},"modified":"2025-06-06T12:31:54","modified_gmt":"2025-06-06T10:31:54","slug":"apoyo-a-la-proteccion-animal","status":"publish","type":"page","link":"https:\/\/elkevogelsang.com\/es\/apoyo-a-la-proteccion-animal\/","title":{"rendered":"Apoyo a la protecci\u00f3n animal"},"content":{"rendered":"<div class=\"wpb-content-wrapper\"><p>[vc_row][vc_column][vc_column_text]<\/p>\n<p><a class=\"dt-pswp-item\" href=\"https:\/\/elkevogelsang.com\/wp-content\/uploads\/2023\/09\/Three-Spanish-mutts.jpg\" data-dt-img-description=\"\" data-large_image_width=\"2000\" data-large_image_height=\"1125\"><img loading=\"lazy\" decoding=\"async\" class=\"aligncenter size-full wp-image-73578\" src=\"https:\/\/elkevogelsang.com\/wp-content\/uploads\/2023\/09\/Three-Spanish-mutts.jpg\" alt=\"\" width=\"2000\" height=\"1125\" srcset=\"https:\/\/elkevogelsang.com\/wp-content\/uploads\/2023\/09\/Three-Spanish-mutts.jpg 2000w, https:\/\/elkevogelsang.com\/wp-content\/uploads\/2023\/09\/Three-Spanish-mutts-800x450.jpg 800w, https:\/\/elkevogelsang.com\/wp-content\/uploads\/2023\/09\/Three-Spanish-mutts-1170x658.jpg 1170w, https:\/\/elkevogelsang.com\/wp-content\/uploads\/2023\/09\/Three-Spanish-mutts-768x432.jpg 768w, https:\/\/elkevogelsang.com\/wp-content\/uploads\/2023\/09\/Three-Spanish-mutts-1536x864.jpg 1536w\" sizes=\"auto, (max-width: 2000px) 100vw, 2000px\" \/><\/a>En mis galer\u00edas, a menudo se pueden encontrar a mis fieles compa\u00f1eros de fotograf\u00eda y miembros de la familia, Noodles, Scout, Ioli y Alfonso. Ellos son mi inspiraci\u00f3n y alegr\u00eda. Son ex perros callejeros de Espa\u00f1a. No podr\u00eda desear compa\u00f1eros mejores. Estoy muy agradecidoa de tenerlos.<\/p>\n<p>Para devolver un poco, ofrezco mis servicios fotogr\u00e1ficos de forma gratuita para tomar fotos para refugios y organizaciones de protecci\u00f3n de animales. Si tu organizaci\u00f3n est\u00e1is interesados, pod\u00e9is enviar una solicitud a trav\u00e9s del formulario de contacto. Si el tiempo lo permite, estar\u00e9 encantada de ayudar en lo que pueda.<\/p>\n<p>Y aqu\u00ed est\u00e1n algunas fotos de perros que me han visitado en mi estudio en busca de un hogar. Las fotos de colocaci\u00f3n son una situaci\u00f3n en la que todos ganan. Yo tengo modelos maravillosos y la asociaci\u00f3n puede presentar mejor a sus protegidos para que encuentren un hogar.<\/p>\n<p><a class=\"dt-pswp-item\" href=\"https:\/\/elkevogelsang.com\/wp-content\/uploads\/2023\/09\/Vermittlungsfotos.jpg\" data-dt-img-description=\"\" data-large_image_width=\"2400\" data-large_image_height=\"1998\"><img loading=\"lazy\" decoding=\"async\" class=\"aligncenter size-full wp-image-73573\" src=\"https:\/\/elkevogelsang.com\/wp-content\/uploads\/2023\/09\/Vermittlungsfotos.jpg\" alt=\"\" width=\"2400\" height=\"1998\" srcset=\"https:\/\/elkevogelsang.com\/wp-content\/uploads\/2023\/09\/Vermittlungsfotos.jpg 2400w, https:\/\/elkevogelsang.com\/wp-content\/uploads\/2023\/09\/Vermittlungsfotos-800x666.jpg 800w, https:\/\/elkevogelsang.com\/wp-content\/uploads\/2023\/09\/Vermittlungsfotos-1170x974.jpg 1170w, https:\/\/elkevogelsang.com\/wp-content\/uploads\/2023\/09\/Vermittlungsfotos-768x639.jpg 768w, https:\/\/elkevogelsang.com\/wp-content\/uploads\/2023\/09\/Vermittlungsfotos-1536x1279.jpg 1536w, https:\/\/elkevogelsang.com\/wp-content\/uploads\/2023\/09\/Vermittlungsfotos-2048x1705.jpg 2048w\" sizes=\"auto, (max-width: 2400px) 100vw, 2400px\" \/><\/a>Aquellos que est\u00e9n en busca de un nuevo miembro de la familia peludo definitivamente deber\u00edan considerar lo que las organizaciones de protecci\u00f3n animal tienen para ofrecer. Puede que encuentren exactamente el tesoro que han estado buscando durante tanto tiempo. Yo ciertamente lo he encontrado.[\/vc_column_text][\/vc_column][\/vc_row]<\/p>\n<\/div>","protected":false},"excerpt":{"rendered":"<p>[vc_row][vc_column][vc_column_text] En mis galer\u00edas, a menudo se pueden encontrar a mis fieles compa\u00f1eros de fotograf\u00eda y miembros de la familia, Noodles, Scout, Ioli y Alfonso. Ellos son mi inspiraci\u00f3n y alegr\u00eda. Son ex perros callejeros de Espa\u00f1a. No podr\u00eda desear compa\u00f1eros mejores. Estoy muy agradecidoa de tenerlos. Para devolver un poco, ofrezco mis servicios fotogr\u00e1ficos&hellip;<\/p>\n","protected":false},"author":1,"featured_media":0,"parent":0,"menu_order":35,"comment_status":"closed","ping_status":"closed","template":"","meta":{"footnotes":""},"class_list":["post-73439","page","type-page","status-publish","hentry","description-off"],"yoast_head":"<!-- This site is optimized with the Yoast SEO plugin v26.2 - https:\/\/yoast.com\/wordpress\/plugins\/seo\/ -->\n<title>Apoyo a la protecci\u00f3n animal - Commercial pet photography by Elke Vogelsang, Hildesheim<\/title>\n<meta name=\"robots\" content=\"index, follow, max-snippet:-1, max-image-preview:large, max-video-preview:-1\" \/>\n<link rel=\"canonical\" href=\"https:\/\/elkevogelsang.com\/es\/apoyo-a-la-proteccion-animal\/\" \/>\n<meta property=\"og:locale\" content=\"es_ES\" \/>\n<meta property=\"og:type\" content=\"article\" \/>\n<meta property=\"og:title\" content=\"Apoyo a la protecci\u00f3n animal - Commercial pet photography by Elke Vogelsang, Hildesheim\" \/>\n<meta property=\"og:description\" content=\"[vc_row][vc_column][vc_column_text] En mis galer\u00edas, a menudo se pueden encontrar a mis fieles compa\u00f1eros de fotograf\u00eda y miembros de la familia, Noodles, Scout, Ioli y Alfonso. Ellos son mi inspiraci\u00f3n y alegr\u00eda. Son ex perros callejeros de Espa\u00f1a. No podr\u00eda desear compa\u00f1eros mejores. Estoy muy agradecidoa de tenerlos. Para devolver un poco, ofrezco mis servicios fotogr\u00e1ficos&hellip;\" \/>\n<meta property=\"og:url\" content=\"https:\/\/elkevogelsang.com\/es\/apoyo-a-la-proteccion-animal\/\" \/>\n<meta property=\"og:site_name\" content=\"Commercial pet photography by Elke Vogelsang, Hildesheim\" \/>\n<meta property=\"article:modified_time\" content=\"2025-06-06T10:31:54+00:00\" \/>\n<meta property=\"og:image\" content=\"https:\/\/elkevogelsang.com\/wp-content\/uploads\/2023\/09\/Three-Spanish-mutts.jpg\" \/>\n\t<meta property=\"og:image:width\" content=\"2000\" \/>\n\t<meta property=\"og:image:height\" content=\"1125\" \/>\n\t<meta property=\"og:image:type\" content=\"image\/jpeg\" \/>\n<meta name=\"twitter:card\" content=\"summary_large_image\" \/>\n<meta name=\"twitter:label1\" content=\"Tiempo de lectura\" \/>\n\t<meta name=\"twitter:data1\" content=\"1 minuto\" \/>\n<script type=\"application\/ld+json\" class=\"yoast-schema-graph\">{\"@context\":\"https:\/\/schema.org\",\"@graph\":[{\"@type\":\"WebPage\",\"@id\":\"https:\/\/elkevogelsang.com\/es\/apoyo-a-la-proteccion-animal\/\",\"url\":\"https:\/\/elkevogelsang.com\/es\/apoyo-a-la-proteccion-animal\/\",\"name\":\"Apoyo a la protecci\u00f3n animal - Commercial pet photography by Elke Vogelsang, Hildesheim\",\"isPartOf\":{\"@id\":\"https:\/\/elkevogelsang.com\/es\/#website\"},\"primaryImageOfPage\":{\"@id\":\"https:\/\/elkevogelsang.com\/es\/apoyo-a-la-proteccion-animal\/#primaryimage\"},\"image\":{\"@id\":\"https:\/\/elkevogelsang.com\/es\/apoyo-a-la-proteccion-animal\/#primaryimage\"},\"thumbnailUrl\":\"https:\/\/elkevogelsang.com\/wp-content\/uploads\/2023\/09\/Three-Spanish-mutts.jpg\",\"datePublished\":\"2023-09-07T18:29:30+00:00\",\"dateModified\":\"2025-06-06T10:31:54+00:00\",\"breadcrumb\":{\"@id\":\"https:\/\/elkevogelsang.com\/es\/apoyo-a-la-proteccion-animal\/#breadcrumb\"},\"inLanguage\":\"es\",\"potentialAction\":[{\"@type\":\"ReadAction\",\"target\":[\"https:\/\/elkevogelsang.com\/es\/apoyo-a-la-proteccion-animal\/\"]}]},{\"@type\":\"ImageObject\",\"inLanguage\":\"es\",\"@id\":\"https:\/\/elkevogelsang.com\/es\/apoyo-a-la-proteccion-animal\/#primaryimage\",\"url\":\"https:\/\/elkevogelsang.com\/wp-content\/uploads\/2023\/09\/Three-Spanish-mutts.jpg\",\"contentUrl\":\"https:\/\/elkevogelsang.com\/wp-content\/uploads\/2023\/09\/Three-Spanish-mutts.jpg\"},{\"@type\":\"BreadcrumbList\",\"@id\":\"https:\/\/elkevogelsang.com\/es\/apoyo-a-la-proteccion-animal\/#breadcrumb\",\"itemListElement\":[{\"@type\":\"ListItem\",\"position\":1,\"name\":\"Startseite\",\"item\":\"https:\/\/elkevogelsang.com\/es\/\"},{\"@type\":\"ListItem\",\"position\":2,\"name\":\"Apoyo a la protecci\u00f3n animal\"}]},{\"@type\":\"WebSite\",\"@id\":\"https:\/\/elkevogelsang.com\/es\/#website\",\"url\":\"https:\/\/elkevogelsang.com\/es\/\",\"name\":\"Commercial pet photography by Elke Vogelsang, Hildesheim\",\"description\":\"Commercial and editorial dog photography\",\"potentialAction\":[{\"@type\":\"SearchAction\",\"target\":{\"@type\":\"EntryPoint\",\"urlTemplate\":\"https:\/\/elkevogelsang.com\/es\/?s={search_term_string}\"},\"query-input\":{\"@type\":\"PropertyValueSpecification\",\"valueRequired\":true,\"valueName\":\"search_term_string\"}}],\"inLanguage\":\"es\"}]}<\/script>\n<!-- \/ Yoast SEO plugin. -->","yoast_head_json":{"title":"Apoyo a la protecci\u00f3n animal - Commercial pet photography by Elke Vogelsang, Hildesheim","robots":{"index":"index","follow":"follow","max-snippet":"max-snippet:-1","max-image-preview":"max-image-preview:large","max-video-preview":"max-video-preview:-1"},"canonical":"https:\/\/elkevogelsang.com\/es\/apoyo-a-la-proteccion-animal\/","og_locale":"es_ES","og_type":"article","og_title":"Apoyo a la protecci\u00f3n animal - Commercial pet photography by Elke Vogelsang, Hildesheim","og_description":"[vc_row][vc_column][vc_column_text] En mis galer\u00edas, a menudo se pueden encontrar a mis fieles compa\u00f1eros de fotograf\u00eda y miembros de la familia, Noodles, Scout, Ioli y Alfonso. Ellos son mi inspiraci\u00f3n y alegr\u00eda. Son ex perros callejeros de Espa\u00f1a. No podr\u00eda desear compa\u00f1eros mejores. Estoy muy agradecidoa de tenerlos. Para devolver un poco, ofrezco mis servicios fotogr\u00e1ficos&hellip;","og_url":"https:\/\/elkevogelsang.com\/es\/apoyo-a-la-proteccion-animal\/","og_site_name":"Commercial pet photography by Elke Vogelsang, Hildesheim","article_modified_time":"2025-06-06T10:31:54+00:00","og_image":[{"width":2000,"height":1125,"url":"https:\/\/elkevogelsang.com\/wp-content\/uploads\/2023\/09\/Three-Spanish-mutts.jpg","type":"image\/jpeg"}],"twitter_card":"summary_large_image","twitter_misc":{"Tiempo de lectura":"1 minuto"},"schema":{"@context":"https:\/\/schema.org","@graph":[{"@type":"WebPage","@id":"https:\/\/elkevogelsang.com\/es\/apoyo-a-la-proteccion-animal\/","url":"https:\/\/elkevogelsang.com\/es\/apoyo-a-la-proteccion-animal\/","name":"Apoyo a la protecci\u00f3n animal - Commercial pet photography by Elke Vogelsang, Hildesheim","isPartOf":{"@id":"https:\/\/elkevogelsang.com\/es\/#website"},"primaryImageOfPage":{"@id":"https:\/\/elkevogelsang.com\/es\/apoyo-a-la-proteccion-animal\/#primaryimage"},"image":{"@id":"https:\/\/elkevogelsang.com\/es\/apoyo-a-la-proteccion-animal\/#primaryimage"},"thumbnailUrl":"https:\/\/elkevogelsang.com\/wp-content\/uploads\/2023\/09\/Three-Spanish-mutts.jpg","datePublished":"2023-09-07T18:29:30+00:00","dateModified":"2025-06-06T10:31:54+00:00","breadcrumb":{"@id":"https:\/\/elkevogelsang.com\/es\/apoyo-a-la-proteccion-animal\/#breadcrumb"},"inLanguage":"es","potentialAction":[{"@type":"ReadAction","target":["https:\/\/elkevogelsang.com\/es\/apoyo-a-la-proteccion-animal\/"]}]},{"@type":"ImageObject","inLanguage":"es","@id":"https:\/\/elkevogelsang.com\/es\/apoyo-a-la-proteccion-animal\/#primaryimage","url":"https:\/\/elkevogelsang.com\/wp-content\/uploads\/2023\/09\/Three-Spanish-mutts.jpg","contentUrl":"https:\/\/elkevogelsang.com\/wp-content\/uploads\/2023\/09\/Three-Spanish-mutts.jpg"},{"@type":"BreadcrumbList","@id":"https:\/\/elkevogelsang.com\/es\/apoyo-a-la-proteccion-animal\/#breadcrumb","itemListElement":[{"@type":"ListItem","position":1,"name":"Startseite","item":"https:\/\/elkevogelsang.com\/es\/"},{"@type":"ListItem","position":2,"name":"Apoyo a la protecci\u00f3n animal"}]},{"@type":"WebSite","@id":"https:\/\/elkevogelsang.com\/es\/#website","url":"https:\/\/elkevogelsang.com\/es\/","name":"Commercial pet photography by Elke Vogelsang, Hildesheim","description":"Commercial and editorial dog photography","potentialAction":[{"@type":"SearchAction","target":{"@type":"EntryPoint","urlTemplate":"https:\/\/elkevogelsang.com\/es\/?s={search_term_string}"},"query-input":{"@type":"PropertyValueSpecification","valueRequired":true,"valueName":"search_term_string"}}],"inLanguage":"es"}]}},"_links":{"self":[{"href":"https:\/\/elkevogelsang.com\/es\/wp-json\/wp\/v2\/pages\/73439","targetHints":{"allow":["GET"]}}],"collection":[{"href":"https:\/\/elkevogelsang.com\/es\/wp-json\/wp\/v2\/pages"}],"about":[{"href":"https:\/\/elkevogelsang.com\/es\/wp-json\/wp\/v2\/types\/page"}],"author":[{"embeddable":true,"href":"https:\/\/elkevogelsang.com\/es\/wp-json\/wp\/v2\/users\/1"}],"replies":[{"embeddable":true,"href":"https:\/\/elkevogelsang.com\/es\/wp-json\/wp\/v2\/comments?post=73439"}],"version-history":[{"count":7,"href":"https:\/\/elkevogelsang.com\/es\/wp-json\/wp\/v2\/pages\/73439\/revisions"}],"predecessor-version":[{"id":74991,"href":"https:\/\/elkevogelsang.com\/es\/wp-json\/wp\/v2\/pages\/73439\/revisions\/74991"}],"wp:attachment":[{"href":"https:\/\/elkevogelsang.com\/es\/wp-json\/wp\/v2\/media?parent=73439"}],"curies":[{"name":"wp","href":"https:\/\/api.w.org\/{rel}","templated":true}]}}