{"id":73442,"date":"2023-09-07T20:52:12","date_gmt":"2023-09-07T18:52:12","guid":{"rendered":"https:\/\/elkevogelsang.com\/impressum-proteccion-de-datos\/"},"modified":"2023-09-30T15:03:10","modified_gmt":"2023-09-30T13:03:10","slug":"impressum-proteccion-de-datos","status":"publish","type":"page","link":"https:\/\/elkevogelsang.com\/es\/impressum-proteccion-de-datos\/","title":{"rendered":"Aviso legal &#038; Protecci\u00f3n de datos"},"content":{"rendered":"<div class=\"wpb-content-wrapper\"><p>[vc_row][vc_column][vc_column_text]<\/p>\n<h2>Aviso legal<\/h2>\n<p><strong>Responsable de los contenidos de este sitio web<\/strong><\/p>\n<p>Elke Vogelsang<br \/>\nPeiner Stra\u00dfe 46<br \/>\n31137 Hildesheim<br \/>\nAlemania<br \/>\nTel\u00e9fono: <a href=\"tel:+491731013288\">+49 (0)173 1013288<\/a><br \/>\nDirecci\u00f3n de correo: <a href=\"mailto:info@elkevogelsang.de\">info@elkevogelsang.de<\/a><\/p>\n<p><strong><br \/>\nDise\u00f1o web &amp; desarrollo web: <\/strong><\/p>\n<p><a href=\"https:\/\/www.klein-designs.de\" target=\"_blank\" rel=\"noopener\">Klein Designs<\/a><\/p>\n<h2>Protecci\u00f3n de datos<\/h2>\n<h3 class=\"p3\">Recopilaci\u00f3n de informaci\u00f3n general<\/h3>\n<p class=\"p1\">Cuando accede a nuestro sitio web, se recopilan autom\u00e1ticamente informaci\u00f3n de car\u00e1cter general. Esta informaci\u00f3n (archivos de registro del servidor) incluye, por ejemplo, el tipo de navegador web, el sistema operativo utilizado, el nombre de dominio de su proveedor de servicios de Internet y otros datos similares. Estos datos son exclusivamente de car\u00e1cter t\u00e9cnico y no permiten conclusiones sobre su persona. Esta informaci\u00f3n es necesaria desde un punto de vista t\u00e9cnico para proporcionar correctamente los contenidos de las p\u00e1ginas web solicitados por usted y es esencial al utilizar Internet. Informaci\u00f3n an\u00f3nima de este tipo se eval\u00faa estad\u00edsticamente para optimizar nuestra presencia en l\u00ednea y la tecnolog\u00eda que la respalda.<\/p>\n<h3 class=\"p3\"><span class=\"s3\">Cookies<\/span><\/h3>\n<p class=\"p1\"><span class=\"s1\">Al igual que muchos otros sitios web, tambi\u00e9n utilizamos las llamadas &#8216;cookies&#8217;. Las cookies son peque\u00f1os archivos de texto que son transferidos desde un servidor web a su disco duro. Esto nos proporciona autom\u00e1ticamente ciertos datos, como su direcci\u00f3n IP, el navegador que est\u00e1 utilizando, el sistema operativo de su computadora y su conexi\u00f3n a Internet.<\/span><\/p>\n<p class=\"p1\"><span class=\"s1\">Las cookies no pueden utilizarse para ejecutar programas ni para transmitir virus a una computadora. La informaci\u00f3n contenida en las cookies nos permite facilitar su navegaci\u00f3n y garantizar la correcta visualizaci\u00f3n de nuestras p\u00e1ginas web.<\/span><\/p>\n<p class=\"p1\"><span class=\"s1\">En ning\u00fan caso compartiremos los datos que recopilamos con terceros ni estableceremos una conexi\u00f3n con datos personales sin su consentimiento.<\/span><\/p>\n<p class=\"p1\"><span class=\"s1\">Por supuesto, puede ver nuestro sitio web en principio sin cookies. Los navegadores de Internet suelen estar configurados para aceptar cookies de forma predeterminada. Puede desactivar el uso de cookies en cualquier momento a trav\u00e9s de la configuraci\u00f3n de su navegador. Utilice las funciones de ayuda de su navegador de Internet para conocer c\u00f3mo cambiar esta configuraci\u00f3n. Tenga en cuenta que algunas funciones de nuestro sitio web pueden no funcionar si desactiva el uso de cookies.<\/span><\/p>\n<h3 class=\"p3\"><span class=\"s3\">Prestaci\u00f3n de servicios de pago<\/span><\/h3>\n<p class=\"p1\"><span class=\"s1\">Para la prestaci\u00f3n de servicios de pago, se le solicitar\u00e1n datos adicionales, como informaci\u00f3n de pago.<\/span><\/p>\n<h3 class=\"p3\"><span class=\"s3\">Cifrado SSL<\/span><\/h3>\n<p class=\"p1\"><span class=\"s1\">Para proteger la seguridad de sus datos durante la transmisi\u00f3n, utilizamos m\u00e9todos de cifrado de vanguardia (como SSL) a trav\u00e9s de HTTPS.<\/span><\/p>\n<h3 class=\"p3\"><span class=\"s3\">Funci\u00f3n de comentarios<\/span><\/h3>\n<p class=\"p1\"><span class=\"s1\">Cuando los usuarios dejan comentarios en el blog, adem\u00e1s de esta informaci\u00f3n, tambi\u00e9n se almacena la hora de su creaci\u00f3n y el nombre de usuario elegido previamente por el visitante del sitio web. Esto se hace por nuestra seguridad, ya que podemos ser responsables de contenido ilegal en nuestro sitio web, incluso si fue creado por usuarios.<\/span><\/p>\n<h3 class=\"p3\"><span class=\"s3\">Bolet\u00edn informativo<\/span><\/h3>\n<p class=\"p1\"><span class=\"s1\">Al registrarse para recibir nuestro bolet\u00edn informativo, los datos proporcionados por usted se utilizar\u00e1n exclusivamente para este prop\u00f3sito. Los suscriptores tambi\u00e9n pueden recibir informaci\u00f3n por correo electr\u00f3nico sobre circunstancias relevantes para el servicio o el registro (por ejemplo, cambios en la oferta del bolet\u00edn o cuestiones t\u00e9cnicas).<\/span><\/p>\n<p class=\"p1\"><span class=\"s1\">Para un registro efectivo, necesitamos una direcci\u00f3n de correo electr\u00f3nico v\u00e1lida. Para verificar que el registro se realiza efectivamente por el titular de una direcci\u00f3n de correo electr\u00f3nico, utilizamos el procedimiento de \u00abdoble opt-in\u00bb. Esto implica registrar la solicitud del bolet\u00edn, el env\u00edo de un correo electr\u00f3nico de confirmaci\u00f3n y la recepci\u00f3n de la respuesta solicitada. No se recopilan otros datos. Los datos se utilizan exclusivamente para el env\u00edo del bolet\u00edn y no se comparten con terceros.<\/span><\/p>\n<p class=\"p1\"><span class=\"s1\">Puede revocar su consentimiento para almacenar sus datos personales y utilizarlos para el env\u00edo del bolet\u00edn en cualquier momento. En cada bolet\u00edn encontrar\u00e1 un enlace correspondiente. Adem\u00e1s, tambi\u00e9n puede darse de baja en cualquier momento directamente en este sitio web o comunicarnos su solicitud correspondiente a trav\u00e9s de la informaci\u00f3n de contacto proporcionada al final de esta declaraci\u00f3n de privacidad.<\/span><\/p>\n<h3 class=\"p3\"><span class=\"s3\">Formulario de contacto<\/span><\/h3>\n<p class=\"p1\"><span class=\"s1\">Cuando se comunique con nosotros por correo electr\u00f3nico o mediante el formulario de contacto, la informaci\u00f3n que proporcione se almacenar\u00e1 con el fin de procesar su consulta y para posibles preguntas de seguimiento.<\/span><\/p>\n<h3 class=\"p3\"><span class=\"s3\">Eliminaci\u00f3n o bloqueo de datos<\/span><\/h3>\n<p class=\"p1\"><span class=\"s1\">Seguimos los principios de minimizaci\u00f3n y restricci\u00f3n de datos. Por lo tanto, solo almacenamos sus datos personales durante el tiempo necesario para lograr los prop\u00f3sitos mencionados aqu\u00ed o seg\u00fan lo establecido por las diversas leyes que establecen per\u00edodos de retenci\u00f3n. Despu\u00e9s de que se cumplan los respectivos prop\u00f3sitos o expiren estos plazos, los datos correspondientes se bloquear\u00e1n o eliminar\u00e1n de acuerdo con las regulaciones legales de manera rutinaria.<\/span><\/p>\n<h3 class=\"p3\"><span class=\"s3\">Uso de Google Analytics<\/span><\/h3>\n<p class=\"p1\"><span class=\"s1\">Este sitio web utiliza Google Analytics, un servicio de an\u00e1lisis web proporcionado por Google Inc. (en adelante, Google). Google Analytics utiliza cookies, que son archivos de texto almacenados en su computadora y que permiten el an\u00e1lisis del uso del sitio web por parte suya. La informaci\u00f3n generada por la cookie sobre su uso de este sitio web generalmente se transmite y almacena en un servidor de Google en los Estados Unidos. Sin embargo, debido a la activaci\u00f3n de la anonimizaci\u00f3n de IP en estos sitios web, su direcci\u00f3n IP ser\u00e1 truncada previamente por Google dentro de los estados miembros de la Uni\u00f3n Europea u otros estados parte del Acuerdo sobre el Espacio Econ\u00f3mico Europeo. Solo en casos excepcionales se transmitir\u00e1 la direcci\u00f3n IP completa a un servidor de Google en los Estados Unidos y se truncar\u00e1 all\u00ed. Por encargo del operador de este sitio web, Google utilizar\u00e1 esta informaci\u00f3n para evaluar su uso del sitio web, compilar informes sobre la actividad del sitio web y proporcionar otros servicios relacionados con la actividad del sitio web y el uso de Internet al operador del sitio web. La direcci\u00f3n IP transmitida por su navegador en el contexto de Google Analytics no se fusionar\u00e1 con otros datos de Google.<\/span><\/p>\n<p class=\"p1\"><span class=\"s1\">Puede evitar el almacenamiento de cookies mediante la configuraci\u00f3n correspondiente de su software de navegador; sin embargo, le informamos que, en este caso, es posible que no pueda utilizar todas las funciones de este sitio web en su totalidad. Adem\u00e1s, puede evitar la recopilaci\u00f3n de datos generados por la cookie y relacionados con su uso del sitio web (incluida su direcci\u00f3n IP) para Google, as\u00ed como el procesamiento de estos datos por parte de Google, descargando e instalando el complemento del navegador disponible en el siguiente enlace: <a href=\"http:\/\/tools.google.com\/dlpage\/gaoptout?hl=de\"><span class=\"s4\">Complemento del navegador para desactivar Google Analytics<\/span><\/a>.<\/span><\/p>\n<p class=\"p1\"><span class=\"s1\">Adem\u00e1s o como alternativa al complemento del navegador, puede evitar el seguimiento de Google Analytics en nuestras p\u00e1ginas haciendo clic en <a href=\"https:\/\/www.activemind.de\/datenschutz\/datenschutzhinweis-generator\/ergebnis\/#\"><span class=\"s4\">este enlace<\/span><\/a>. Esto instalar\u00e1 una cookie de exclusi\u00f3n en su dispositivo. Esto evitar\u00e1 la recopilaci\u00f3n por parte de Google Analytics para este sitio web y este navegador en el futuro, siempre que la cookie permanezca en su navegador.<\/span><\/p>\n<h3 class=\"p3\"><span class=\"s3\">Videos de YouTube incrustados<\/span><\/h3>\n<p class=\"p1\"><span class=\"s1\">En algunas de nuestras p\u00e1ginas web, incrustamos videos de YouTube. El operador de los complementos correspondientes es YouTube, LLC, 901 Cherry Ave., San Bruno, CA 94066, EE. UU. Cuando visita una p\u00e1gina con el complemento de YouTube, se establece una conexi\u00f3n con los servidores de YouTube. YouTube recibe informaci\u00f3n sobre las p\u00e1ginas que visita. Si ha iniciado sesi\u00f3n en su cuenta de YouTube, YouTube puede asignar su comportamiento de navegaci\u00f3n a su perfil personal. Puede evitar esto cerrando la sesi\u00f3n de su cuenta de YouTube antes de visitar nuestro sitio web.<\/span><\/p>\n<p class=\"p1\"><span class=\"s1\">Cuando se inicia un video de YouTube, el proveedor utiliza cookies que recopilan informaci\u00f3n sobre el comportamiento del usuario.<\/span><\/p>\n<p class=\"p1\"><span class=\"s1\">Si ha desactivado el almacenamiento de cookies para el programa Google Ads, no tendr\u00e1 que esperar cookies similares al ver videos de YouTube. Sin embargo, YouTube tambi\u00e9n almacena informaci\u00f3n de uso no personal en otras cookies. Para evitar esto, debe bloquear el almacenamiento de cookies en su navegador.<\/span><\/p>\n<p class=\"p1\"><span class=\"s1\">Para obtener m\u00e1s informaci\u00f3n sobre la protecci\u00f3n de datos en \u00abYouTube\u00bb, consulte la pol\u00edtica de privacidad del proveedor en: <a href=\"https:\/\/www.google.de\/intl\/de\/policies\/privacy\/\"><span class=\"s4\">https:\/\/www.google.de\/intl\/de\/policies\/privacy\/<\/span><\/a><\/span><\/p>\n<h3 class=\"p3\"><span class=\"s3\">Plugins de redes sociales<\/span><\/h3>\n<p class=\"p1\"><span class=\"s1\">En nuestras p\u00e1ginas web, utilizamos plugins de redes sociales de los proveedores enumerados a continuaci\u00f3n. Puede identificar los plugins por el logotipo correspondiente.<\/span><\/p>\n<p class=\"p1\"><span class=\"s1\">Estos plugins pueden enviar informaci\u00f3n, que puede incluir datos personales, al operador del servicio y, posiblemente, ser utilizados por \u00e9l. Evitamos la recopilaci\u00f3n y transmisi\u00f3n involuntaria y no deseada de datos al proveedor de servicios mediante una soluci\u00f3n de 2 clics. Para activar un plugin de redes sociales deseado, primero debe hacer clic en el interruptor correspondiente. Solo mediante esta activaci\u00f3n del plugin se desencadena la recopilaci\u00f3n de informaci\u00f3n y su transmisi\u00f3n al proveedor de servicios. No recopilamos datos personales a trav\u00e9s de los plugins de redes sociales ni a trav\u00e9s de su uso.<\/span><\/p>\n<p class=\"p1\"><span class=\"s1\">No tenemos control sobre qu\u00e9 datos recopila un plugin activado y c\u00f3mo los utiliza el proveedor. Actualmente, se asume que se establecer\u00e1 una conexi\u00f3n directa con los servicios del proveedor, y que se recopilar\u00e1 y utilizar\u00e1 al menos la direcci\u00f3n IP y la informaci\u00f3n relacionada con el dispositivo. Tambi\u00e9n existe la posibilidad de que los proveedores de servicios intenten almacenar cookies en la computadora utilizada. Para obtener informaci\u00f3n espec\u00edfica sobre los datos recopilados y c\u00f3mo se utilizan, consulte las pol\u00edticas de privacidad del proveedor de servicios respectivo. Nota: Si est\u00e1 conectado a Facebook al mismo tiempo, Facebook puede identificarlo como visitante de una p\u00e1gina espec\u00edfica.<\/span><\/p>\n<p class=\"p1\"><span class=\"s1\">Hemos incorporado los botones de redes sociales de las siguientes empresas en nuestro sitio web:<\/span><\/p>\n<p class=\"p2\"><span class=\"s2\">Facebook Inc. (1601 S. California Ave &#8211; Palo Alto &#8211; CA 94304 &#8211; USA)<\/span><span class=\"s1\"><br \/>\n<\/span><span class=\"s2\">Twitter Inc. (795 Folsom St. &#8211; Suite 600 &#8211; San Francisco &#8211; CA 94107 &#8211; USA)<\/span><span class=\"s1\"><br \/>\n<\/span><span class=\"s2\">Google Plus\/Google Inc. (1600 Amphitheatre Parkway &#8211; Mountain View &#8211; CA 94043 &#8211; USA)<\/span><\/p>\n<h3 class=\"p3\"><span class=\"s3\">Google AdWords<\/span><\/h3>\n<p class=\"p1\"><span class=\"s1\">Nuestro sitio web utiliza el seguimiento de conversiones de Google. Si lleg\u00f3 a nuestro sitio web a trav\u00e9s de un anuncio publicitario de Google, Google AdWords coloca una cookie en su computadora. La cookie de seguimiento de conversiones se establece cuando un usuario hace clic en un anuncio publicitario de Google. Estas cookies caducan despu\u00e9s de 30 d\u00edas y no se utilizan para la identificaci\u00f3n personal. Si el usuario visita ciertas p\u00e1ginas de nuestro sitio web y la cookie a\u00fan no ha caducado, nosotros y Google podemos detectar que el usuario hizo clic en el anuncio y fue redirigido a esa p\u00e1gina. Cada cliente de Google AdWords recibe una cookie diferente, por lo que las cookies no se pueden rastrear a trav\u00e9s de los sitios web de los clientes de AdWords. La informaci\u00f3n recopilada mediante la cookie de conversi\u00f3n se utiliza para crear estad\u00edsticas de conversi\u00f3n para los clientes de AdWords que han optado por el seguimiento de conversiones. Los clientes obtienen el n\u00famero total de usuarios que hicieron clic en su anuncio y fueron redirigidos a una p\u00e1gina con una etiqueta de seguimiento de conversi\u00f3n. Sin embargo, no obtienen informaci\u00f3n que permita la identificaci\u00f3n personal de los usuarios.<\/span><\/p>\n<p class=\"p1\"><span class=\"s1\"><i>Si no desea participar en el seguimiento, puede rechazar la configuraci\u00f3n de una cookie necesaria para esto, por ejemplo, a trav\u00e9s de la configuraci\u00f3n del navegador que desactive autom\u00e1ticamente la configuraci\u00f3n de cookies en general o configure su navegador para bloquear las cookies del dominio \u00abgoogleleadservices.com\u00bb.<\/i><\/span><\/p>\n<p class=\"p1\"><span class=\"s1\">Tenga en cuenta que no debe eliminar las cookies de exclusi\u00f3n si no desea que se registren los datos de medici\u00f3n. Si ha eliminado todas sus cookies en el navegador, deber\u00e1 configurar nuevamente la cookie de exclusi\u00f3n correspondiente.<\/span><\/p>\n<h3 class=\"p4\"><span class=\"s1\">Sus derechos a la informaci\u00f3n, correcci\u00f3n, bloqueo, eliminaci\u00f3n y objeci\u00f3n<\/span><\/h3>\n<p class=\"p1\"><span class=\"s1\">Tiene derecho a recibir en cualquier momento informaci\u00f3n sobre los datos personales que tenemos almacenados sobre usted. Del mismo modo, tiene derecho a corregir, bloquear o eliminar sus datos personales, aparte de los datos que debemos retener para fines de archivo relacionados con la transacci\u00f3n comercial. Para ello, p\u00f3ngase en contacto con nuestro oficial de protecci\u00f3n de datos. Los detalles de contacto se encuentran en la parte inferior.<\/span><\/p>\n<p class=\"p1\"><span class=\"s1\">Para que un bloqueo de datos se pueda tener en cuenta en todo momento, estos datos deben mantenerse en un archivo de bloqueo con fines de control. Tambi\u00e9n puede solicitar la eliminaci\u00f3n de los datos siempre que no exista una obligaci\u00f3n legal de archivarlos. En caso de existir una obligaci\u00f3n legal de archivar, bloquearemos sus datos a pedido.<\/span><\/p>\n<p class=\"p1\"><span class=\"s1\">Puede realizar cambios o revocar su consentimiento a trav\u00e9s de una notificaci\u00f3n adecuada a nosotros con efecto futuro.<\/span><\/p>\n<h3 class=\"p4\"><span class=\"s1\">Cambios en nuestras pol\u00edticas de privacidad<\/span><\/h3>\n<p class=\"p1\"><span class=\"s1\">Nos reservamos el derecho de ajustar ocasionalmente esta pol\u00edtica de privacidad para asegurarnos de que siempre cumpla con los requisitos legales actuales o para reflejar cambios en nuestros servicios en la pol\u00edtica de privacidad, como la introducci\u00f3n de nuevos servicios. La nueva pol\u00edtica de privacidad se aplicar\u00e1 a su pr\u00f3xima visita.<br \/>\n<\/span><\/p>\n<h3 class=\"p4\"><span class=\"s1\">Preguntas sobre privacidad de datos<\/span><\/h3>\n<p class=\"p1\"><span class=\"s1\">Si tiene preguntas sobre privacidad de datos, por favor env\u00edenos un correo electr\u00f3nico.<\/span><\/p>\n<p class=\"p5\"><span class=\"s5\"><i>La pol\u00edtica de privacidad se ha creado con el\u00a0<\/i><a href=\"https:\/\/www.activemind.de\/datenschutz\/generatoren\/\"><span class=\"s4\"><i>Generador de pol\u00edtica de privacidad de activeMind AG creado<\/i><\/span><\/a><i>.<\/i><\/span><\/p>\n<p>[\/vc_column_text][\/vc_column][\/vc_row]<\/p>\n<\/div>","protected":false},"excerpt":{"rendered":"<p>[vc_row][vc_column][vc_column_text] Aviso legal Responsable de los contenidos de este sitio web Elke Vogelsang Peiner Stra\u00dfe 46 31137 Hildesheim Alemania Tel\u00e9fono: +49 (0)173 1013288 Direcci\u00f3n de correo: info@elkevogelsang.de Dise\u00f1o web &amp; desarrollo web: Klein Designs Protecci\u00f3n de datos Recopilaci\u00f3n de informaci\u00f3n general Cuando accede a nuestro sitio web, se recopilan autom\u00e1ticamente informaci\u00f3n de car\u00e1cter general. Esta&hellip;<\/p>\n","protected":false},"author":1,"featured_media":0,"parent":0,"menu_order":34,"comment_status":"closed","ping_status":"closed","template":"","meta":{"footnotes":""},"class_list":["post-73442","page","type-page","status-publish","hentry","description-off"],"yoast_head":"<!-- This site is optimized with the Yoast SEO plugin v26.2 - https:\/\/yoast.com\/wordpress\/plugins\/seo\/ -->\n<title>Aviso legal &amp; Protecci\u00f3n de datos - Commercial pet photography by Elke Vogelsang, Hildesheim<\/title>\n<meta name=\"robots\" content=\"noindex, follow\" \/>\n<meta property=\"og:locale\" content=\"es_ES\" \/>\n<meta property=\"og:type\" content=\"article\" \/>\n<meta property=\"og:title\" content=\"Aviso legal &amp; Protecci\u00f3n de datos - Commercial pet photography by Elke Vogelsang, Hildesheim\" \/>\n<meta property=\"og:description\" content=\"[vc_row][vc_column][vc_column_text] Aviso legal Responsable de los contenidos de este sitio web Elke Vogelsang Peiner Stra\u00dfe 46 31137 Hildesheim Alemania Tel\u00e9fono: +49 (0)173 1013288 Direcci\u00f3n de correo: info@elkevogelsang.de Dise\u00f1o web &amp; desarrollo web: Klein Designs Protecci\u00f3n de datos Recopilaci\u00f3n de informaci\u00f3n general Cuando accede a nuestro sitio web, se recopilan autom\u00e1ticamente informaci\u00f3n de car\u00e1cter general. Esta&hellip;\" \/>\n<meta property=\"og:url\" content=\"https:\/\/elkevogelsang.com\/es\/impressum-proteccion-de-datos\/\" \/>\n<meta property=\"og:site_name\" content=\"Commercial pet photography by Elke Vogelsang, Hildesheim\" \/>\n<meta property=\"article:modified_time\" content=\"2023-09-30T13:03:10+00:00\" \/>\n<meta property=\"og:image\" content=\"https:\/\/elkevogelsang.com\/wp-content\/uploads\/2019\/11\/Bubbleface-1.jpg\" \/>\n\t<meta property=\"og:image:width\" content=\"1500\" \/>\n\t<meta property=\"og:image:height\" content=\"1125\" \/>\n\t<meta property=\"og:image:type\" content=\"image\/jpeg\" \/>\n<meta name=\"twitter:card\" content=\"summary_large_image\" \/>\n<meta name=\"twitter:label1\" content=\"Tiempo de lectura\" \/>\n\t<meta name=\"twitter:data1\" content=\"12 minutos\" \/>\n<script type=\"application\/ld+json\" class=\"yoast-schema-graph\">{\"@context\":\"https:\/\/schema.org\",\"@graph\":[{\"@type\":\"WebPage\",\"@id\":\"https:\/\/elkevogelsang.com\/es\/impressum-proteccion-de-datos\/\",\"url\":\"https:\/\/elkevogelsang.com\/es\/impressum-proteccion-de-datos\/\",\"name\":\"Aviso legal & Protecci\u00f3n de datos - Commercial pet photography by Elke Vogelsang, Hildesheim\",\"isPartOf\":{\"@id\":\"https:\/\/elkevogelsang.com\/es\/#website\"},\"datePublished\":\"2023-09-07T18:52:12+00:00\",\"dateModified\":\"2023-09-30T13:03:10+00:00\",\"breadcrumb\":{\"@id\":\"https:\/\/elkevogelsang.com\/es\/impressum-proteccion-de-datos\/#breadcrumb\"},\"inLanguage\":\"es\",\"potentialAction\":[{\"@type\":\"ReadAction\",\"target\":[\"https:\/\/elkevogelsang.com\/es\/impressum-proteccion-de-datos\/\"]}]},{\"@type\":\"BreadcrumbList\",\"@id\":\"https:\/\/elkevogelsang.com\/es\/impressum-proteccion-de-datos\/#breadcrumb\",\"itemListElement\":[{\"@type\":\"ListItem\",\"position\":1,\"name\":\"Startseite\",\"item\":\"https:\/\/elkevogelsang.com\/es\/\"},{\"@type\":\"ListItem\",\"position\":2,\"name\":\"Aviso legal &#038; Protecci\u00f3n de datos\"}]},{\"@type\":\"WebSite\",\"@id\":\"https:\/\/elkevogelsang.com\/es\/#website\",\"url\":\"https:\/\/elkevogelsang.com\/es\/\",\"name\":\"Commercial pet photography by Elke Vogelsang, Hildesheim\",\"description\":\"Commercial and editorial dog photography\",\"potentialAction\":[{\"@type\":\"SearchAction\",\"target\":{\"@type\":\"EntryPoint\",\"urlTemplate\":\"https:\/\/elkevogelsang.com\/es\/?s={search_term_string}\"},\"query-input\":{\"@type\":\"PropertyValueSpecification\",\"valueRequired\":true,\"valueName\":\"search_term_string\"}}],\"inLanguage\":\"es\"}]}<\/script>\n<!-- \/ Yoast SEO plugin. -->","yoast_head_json":{"title":"Aviso legal & Protecci\u00f3n de datos - Commercial pet photography by Elke Vogelsang, Hildesheim","robots":{"index":"noindex","follow":"follow"},"og_locale":"es_ES","og_type":"article","og_title":"Aviso legal & Protecci\u00f3n de datos - Commercial pet photography by Elke Vogelsang, Hildesheim","og_description":"[vc_row][vc_column][vc_column_text] Aviso legal Responsable de los contenidos de este sitio web Elke Vogelsang Peiner Stra\u00dfe 46 31137 Hildesheim Alemania Tel\u00e9fono: +49 (0)173 1013288 Direcci\u00f3n de correo: info@elkevogelsang.de Dise\u00f1o web &amp; desarrollo web: Klein Designs Protecci\u00f3n de datos Recopilaci\u00f3n de informaci\u00f3n general Cuando accede a nuestro sitio web, se recopilan autom\u00e1ticamente informaci\u00f3n de car\u00e1cter general. Esta&hellip;","og_url":"https:\/\/elkevogelsang.com\/es\/impressum-proteccion-de-datos\/","og_site_name":"Commercial pet photography by Elke Vogelsang, Hildesheim","article_modified_time":"2023-09-30T13:03:10+00:00","og_image":[{"width":1500,"height":1125,"url":"https:\/\/elkevogelsang.com\/wp-content\/uploads\/2019\/11\/Bubbleface-1.jpg","type":"image\/jpeg"}],"twitter_card":"summary_large_image","twitter_misc":{"Tiempo de lectura":"12 minutos"},"schema":{"@context":"https:\/\/schema.org","@graph":[{"@type":"WebPage","@id":"https:\/\/elkevogelsang.com\/es\/impressum-proteccion-de-datos\/","url":"https:\/\/elkevogelsang.com\/es\/impressum-proteccion-de-datos\/","name":"Aviso legal & Protecci\u00f3n de datos - Commercial pet photography by Elke Vogelsang, Hildesheim","isPartOf":{"@id":"https:\/\/elkevogelsang.com\/es\/#website"},"datePublished":"2023-09-07T18:52:12+00:00","dateModified":"2023-09-30T13:03:10+00:00","breadcrumb":{"@id":"https:\/\/elkevogelsang.com\/es\/impressum-proteccion-de-datos\/#breadcrumb"},"inLanguage":"es","potentialAction":[{"@type":"ReadAction","target":["https:\/\/elkevogelsang.com\/es\/impressum-proteccion-de-datos\/"]}]},{"@type":"BreadcrumbList","@id":"https:\/\/elkevogelsang.com\/es\/impressum-proteccion-de-datos\/#breadcrumb","itemListElement":[{"@type":"ListItem","position":1,"name":"Startseite","item":"https:\/\/elkevogelsang.com\/es\/"},{"@type":"ListItem","position":2,"name":"Aviso legal &#038; Protecci\u00f3n de datos"}]},{"@type":"WebSite","@id":"https:\/\/elkevogelsang.com\/es\/#website","url":"https:\/\/elkevogelsang.com\/es\/","name":"Commercial pet photography by Elke Vogelsang, Hildesheim","description":"Commercial and editorial dog photography","potentialAction":[{"@type":"SearchAction","target":{"@type":"EntryPoint","urlTemplate":"https:\/\/elkevogelsang.com\/es\/?s={search_term_string}"},"query-input":{"@type":"PropertyValueSpecification","valueRequired":true,"valueName":"search_term_string"}}],"inLanguage":"es"}]}},"_links":{"self":[{"href":"https:\/\/elkevogelsang.com\/es\/wp-json\/wp\/v2\/pages\/73442","targetHints":{"allow":["GET"]}}],"collection":[{"href":"https:\/\/elkevogelsang.com\/es\/wp-json\/wp\/v2\/pages"}],"about":[{"href":"https:\/\/elkevogelsang.com\/es\/wp-json\/wp\/v2\/types\/page"}],"author":[{"embeddable":true,"href":"https:\/\/elkevogelsang.com\/es\/wp-json\/wp\/v2\/users\/1"}],"replies":[{"embeddable":true,"href":"https:\/\/elkevogelsang.com\/es\/wp-json\/wp\/v2\/comments?post=73442"}],"version-history":[{"count":5,"href":"https:\/\/elkevogelsang.com\/es\/wp-json\/wp\/v2\/pages\/73442\/revisions"}],"predecessor-version":[{"id":73589,"href":"https:\/\/elkevogelsang.com\/es\/wp-json\/wp\/v2\/pages\/73442\/revisions\/73589"}],"wp:attachment":[{"href":"https:\/\/elkevogelsang.com\/es\/wp-json\/wp\/v2\/media?parent=73442"}],"curies":[{"name":"wp","href":"https:\/\/api.w.org\/{rel}","templated":true}]}}