{"id":73445,"date":"2023-09-07T21:00:44","date_gmt":"2023-09-07T19:00:44","guid":{"rendered":"https:\/\/elkevogelsang.com\/terminos-y-condiciones-generales\/"},"modified":"2023-09-07T21:00:44","modified_gmt":"2023-09-07T19:00:44","slug":"terminos-y-condiciones-generales","status":"publish","type":"page","link":"https:\/\/elkevogelsang.com\/es\/terminos-y-condiciones-generales\/","title":{"rendered":"T\u00e9rminos y condiciones generales"},"content":{"rendered":"<p>Para la versi\u00f3n en ingl\u00e9s, haga clic aqu\u00ed. <a href=\"https:\/\/elkevogelsang.com\/en\/terms-conditions-for-the-elke-vogelsang-photography-shop\"><span id=\"sample-permalink\" tabindex=\"-1\">https:\/\/elkevogelsang.com\/<span id=\"editable-post-name\"><\/span><\/span>en\/terms-conditions-for-the-elke-vogelsang-photography-shop<\/a><\/p>\n","protected":false},"excerpt":{"rendered":"<p>Para la versi\u00f3n en ingl\u00e9s, haga clic aqu\u00ed. https:\/\/elkevogelsang.com\/en\/terms-conditions-for-the-elke-vogelsang-photography-shop<\/p>\n","protected":false},"author":1,"featured_media":0,"parent":0,"menu_order":18,"comment_status":"closed","ping_status":"open","template":"","meta":{"footnotes":""},"class_list":["post-73445","page","type-page","status-publish","hentry","description-off"],"yoast_head":"<!-- This site is optimized with the Yoast SEO plugin v27.4 - https:\/\/yoast.com\/product\/yoast-seo-wordpress\/ -->\n<title>T\u00e9rminos y condiciones generales - Commercial pet photography by Elke Vogelsang, Hildesheim<\/title>\n<meta name=\"robots\" content=\"index, follow, max-snippet:-1, max-image-preview:large, max-video-preview:-1\" \/>\n<link rel=\"canonical\" href=\"https:\/\/elkevogelsang.com\/es\/terminos-y-condiciones-generales\/\" \/>\n<meta property=\"og:locale\" content=\"es_ES\" \/>\n<meta property=\"og:type\" content=\"article\" \/>\n<meta property=\"og:title\" content=\"T\u00e9rminos y condiciones generales - Commercial pet photography by Elke Vogelsang, Hildesheim\" \/>\n<meta property=\"og:description\" content=\"Para la versi\u00f3n en ingl\u00e9s, haga clic aqu\u00ed. https:\/\/elkevogelsang.com\/en\/terms-conditions-for-the-elke-vogelsang-photography-shop\" \/>\n<meta property=\"og:url\" content=\"https:\/\/elkevogelsang.com\/es\/terminos-y-condiciones-generales\/\" \/>\n<meta property=\"og:site_name\" content=\"Commercial pet photography by Elke Vogelsang, Hildesheim\" \/>\n<meta property=\"og:image\" content=\"https:\/\/elkevogelsang.com\/wp-content\/uploads\/2019\/11\/Bubbleface-1.jpg\" \/>\n\t<meta property=\"og:image:width\" content=\"1500\" \/>\n\t<meta property=\"og:image:height\" content=\"1125\" \/>\n\t<meta property=\"og:image:type\" content=\"image\/jpeg\" \/>\n<meta name=\"twitter:card\" content=\"summary_large_image\" \/>\n<script type=\"application\/ld+json\" class=\"yoast-schema-graph\">{\"@context\":\"https:\\\/\\\/schema.org\",\"@graph\":[{\"@type\":\"WebPage\",\"@id\":\"https:\\\/\\\/elkevogelsang.com\\\/es\\\/terminos-y-condiciones-generales\\\/\",\"url\":\"https:\\\/\\\/elkevogelsang.com\\\/es\\\/terminos-y-condiciones-generales\\\/\",\"name\":\"T\u00e9rminos y condiciones generales - Commercial pet photography by Elke Vogelsang, Hildesheim\",\"isPartOf\":{\"@id\":\"https:\\\/\\\/elkevogelsang.com\\\/es\\\/#website\"},\"datePublished\":\"2023-09-07T19:00:44+00:00\",\"breadcrumb\":{\"@id\":\"https:\\\/\\\/elkevogelsang.com\\\/es\\\/terminos-y-condiciones-generales\\\/#breadcrumb\"},\"inLanguage\":\"es\",\"potentialAction\":[{\"@type\":\"ReadAction\",\"target\":[\"https:\\\/\\\/elkevogelsang.com\\\/es\\\/terminos-y-condiciones-generales\\\/\"]}]},{\"@type\":\"BreadcrumbList\",\"@id\":\"https:\\\/\\\/elkevogelsang.com\\\/es\\\/terminos-y-condiciones-generales\\\/#breadcrumb\",\"itemListElement\":[{\"@type\":\"ListItem\",\"position\":1,\"name\":\"Startseite\",\"item\":\"https:\\\/\\\/elkevogelsang.com\\\/es\\\/\"},{\"@type\":\"ListItem\",\"position\":2,\"name\":\"T\u00e9rminos y condiciones generales\"}]},{\"@type\":\"WebSite\",\"@id\":\"https:\\\/\\\/elkevogelsang.com\\\/es\\\/#website\",\"url\":\"https:\\\/\\\/elkevogelsang.com\\\/es\\\/\",\"name\":\"Commercial pet photography by Elke Vogelsang, Hildesheim\",\"description\":\"Commercial and editorial dog photography\",\"potentialAction\":[{\"@type\":\"SearchAction\",\"target\":{\"@type\":\"EntryPoint\",\"urlTemplate\":\"https:\\\/\\\/elkevogelsang.com\\\/es\\\/?s={search_term_string}\"},\"query-input\":{\"@type\":\"PropertyValueSpecification\",\"valueRequired\":true,\"valueName\":\"search_term_string\"}}],\"inLanguage\":\"es\"}]}<\/script>\n<!-- \/ Yoast SEO plugin. -->","yoast_head_json":{"title":"T\u00e9rminos y condiciones generales - Commercial pet photography by Elke Vogelsang, Hildesheim","robots":{"index":"index","follow":"follow","max-snippet":"max-snippet:-1","max-image-preview":"max-image-preview:large","max-video-preview":"max-video-preview:-1"},"canonical":"https:\/\/elkevogelsang.com\/es\/terminos-y-condiciones-generales\/","og_locale":"es_ES","og_type":"article","og_title":"T\u00e9rminos y condiciones generales - Commercial pet photography by Elke Vogelsang, Hildesheim","og_description":"Para la versi\u00f3n en ingl\u00e9s, haga clic aqu\u00ed. https:\/\/elkevogelsang.com\/en\/terms-conditions-for-the-elke-vogelsang-photography-shop","og_url":"https:\/\/elkevogelsang.com\/es\/terminos-y-condiciones-generales\/","og_site_name":"Commercial pet photography by Elke Vogelsang, Hildesheim","og_image":[{"width":1500,"height":1125,"url":"https:\/\/elkevogelsang.com\/wp-content\/uploads\/2019\/11\/Bubbleface-1.jpg","type":"image\/jpeg"}],"twitter_card":"summary_large_image","schema":{"@context":"https:\/\/schema.org","@graph":[{"@type":"WebPage","@id":"https:\/\/elkevogelsang.com\/es\/terminos-y-condiciones-generales\/","url":"https:\/\/elkevogelsang.com\/es\/terminos-y-condiciones-generales\/","name":"T\u00e9rminos y condiciones generales - Commercial pet photography by Elke Vogelsang, Hildesheim","isPartOf":{"@id":"https:\/\/elkevogelsang.com\/es\/#website"},"datePublished":"2023-09-07T19:00:44+00:00","breadcrumb":{"@id":"https:\/\/elkevogelsang.com\/es\/terminos-y-condiciones-generales\/#breadcrumb"},"inLanguage":"es","potentialAction":[{"@type":"ReadAction","target":["https:\/\/elkevogelsang.com\/es\/terminos-y-condiciones-generales\/"]}]},{"@type":"BreadcrumbList","@id":"https:\/\/elkevogelsang.com\/es\/terminos-y-condiciones-generales\/#breadcrumb","itemListElement":[{"@type":"ListItem","position":1,"name":"Startseite","item":"https:\/\/elkevogelsang.com\/es\/"},{"@type":"ListItem","position":2,"name":"T\u00e9rminos y condiciones generales"}]},{"@type":"WebSite","@id":"https:\/\/elkevogelsang.com\/es\/#website","url":"https:\/\/elkevogelsang.com\/es\/","name":"Commercial pet photography by Elke Vogelsang, Hildesheim","description":"Commercial and editorial dog photography","potentialAction":[{"@type":"SearchAction","target":{"@type":"EntryPoint","urlTemplate":"https:\/\/elkevogelsang.com\/es\/?s={search_term_string}"},"query-input":{"@type":"PropertyValueSpecification","valueRequired":true,"valueName":"search_term_string"}}],"inLanguage":"es"}]}},"_links":{"self":[{"href":"https:\/\/elkevogelsang.com\/es\/wp-json\/wp\/v2\/pages\/73445","targetHints":{"allow":["GET"]}}],"collection":[{"href":"https:\/\/elkevogelsang.com\/es\/wp-json\/wp\/v2\/pages"}],"about":[{"href":"https:\/\/elkevogelsang.com\/es\/wp-json\/wp\/v2\/types\/page"}],"author":[{"embeddable":true,"href":"https:\/\/elkevogelsang.com\/es\/wp-json\/wp\/v2\/users\/1"}],"replies":[{"embeddable":true,"href":"https:\/\/elkevogelsang.com\/es\/wp-json\/wp\/v2\/comments?post=73445"}],"version-history":[{"count":0,"href":"https:\/\/elkevogelsang.com\/es\/wp-json\/wp\/v2\/pages\/73445\/revisions"}],"wp:attachment":[{"href":"https:\/\/elkevogelsang.com\/es\/wp-json\/wp\/v2\/media?parent=73445"}],"curies":[{"name":"wp","href":"https:\/\/api.w.org\/{rel}","templated":true}]}}