{"id":73446,"date":"2023-09-07T21:01:39","date_gmt":"2023-09-07T19:01:39","guid":{"rendered":"https:\/\/elkevogelsang.com\/contacto\/"},"modified":"2025-10-23T20:56:24","modified_gmt":"2025-10-23T18:56:24","slug":"contacto","status":"publish","type":"page","link":"https:\/\/elkevogelsang.com\/es\/contacto\/","title":{"rendered":"Contacto"},"content":{"rendered":"<div class=\"wpb-content-wrapper\"><p>[vc_row][vc_column width=\u00bb1\/6&#8243;][\/vc_column][vc_column width=\u00bb2\/3&#8243;][vc_column_text]<\/p>\n<section id=\"block-80\" class=\"widget widget_block\">\n<h2 style=\"text-align: center;\">Para aplicaciones comerciales y licencias<\/h2>\n<p style=\"text-align: center;\">Para solicitudes comerciales, como licencias de im\u00e1genes, editoriales, reservas, etc., utiliza mi formulario de contacto.<\/p>\n<p style=\"text-align: center;\">Tambi\u00e9n puedes contactarme por tel\u00e9fono:<br \/>\n<a href=\"tel:+491731013288\">+49 (0)173 101 3288<\/a><\/p>\n<p style=\"text-align: center;\">O env\u00eda un correo electr\u00f3nico a:<br \/>\n<a href=\"mailto:info@elkevogelsang.com\">info@elkevogelsang.com<\/a><\/p>\n<p style=\"text-align: center;\">Me pondr\u00e9 en contacto contigo lo antes posible.<\/p>\n<p style=\"text-align: center;\">\u00a1Muchas gracias!<\/p>\n<p>&nbsp;<\/p>\n<\/section>\n<section id=\"block-81\" class=\"widget widget_block\">\n<div class=\"wp-block-group\">\n<div class=\"wp-block-group__inner-container is-layout-flow wp-block-group-is-layout-flow\">\n<h2 id=\"private-fotoshootings\" class=\"wp-block-heading\" style=\"text-align: center;\">Para organizaciones protectoras de animales<\/h2>\n<p class=\"abstand-1\" style=\"text-align: center;\">Si tienes un proyecto de bienestar animal, como un refugio en Espa\u00f1a, y necesitas ayuda en forma de fotos, ponte en contacto conmigo. Quiz\u00e1 juntos podamos hacer que el mundo animal sea un poco mejor.<\/p>\n<\/div>\n<\/div>\n<\/section>\n<p>[\/vc_column_text][vc_single_image image=\u00bb75002&#8243; img_size=\u00bbfull\u00bb][\/vc_column][vc_column width=\u00bb1\/6&#8243;][\/vc_column][\/vc_row]<\/p>\n<\/div>","protected":false},"excerpt":{"rendered":"<p>[vc_row][vc_column width=\u00bb1\/6&#8243;][\/vc_column][vc_column width=\u00bb2\/3&#8243;][vc_column_text] Para aplicaciones comerciales y licencias Para solicitudes comerciales, como licencias de im\u00e1genes, editoriales, reservas, etc., utiliza mi formulario de contacto. Tambi\u00e9n puedes contactarme por tel\u00e9fono: +49 (0)173 101 3288 O env\u00eda un correo electr\u00f3nico a: info@elkevogelsang.com Me pondr\u00e9 en contacto contigo lo antes posible. \u00a1Muchas gracias! &nbsp; Para organizaciones protectoras de animales&hellip;<\/p>\n","protected":false},"author":1,"featured_media":0,"parent":0,"menu_order":5,"comment_status":"closed","ping_status":"closed","template":"","meta":{"footnotes":""},"class_list":["post-73446","page","type-page","status-publish","hentry","description-off"],"yoast_head":"<!-- This site is optimized with the Yoast SEO plugin v26.2 - https:\/\/yoast.com\/wordpress\/plugins\/seo\/ -->\n<title>Contacto - Comercial pet photography by Elke Vogelsang<\/title>\n<meta name=\"robots\" content=\"index, follow, max-snippet:-1, max-image-preview:large, max-video-preview:-1\" \/>\n<link rel=\"canonical\" href=\"https:\/\/elkevogelsang.com\/es\/contacto\/\" \/>\n<meta property=\"og:locale\" content=\"es_ES\" \/>\n<meta property=\"og:type\" content=\"article\" \/>\n<meta property=\"og:title\" content=\"Contacto - Comercial pet photography by Elke Vogelsang\" \/>\n<meta property=\"og:description\" content=\"[vc_row][vc_column width=\u00bb1\/6&#8243;][\/vc_column][vc_column width=\u00bb2\/3&#8243;][vc_column_text] Para aplicaciones comerciales y licencias Para solicitudes comerciales, como licencias de im\u00e1genes, editoriales, reservas, etc., utiliza mi formulario de contacto. Tambi\u00e9n puedes contactarme por tel\u00e9fono: +49 (0)173 101 3288 O env\u00eda un correo electr\u00f3nico a: info@elkevogelsang.com Me pondr\u00e9 en contacto contigo lo antes posible. \u00a1Muchas gracias! &nbsp; Para organizaciones protectoras de animales&hellip;\" \/>\n<meta property=\"og:url\" content=\"https:\/\/elkevogelsang.com\/es\/contacto\/\" \/>\n<meta property=\"og:site_name\" content=\"Commercial pet photography by Elke Vogelsang, Hildesheim\" \/>\n<meta property=\"article:modified_time\" content=\"2025-10-23T18:56:24+00:00\" \/>\n<meta property=\"og:image\" content=\"https:\/\/elkevogelsang.com\/wp-content\/uploads\/2019\/11\/Bubbleface-1.jpg\" \/>\n\t<meta property=\"og:image:width\" content=\"1500\" \/>\n\t<meta property=\"og:image:height\" content=\"1125\" \/>\n\t<meta property=\"og:image:type\" content=\"image\/jpeg\" \/>\n<meta name=\"twitter:card\" content=\"summary_large_image\" \/>\n<meta name=\"twitter:label1\" content=\"Tiempo de lectura\" \/>\n\t<meta name=\"twitter:data1\" content=\"1 minuto\" \/>\n<script type=\"application\/ld+json\" class=\"yoast-schema-graph\">{\"@context\":\"https:\/\/schema.org\",\"@graph\":[{\"@type\":\"WebPage\",\"@id\":\"https:\/\/elkevogelsang.com\/es\/contacto\/\",\"url\":\"https:\/\/elkevogelsang.com\/es\/contacto\/\",\"name\":\"Contacto - Comercial pet photography by Elke Vogelsang\",\"isPartOf\":{\"@id\":\"https:\/\/elkevogelsang.com\/es\/#website\"},\"datePublished\":\"2023-09-07T19:01:39+00:00\",\"dateModified\":\"2025-10-23T18:56:24+00:00\",\"breadcrumb\":{\"@id\":\"https:\/\/elkevogelsang.com\/es\/contacto\/#breadcrumb\"},\"inLanguage\":\"es\",\"potentialAction\":[{\"@type\":\"ReadAction\",\"target\":[\"https:\/\/elkevogelsang.com\/es\/contacto\/\"]}]},{\"@type\":\"BreadcrumbList\",\"@id\":\"https:\/\/elkevogelsang.com\/es\/contacto\/#breadcrumb\",\"itemListElement\":[{\"@type\":\"ListItem\",\"position\":1,\"name\":\"Startseite\",\"item\":\"https:\/\/elkevogelsang.com\/es\/\"},{\"@type\":\"ListItem\",\"position\":2,\"name\":\"Contacto\"}]},{\"@type\":\"WebSite\",\"@id\":\"https:\/\/elkevogelsang.com\/es\/#website\",\"url\":\"https:\/\/elkevogelsang.com\/es\/\",\"name\":\"Commercial pet photography by Elke Vogelsang, Hildesheim\",\"description\":\"Commercial and editorial dog photography\",\"potentialAction\":[{\"@type\":\"SearchAction\",\"target\":{\"@type\":\"EntryPoint\",\"urlTemplate\":\"https:\/\/elkevogelsang.com\/es\/?s={search_term_string}\"},\"query-input\":{\"@type\":\"PropertyValueSpecification\",\"valueRequired\":true,\"valueName\":\"search_term_string\"}}],\"inLanguage\":\"es\"}]}<\/script>\n<!-- \/ Yoast SEO plugin. -->","yoast_head_json":{"title":"Contacto - Comercial pet photography by Elke Vogelsang","robots":{"index":"index","follow":"follow","max-snippet":"max-snippet:-1","max-image-preview":"max-image-preview:large","max-video-preview":"max-video-preview:-1"},"canonical":"https:\/\/elkevogelsang.com\/es\/contacto\/","og_locale":"es_ES","og_type":"article","og_title":"Contacto - Comercial pet photography by Elke Vogelsang","og_description":"[vc_row][vc_column width=\u00bb1\/6&#8243;][\/vc_column][vc_column width=\u00bb2\/3&#8243;][vc_column_text] Para aplicaciones comerciales y licencias Para solicitudes comerciales, como licencias de im\u00e1genes, editoriales, reservas, etc., utiliza mi formulario de contacto. Tambi\u00e9n puedes contactarme por tel\u00e9fono: +49 (0)173 101 3288 O env\u00eda un correo electr\u00f3nico a: info@elkevogelsang.com Me pondr\u00e9 en contacto contigo lo antes posible. \u00a1Muchas gracias! &nbsp; Para organizaciones protectoras de animales&hellip;","og_url":"https:\/\/elkevogelsang.com\/es\/contacto\/","og_site_name":"Commercial pet photography by Elke Vogelsang, Hildesheim","article_modified_time":"2025-10-23T18:56:24+00:00","og_image":[{"width":1500,"height":1125,"url":"https:\/\/elkevogelsang.com\/wp-content\/uploads\/2019\/11\/Bubbleface-1.jpg","type":"image\/jpeg"}],"twitter_card":"summary_large_image","twitter_misc":{"Tiempo de lectura":"1 minuto"},"schema":{"@context":"https:\/\/schema.org","@graph":[{"@type":"WebPage","@id":"https:\/\/elkevogelsang.com\/es\/contacto\/","url":"https:\/\/elkevogelsang.com\/es\/contacto\/","name":"Contacto - Comercial pet photography by Elke Vogelsang","isPartOf":{"@id":"https:\/\/elkevogelsang.com\/es\/#website"},"datePublished":"2023-09-07T19:01:39+00:00","dateModified":"2025-10-23T18:56:24+00:00","breadcrumb":{"@id":"https:\/\/elkevogelsang.com\/es\/contacto\/#breadcrumb"},"inLanguage":"es","potentialAction":[{"@type":"ReadAction","target":["https:\/\/elkevogelsang.com\/es\/contacto\/"]}]},{"@type":"BreadcrumbList","@id":"https:\/\/elkevogelsang.com\/es\/contacto\/#breadcrumb","itemListElement":[{"@type":"ListItem","position":1,"name":"Startseite","item":"https:\/\/elkevogelsang.com\/es\/"},{"@type":"ListItem","position":2,"name":"Contacto"}]},{"@type":"WebSite","@id":"https:\/\/elkevogelsang.com\/es\/#website","url":"https:\/\/elkevogelsang.com\/es\/","name":"Commercial pet photography by Elke Vogelsang, Hildesheim","description":"Commercial and editorial dog photography","potentialAction":[{"@type":"SearchAction","target":{"@type":"EntryPoint","urlTemplate":"https:\/\/elkevogelsang.com\/es\/?s={search_term_string}"},"query-input":{"@type":"PropertyValueSpecification","valueRequired":true,"valueName":"search_term_string"}}],"inLanguage":"es"}]}},"_links":{"self":[{"href":"https:\/\/elkevogelsang.com\/es\/wp-json\/wp\/v2\/pages\/73446","targetHints":{"allow":["GET"]}}],"collection":[{"href":"https:\/\/elkevogelsang.com\/es\/wp-json\/wp\/v2\/pages"}],"about":[{"href":"https:\/\/elkevogelsang.com\/es\/wp-json\/wp\/v2\/types\/page"}],"author":[{"embeddable":true,"href":"https:\/\/elkevogelsang.com\/es\/wp-json\/wp\/v2\/users\/1"}],"replies":[{"embeddable":true,"href":"https:\/\/elkevogelsang.com\/es\/wp-json\/wp\/v2\/comments?post=73446"}],"version-history":[{"count":6,"href":"https:\/\/elkevogelsang.com\/es\/wp-json\/wp\/v2\/pages\/73446\/revisions"}],"predecessor-version":[{"id":75064,"href":"https:\/\/elkevogelsang.com\/es\/wp-json\/wp\/v2\/pages\/73446\/revisions\/75064"}],"wp:attachment":[{"href":"https:\/\/elkevogelsang.com\/es\/wp-json\/wp\/v2\/media?parent=73446"}],"curies":[{"name":"wp","href":"https:\/\/api.w.org\/{rel}","templated":true}]}}