{"id":73455,"date":"2023-09-09T11:37:57","date_gmt":"2023-09-09T09:37:57","guid":{"rendered":"https:\/\/elkevogelsang.com\/nuestra-historia\/"},"modified":"2025-06-06T12:30:15","modified_gmt":"2025-06-06T10:30:15","slug":"nuestra-historia","status":"publish","type":"page","link":"https:\/\/elkevogelsang.com\/es\/nuestra-historia\/","title":{"rendered":"Nuestra historia"},"content":{"rendered":"\r\n<h2 class=\"wp-block-heading\">De perros abandonados a salvavidas<\/h2>\r\n\r\n\r\n\r\n<p>Una vez abandonados y condenados a muerte, luego rescatados y adoptados, ahora son salvavidas y tambi\u00e9n miembros queridos de la familia&#8230; Mis im\u00e1genes son una declaraci\u00f3n de amor y gratitud hacia los perros \u2013 en particular, tres perros rescatados de la calle espa\u00f1ola, que completaron nuestra familia, salvaron la vida de su due\u00f1o y cambiaron toda nuestra vida para mejor.<\/p>\r\n<p>Mi obsesi\u00f3n por la fotograf\u00eda comenz\u00f3 cuando mi marido, Carsten, enferm\u00f3 gravemente. El d\u00eda de Navidad de 2009 los perros (en aquellos d\u00edas s\u00f3lo hab\u00eda Noodles y Scout, dos mezclas de Galgo Espa\u00f1ol) de repente empezaron a ladrar y aullar. Cuando corrieron a la puerta del ba\u00f1o, encontr\u00e9 a Carsten inconsciente. Le cont\u00e9 al m\u00e9dico de urgencias sobre un fuerte dolor de cabeza que Carsten hab\u00eda sufrido unas semanas antes. El m\u00e9dico inform\u00f3 a sus colegas por el m\u00f3vil de que el paciente estaba \u00abmoribundo\u00bb. Carsten fue llevado al hospital inmediatamente. Me dijeron que iniciar\u00edan un coma inducido. El diagn\u00f3stico fue una hemorragia cerebral grave debida a la rotura de un aneurisma.<\/p>\r\n<p>Los meses siguientes estuvieron marcados por la temblorosa incertidumbre. En contra de las expectativas de los m\u00e9dico, hab\u00eda sobrevivido. Hab\u00edamos conseguido superar este obst\u00e1culo, pero todav\u00eda nadie pod\u00eda decirme si podr\u00eda recuperarse o volver a llevar una vida normal.<\/p>\r\n<p>Unas de las primeras preguntas que pudo responder fue sobre los nombres de nuestros perros. No tuvo memoria a corto plazo durante muchas semanas. Tampoco ten\u00eda ni idea de qu\u00e9 a\u00f1o era ni de d\u00f3nde estaba.<\/p>\r\n\r\n\r\n\r\n<h2 class=\"wp-block-heading\">Semanas de incertidumbre<\/h2>\r\n\r\n\r\n\r\n<p>Durante esas semanas de incertidumbre, para tratar de mantener la normalidad en la medida de lo posible, decid\u00ed llevar a cabo un proyecto fotogr\u00e1fico de \u00abuna foto al d\u00eda\u201c. Tambi\u00e9n sirvi\u00f3 de diario fotogr\u00e1fico para mi marido.<\/p>\r\n\r\n\r\n\r\n<h2 class=\"wp-block-heading\">Cura<\/h2>\r\n\r\n\r\n\r\n<p>Me alegro de haber tenido a mi familia, a mis amigos, a nuestros perros (que eran a\u00fan m\u00e1s cari\u00f1osos de lo normal en aquellos d\u00edas) y a la fotograf\u00eda para distraerme en aquellos momentos. Recuerdo perfectamente el d\u00eda en que Carsten empez\u00f3 a recordar cosas. Me salud\u00f3 con las palabras: &#8216;Creo que lo que pas\u00f3 ayer debe haber sido m\u00e1s grave de lo que pensaba&#8217;. Pero ese \u00abayer\u00bb hab\u00eda sido hac\u00eda tres meses. Se recuper\u00f3 incluso mejor que las predicciones m\u00e1s positivas. Tuvimos suerte y la suerte nos lleg\u00f3 en forma de tres perros alertos, m\u00e9dicos maravillosos y el asombroso poder de recuperaci\u00f3n de mi marido.<\/p>\r\n\r\n\r\n\r\n<h2 class=\"wp-block-heading\">La creatividad como ocupaci\u00f3n curativa<\/h2>\r\n\r\n\r\n\r\n<p>La mejor manera de destacar tus habilidades es practicar tan a menudo como puedas. No pod\u00eda dejar de hacer fotos, ni siquiera cuando mi marido volvi\u00f3 a casa. Con otros familiares enfermos a los que cuidar, el estr\u00e9s segu\u00eda jugando una gran parte en nuestras vidas.<span class=\"Apple-converted-space\">\u00a0<\/span><\/p>\r\n<p>La fotograf\u00eda se hab\u00eda convertido en algo parecido a una terapia. Como publicaba mis fotos en Internet, ten\u00eda que pensar en ideas y fotos presentables a diario. Le\u00eda todos los libros de fotograf\u00eda que ca\u00edan en mis manos. No cre\u00eda en mi talento, simplemente hac\u00eda fotos todo el tiempo. Mis fotos y mis habilidades fueron mejorando. Como mis motivos segu\u00edan siendo principalmente nuestros perros, cada vez m\u00e1s gente me preguntaba si tambi\u00e9n pod\u00eda fotografiar a sus perros.<\/p>\r\n\r\n\r\n\r\n<h2 class=\"wp-block-heading\">Nueva vida<\/h2>\r\n\r\n\r\n\r\n<p>Los acontecimientos dram\u00e1ticos te hacen pensar en la vida y en lo que te gustar\u00eda hacer de ella. Mi trabajo como traductora aut\u00f3noma era seguro y funcionaba bien, pero no era emocionante ni creativo. Me sent\u00eda atrapada en la rutina y en un trabajo aburrido. As\u00ed que me atrev\u00ed a dar el paso y convertir mi afici\u00f3n en profesi\u00f3n. Ahora, unos a\u00f1os despu\u00e9s, trabajo con \u00e9xito y a tiempo completo como fot\u00f3grafa profesional y no podr\u00eda estar m\u00e1s contenta con mi decisi\u00f3n.<\/p>\r\n\r\n\r\n\r\n<h2 class=\"wp-block-heading\">\u00c9xito<\/h2>\r\n\r\n\r\n\r\n<p>Mis fotograf\u00edas, as\u00ed como las de mis tres chuchos espa\u00f1oles rescatados, han adquirido fama internacional, premiada con apariciones en televisi\u00f3n, incluido el programa Good Morning America, y en publicaciones de todo el mundo, entre ellas National Geographic, The Daily Telegraph, Die Zeit, The Huffington Post, La Repubblica y muchas m\u00e1s. Mi trabajo tambi\u00e9n ha sido portada de docenas de revistas, entre ellas The Sunday Times Magazine y Science Magazine. Es mi historia de \u00abresquicios de esperanza\u00bb.<\/p>\r\n\r\n\r\n\r\n<h2 class=\"wp-block-heading\">Haz lo que amas<\/h2>\r\n\r\n\r\n\r\n<p>La fotograf\u00eda es ahora mi trabajo, ya que soy fot\u00f3grafa comercial y editorial a tiempo completo especializada en retratos de mascotas. Es mi afici\u00f3n, mi salida creativa diaria y, junto a los perros, mi pasatiempo favorito. Si alguien me hubiera dicho hace unos a\u00f1os que esto era posible, no me lo habr\u00eda cre\u00eddo.<\/p>\r\n\r\n\r\n\r\n<h2 class=\"wp-block-heading\">Los perros son familia<\/h2>\r\n\r\n\r\n\r\n<p>Mis perros son mi alegr\u00eda, mi recreo, mi fuente constante de risas. Son musas, amigos y miembros de mi familia. Los tres son perros rescatados. Pero la basura de un hombre es el tesoro de otro. Y ellos son mis tesoros.<\/p>\r\n\r\n\r\n\r\n<h2 class=\"wp-block-heading\">Perros de refugio<\/h2>\r\n\r\n\r\n\r\n<p>Todav\u00eda existen algunos estereotipos y conceptos err\u00f3neos sobre los perros de refugio. Cuando se habla de perros de protectoras, mucha gente da por sentado que algo debe andar mal para que un perro acabe en una protectora. Pero los animales son abandonados por diversas razones, por ejemplo, el due\u00f1o ha muerto; descienden de una camada no deseada; el animal ha tenido que ser retirado de un entorno nocivo por culpa de un due\u00f1o negligente o maltratador. Los due\u00f1os no ten\u00edan ni idea de la responsabilidad que conlleva; tuvieron que mudarse de piso y no se les permiti\u00f3 llevarse mascotas; los perros se utilizaban como animales \u00fatiles y debido a lesiones o a la edad ya no pod\u00edan rendir como se esperaba, etc.<\/p>\r\n<p>Incluso los perros que han sufrido malos tratos masivos suelen tener una notable capacidad de recuperaci\u00f3n. Con paciencia y cari\u00f1o, a menudo son capaces de volver a confiar en los seres humanos. Los refugios bien dirigidos dar\u00e1n a las personas interesadas la oportunidad de conocer al posible nuevo miembro de la familia y discutir si la mascota es adecuada para el entorno y la situaci\u00f3n propuestos. En los refugios hay perros adorables de muchas razas en busca de hogar, incluso cachorros y razas puras. Seguro que puedes encontrar a tu pr\u00f3ximo amigo canino y miembro de la familia en tu refugio local o a trav\u00e9s de una organizaci\u00f3n de rescate. Yo lo hice, t\u00fa tambi\u00e9n puedes.<\/p>\r\n\r\n\r\n\r\n<h2 class=\"wp-block-heading\">\u00bfMi raza favorita? \u00a1Adoptada!<\/h2>\r\n\r\n\r\n\r\n<p>De izquierda a derecha: Ioli, Noodles y Scout:<\/p>\r\n\r\n\r\n\r\n<figure class=\"wp-block-image size-large\"><img loading=\"lazy\" decoding=\"async\" width=\"1170\" height=\"658\" class=\"wp-image-63375\" src=\"https:\/\/elkevogelsang.com\/wp-content\/uploads\/2021\/05\/The-Spanish-heros-1170x658.jpg\" alt=\"Tres mestizos espa\u00f1oles\" srcset=\"https:\/\/elkevogelsang.com\/wp-content\/uploads\/2021\/05\/The-Spanish-heros-1170x658.jpg 1170w, https:\/\/elkevogelsang.com\/wp-content\/uploads\/2021\/05\/The-Spanish-heros-800x450.jpg 800w, https:\/\/elkevogelsang.com\/wp-content\/uploads\/2021\/05\/The-Spanish-heros-768x432.jpg 768w, https:\/\/elkevogelsang.com\/wp-content\/uploads\/2021\/05\/The-Spanish-heros-1536x864.jpg 1536w, https:\/\/elkevogelsang.com\/wp-content\/uploads\/2021\/05\/The-Spanish-heros-340x191.jpg 340w, https:\/\/elkevogelsang.com\/wp-content\/uploads\/2021\/05\/The-Spanish-heros-370x208.jpg 370w, https:\/\/elkevogelsang.com\/wp-content\/uploads\/2021\/05\/The-Spanish-heros.jpg 2000w\" sizes=\"auto, (max-width: 1170px) 100vw, 1170px\" \/><\/figure>\r\n\r\n\r\n\r\n<h2>Despedidas<\/h2>\r\n<p>Tuvimos mucha suerte de poder tener a nuestros tres espa\u00f1oles todo el tiempo que es posible con perro, aunque el tiempo nunca es suficiente. En 2021 tuvimos que despedirnos de Noodles y en 2024 tanto de Ioli como de Scout. Las palabras nunca podr\u00e1n expresar la gratitud que siento por ellos. Espero poder mostrar mi admiraci\u00f3n por ellos en las muchas, muchas im\u00e1genes que guardar\u00e9 para siempre.<\/p>\r\n<h2>Nuevos comienzos<\/h2>\r\n<p>Desde mayo de 2025, un galgo espa\u00f1ol guap\u00edsimo, divertido y confiado es nuestro nuevo miembro de la familia. Su nombre es Alfonso, tambi\u00e9n llamado Fonsito, Fonso, der Gro\u00dfe Fonsor. Ha conquistado nuestros corazones.<br \/>Es rid\u00edculo cu\u00e1nta diversi\u00f3n, alegr\u00eda, felicidad, ejercicio y salud puede darte un perro.<br \/>Alfonso no tuvo el mejor comienzo en la vida, ya que fue abandonado por un cazador en Andaluc\u00eda, Espa\u00f1a. Como muchos de su raza (el galgo espa\u00f1ol), fue criado para la caza. Si no son aprovechables, los abandonan (o algo peor). Rescatado por la maravillosa gente de Ad\u00f3ptalo Madrid, Alfonso tuvo mucha suerte de ir a una cari\u00f1osa casa de acogida. Me dijeron que ya era descarado y seguro de s\u00ed mismo.<br \/>Es un rayo de sol y nuestra fuente diaria de energ\u00eda. Es todo lo que siempre he deseado y m\u00e1s. Su energ\u00eda es contagiosa.<br \/>\u00bfSabe \u00e9l cu\u00e1nta alegr\u00eda nos da? \u00bfSomos capaces de darle la misma alegr\u00eda a cambio? Lo intentamos.<\/p>\r\n<p><a class=\"dt-pswp-item\" href=\"https:\/\/elkevogelsang.com\/wp-content\/uploads\/2025\/06\/20250501_Alfonso_LittleDevil.jpg\" data-dt-img-description=\"\" data-large_image_width=\"1067\" data-large_image_height=\"1600\"><img loading=\"lazy\" decoding=\"async\" class=\"aligncenter size-full wp-image-74987\" src=\"https:\/\/elkevogelsang.com\/wp-content\/uploads\/2025\/06\/20250501_Alfonso_LittleDevil.jpg\" alt=\"a galgo espa\u00f1ol puppy\" width=\"1067\" height=\"1600\" srcset=\"https:\/\/elkevogelsang.com\/wp-content\/uploads\/2025\/06\/20250501_Alfonso_LittleDevil.jpg 1067w, https:\/\/elkevogelsang.com\/wp-content\/uploads\/2025\/06\/20250501_Alfonso_LittleDevil-534x800.jpg 534w, https:\/\/elkevogelsang.com\/wp-content\/uploads\/2025\/06\/20250501_Alfonso_LittleDevil-780x1170.jpg 780w, https:\/\/elkevogelsang.com\/wp-content\/uploads\/2025\/06\/20250501_Alfonso_LittleDevil-768x1152.jpg 768w, https:\/\/elkevogelsang.com\/wp-content\/uploads\/2025\/06\/20250501_Alfonso_LittleDevil-1024x1536.jpg 1024w\" sizes=\"auto, (max-width: 1067px) 100vw, 1067px\" \/><\/a><\/p>\r\n","protected":false},"excerpt":{"rendered":"<p>De perros abandonados a salvavidas Una vez abandonados y condenados a muerte, luego rescatados y adoptados, ahora son salvavidas y tambi\u00e9n miembros queridos de la familia&#8230; Mis im\u00e1genes son una declaraci\u00f3n de amor y gratitud hacia los perros \u2013 en particular, tres perros rescatados de la calle espa\u00f1ola, que completaron nuestra familia, salvaron la vida&hellip;<\/p>\n","protected":false},"author":1,"featured_media":0,"parent":0,"menu_order":0,"comment_status":"closed","ping_status":"closed","template":"","meta":{"footnotes":""},"class_list":["post-73455","page","type-page","status-publish","hentry","description-off"],"yoast_head":"<!-- This site is optimized with the Yoast SEO plugin v27.4 - https:\/\/yoast.com\/product\/yoast-seo-wordpress\/ -->\n<title>De perros abandonados a salvavidas<\/title>\n<meta name=\"description\" content=\"Mi fotograf\u00eda es una declaraci\u00f3n de amor a los perros, en particular a tres perros rescatados que salvaron la vida de su due\u00f1o y cambiaron nuestras vidas para mejor.\" \/>\n<meta name=\"robots\" content=\"index, follow, max-snippet:-1, max-image-preview:large, max-video-preview:-1\" \/>\n<link rel=\"canonical\" href=\"https:\/\/elkevogelsang.com\/es\/nuestra-historia\/\" \/>\n<meta property=\"og:locale\" content=\"es_ES\" \/>\n<meta property=\"og:type\" content=\"article\" \/>\n<meta property=\"og:title\" content=\"De perros abandonados a salvavidas\" \/>\n<meta property=\"og:description\" content=\"Mi fotograf\u00eda es una declaraci\u00f3n de amor a los perros, en particular a tres perros rescatados que salvaron la vida de su due\u00f1o y cambiaron nuestras vidas para mejor.\" \/>\n<meta property=\"og:url\" content=\"https:\/\/elkevogelsang.com\/es\/nuestra-historia\/\" \/>\n<meta property=\"og:site_name\" content=\"Commercial pet photography by Elke Vogelsang, Hildesheim\" \/>\n<meta property=\"article:modified_time\" content=\"2025-06-06T10:30:15+00:00\" \/>\n<meta property=\"og:image\" content=\"https:\/\/elkevogelsang.com\/wp-content\/uploads\/2021\/05\/The-Spanish-heros.jpg\" \/>\n\t<meta property=\"og:image:width\" content=\"2000\" \/>\n\t<meta property=\"og:image:height\" content=\"1125\" \/>\n\t<meta property=\"og:image:type\" content=\"image\/jpeg\" \/>\n<meta name=\"twitter:card\" content=\"summary_large_image\" \/>\n<meta name=\"twitter:label1\" content=\"Tiempo de lectura\" \/>\n\t<meta name=\"twitter:data1\" content=\"7 minutos\" \/>\n<script type=\"application\/ld+json\" class=\"yoast-schema-graph\">{\"@context\":\"https:\\\/\\\/schema.org\",\"@graph\":[{\"@type\":\"WebPage\",\"@id\":\"https:\\\/\\\/elkevogelsang.com\\\/es\\\/nuestra-historia\\\/\",\"url\":\"https:\\\/\\\/elkevogelsang.com\\\/es\\\/nuestra-historia\\\/\",\"name\":\"De perros abandonados a salvavidas\",\"isPartOf\":{\"@id\":\"https:\\\/\\\/elkevogelsang.com\\\/es\\\/#website\"},\"primaryImageOfPage\":{\"@id\":\"https:\\\/\\\/elkevogelsang.com\\\/es\\\/nuestra-historia\\\/#primaryimage\"},\"image\":{\"@id\":\"https:\\\/\\\/elkevogelsang.com\\\/es\\\/nuestra-historia\\\/#primaryimage\"},\"thumbnailUrl\":\"https:\\\/\\\/elkevogelsang.com\\\/wp-content\\\/uploads\\\/2021\\\/05\\\/The-Spanish-heros-1170x658.jpg\",\"datePublished\":\"2023-09-09T09:37:57+00:00\",\"dateModified\":\"2025-06-06T10:30:15+00:00\",\"description\":\"Mi fotograf\u00eda es una declaraci\u00f3n de amor a los perros, en particular a tres perros rescatados que salvaron la vida de su due\u00f1o y cambiaron nuestras vidas para mejor.\",\"breadcrumb\":{\"@id\":\"https:\\\/\\\/elkevogelsang.com\\\/es\\\/nuestra-historia\\\/#breadcrumb\"},\"inLanguage\":\"es\",\"potentialAction\":[{\"@type\":\"ReadAction\",\"target\":[\"https:\\\/\\\/elkevogelsang.com\\\/es\\\/nuestra-historia\\\/\"]}]},{\"@type\":\"ImageObject\",\"inLanguage\":\"es\",\"@id\":\"https:\\\/\\\/elkevogelsang.com\\\/es\\\/nuestra-historia\\\/#primaryimage\",\"url\":\"https:\\\/\\\/elkevogelsang.com\\\/wp-content\\\/uploads\\\/2021\\\/05\\\/The-Spanish-heros-1170x658.jpg\",\"contentUrl\":\"https:\\\/\\\/elkevogelsang.com\\\/wp-content\\\/uploads\\\/2021\\\/05\\\/The-Spanish-heros-1170x658.jpg\"},{\"@type\":\"BreadcrumbList\",\"@id\":\"https:\\\/\\\/elkevogelsang.com\\\/es\\\/nuestra-historia\\\/#breadcrumb\",\"itemListElement\":[{\"@type\":\"ListItem\",\"position\":1,\"name\":\"Startseite\",\"item\":\"https:\\\/\\\/elkevogelsang.com\\\/es\\\/\"},{\"@type\":\"ListItem\",\"position\":2,\"name\":\"Nuestra historia\"}]},{\"@type\":\"WebSite\",\"@id\":\"https:\\\/\\\/elkevogelsang.com\\\/es\\\/#website\",\"url\":\"https:\\\/\\\/elkevogelsang.com\\\/es\\\/\",\"name\":\"Commercial pet photography by Elke Vogelsang, Hildesheim\",\"description\":\"Commercial and editorial dog photography\",\"potentialAction\":[{\"@type\":\"SearchAction\",\"target\":{\"@type\":\"EntryPoint\",\"urlTemplate\":\"https:\\\/\\\/elkevogelsang.com\\\/es\\\/?s={search_term_string}\"},\"query-input\":{\"@type\":\"PropertyValueSpecification\",\"valueRequired\":true,\"valueName\":\"search_term_string\"}}],\"inLanguage\":\"es\"}]}<\/script>\n<!-- \/ Yoast SEO plugin. -->","yoast_head_json":{"title":"De perros abandonados a salvavidas","description":"Mi fotograf\u00eda es una declaraci\u00f3n de amor a los perros, en particular a tres perros rescatados que salvaron la vida de su due\u00f1o y cambiaron nuestras vidas para mejor.","robots":{"index":"index","follow":"follow","max-snippet":"max-snippet:-1","max-image-preview":"max-image-preview:large","max-video-preview":"max-video-preview:-1"},"canonical":"https:\/\/elkevogelsang.com\/es\/nuestra-historia\/","og_locale":"es_ES","og_type":"article","og_title":"De perros abandonados a salvavidas","og_description":"Mi fotograf\u00eda es una declaraci\u00f3n de amor a los perros, en particular a tres perros rescatados que salvaron la vida de su due\u00f1o y cambiaron nuestras vidas para mejor.","og_url":"https:\/\/elkevogelsang.com\/es\/nuestra-historia\/","og_site_name":"Commercial pet photography by Elke Vogelsang, Hildesheim","article_modified_time":"2025-06-06T10:30:15+00:00","og_image":[{"width":2000,"height":1125,"url":"https:\/\/elkevogelsang.com\/wp-content\/uploads\/2021\/05\/The-Spanish-heros.jpg","type":"image\/jpeg"}],"twitter_card":"summary_large_image","twitter_misc":{"Tiempo de lectura":"7 minutos"},"schema":{"@context":"https:\/\/schema.org","@graph":[{"@type":"WebPage","@id":"https:\/\/elkevogelsang.com\/es\/nuestra-historia\/","url":"https:\/\/elkevogelsang.com\/es\/nuestra-historia\/","name":"De perros abandonados a salvavidas","isPartOf":{"@id":"https:\/\/elkevogelsang.com\/es\/#website"},"primaryImageOfPage":{"@id":"https:\/\/elkevogelsang.com\/es\/nuestra-historia\/#primaryimage"},"image":{"@id":"https:\/\/elkevogelsang.com\/es\/nuestra-historia\/#primaryimage"},"thumbnailUrl":"https:\/\/elkevogelsang.com\/wp-content\/uploads\/2021\/05\/The-Spanish-heros-1170x658.jpg","datePublished":"2023-09-09T09:37:57+00:00","dateModified":"2025-06-06T10:30:15+00:00","description":"Mi fotograf\u00eda es una declaraci\u00f3n de amor a los perros, en particular a tres perros rescatados que salvaron la vida de su due\u00f1o y cambiaron nuestras vidas para mejor.","breadcrumb":{"@id":"https:\/\/elkevogelsang.com\/es\/nuestra-historia\/#breadcrumb"},"inLanguage":"es","potentialAction":[{"@type":"ReadAction","target":["https:\/\/elkevogelsang.com\/es\/nuestra-historia\/"]}]},{"@type":"ImageObject","inLanguage":"es","@id":"https:\/\/elkevogelsang.com\/es\/nuestra-historia\/#primaryimage","url":"https:\/\/elkevogelsang.com\/wp-content\/uploads\/2021\/05\/The-Spanish-heros-1170x658.jpg","contentUrl":"https:\/\/elkevogelsang.com\/wp-content\/uploads\/2021\/05\/The-Spanish-heros-1170x658.jpg"},{"@type":"BreadcrumbList","@id":"https:\/\/elkevogelsang.com\/es\/nuestra-historia\/#breadcrumb","itemListElement":[{"@type":"ListItem","position":1,"name":"Startseite","item":"https:\/\/elkevogelsang.com\/es\/"},{"@type":"ListItem","position":2,"name":"Nuestra historia"}]},{"@type":"WebSite","@id":"https:\/\/elkevogelsang.com\/es\/#website","url":"https:\/\/elkevogelsang.com\/es\/","name":"Commercial pet photography by Elke Vogelsang, Hildesheim","description":"Commercial and editorial dog photography","potentialAction":[{"@type":"SearchAction","target":{"@type":"EntryPoint","urlTemplate":"https:\/\/elkevogelsang.com\/es\/?s={search_term_string}"},"query-input":{"@type":"PropertyValueSpecification","valueRequired":true,"valueName":"search_term_string"}}],"inLanguage":"es"}]}},"_links":{"self":[{"href":"https:\/\/elkevogelsang.com\/es\/wp-json\/wp\/v2\/pages\/73455","targetHints":{"allow":["GET"]}}],"collection":[{"href":"https:\/\/elkevogelsang.com\/es\/wp-json\/wp\/v2\/pages"}],"about":[{"href":"https:\/\/elkevogelsang.com\/es\/wp-json\/wp\/v2\/types\/page"}],"author":[{"embeddable":true,"href":"https:\/\/elkevogelsang.com\/es\/wp-json\/wp\/v2\/users\/1"}],"replies":[{"embeddable":true,"href":"https:\/\/elkevogelsang.com\/es\/wp-json\/wp\/v2\/comments?post=73455"}],"version-history":[{"count":6,"href":"https:\/\/elkevogelsang.com\/es\/wp-json\/wp\/v2\/pages\/73455\/revisions"}],"predecessor-version":[{"id":74990,"href":"https:\/\/elkevogelsang.com\/es\/wp-json\/wp\/v2\/pages\/73455\/revisions\/74990"}],"wp:attachment":[{"href":"https:\/\/elkevogelsang.com\/es\/wp-json\/wp\/v2\/media?parent=73455"}],"curies":[{"name":"wp","href":"https:\/\/api.w.org\/{rel}","templated":true}]}}