{"id":73457,"date":"2023-09-09T11:52:59","date_gmt":"2023-09-09T09:52:59","guid":{"rendered":"https:\/\/elkevogelsang.com\/sobre-mi\/"},"modified":"2025-07-04T15:08:37","modified_gmt":"2025-07-04T13:08:37","slug":"sobre-mi","status":"publish","type":"page","link":"https:\/\/elkevogelsang.com\/es\/sobre-mi\/","title":{"rendered":"Sobre mi"},"content":{"rendered":"<div class=\"wpb-content-wrapper\"><p>[vc_row][vc_column][vc_column_text]<\/p>\n<h2>Fot\u00f3grafa comercial y editorial de fotograf\u00eda de mascotas<\/h2>\n<p>Como fot\u00f3grafa especializada en fotograf\u00eda de mascotas, colaboro con varias agencias publicitarias, redacciones y fabricantes de alimentos y accesorios para animales. Si est\u00e1s interesado en im\u00e1genes de animales especiales, mis fotos no est\u00e1n disponibles en las conocidas agencias de im\u00e1genes y archivos de fotograf\u00edas, como Shutterstock o Getty Images, sino que solo se pueden adquirir contactando conmigo. De esta manera, podemos asegurarnos de que su foto se destaque especialmente en comparaci\u00f3n con la competencia.<\/p>\n<p><span style=\"color: #3366ff;\"><a style=\"color: #3366ff;\" href=\"https:\/\/www.flickr.com\/photos\/elkevogelsang\/albums\" target=\"_blank\" rel=\"noopener\">Aqu\u00ed puedes encontrar una selecci\u00f3n de las im\u00e1genes disponibles<\/a><\/span>. A pedido, puedo enviarle mi cat\u00e1logo con miles de im\u00e1genes disponibles para licencias exclusivas y no exclusivas. Para reservas o consultas sobre licencias, cont\u00e1ctame a trav\u00e9s de mi <span style=\"color: #3366ff;\"><a style=\"color: #3366ff;\" href=\"\/es\/contacto\">formulario de contacto<\/a><\/span>.<\/p>\n<p>Soy autora de los libros \u00abNice Nosing You\u00bb (Hardie Grant, Londres, 2015) y \u00abWorkshop Hundefotografie\u00bb (de la serie Humboldt de Schl\u00fcterschen Verlagsgesellschaft, Alemania, publicado en febrero de 2021), as\u00ed como de innumerables art\u00edculos sobre fotograf\u00eda en revistas de fotograf\u00eda y de perros.<\/p>\n<p>Puedes contratarme como conferencista para ferias de fotograf\u00eda y eventos especializados. Hablo alem\u00e1n, ingl\u00e9s y espa\u00f1ol con fluidez.<\/p>\n<p>[\/vc_column_text][vc_column_text]<\/p>\n<hr \/>\n<p>[\/vc_column_text][vc_column_text]<\/p>\n<h2>Ejemplos de mis clientes comerciales y editoriales<\/h2>\n<p>Entre mis clientes comerciales se encuentran Mars Petcare (Pedigree), Fujifilm, Terra Canis, Medion, Fluff&amp;Tuff.<\/p>\n<p>Mis fotos han sido publicadas en la televisi\u00f3n, as\u00ed como en libros, calendarios, peri\u00f3dicos y revistas, incluyendo The Sunday Times Magazine, National Geographic, Die Zeit y The Daily Telegraph (otros ejemplos a continuaci\u00f3n). Adem\u00e1s, se han exhibido en exposiciones en Londres, Par\u00eds, San Anselmo, Lisboa y Singapur.[\/vc_column_text][vc_accordion active_tab=\u00bbfalse\u00bb style=\u00bb2&#8243;][vc_accordion_tab title=\u00bbClientes comerciales\u00bb][vc_column_text]<\/p>\n<ul>\n<li>Adobe<\/li>\n<li>Fujifilm<\/li>\n<li>Mars Petcare &#8211; Pedigree<\/li>\n<li>Fluff&amp;Tuff<\/li>\n<li>Terra Canis<\/li>\n<li>Dog Cat &amp; Mouse<\/li>\n<li>KesselsKramer<\/li>\n<li>Penny<\/li>\n<li>Hundefreuden<\/li>\n<li>The South Australian Museum<\/li>\n<li>Pet Care Brazil<\/li>\n<li>Itch Pet Care<\/li>\n<li>Biosphere<\/li>\n<li>Biernacki<\/li>\n<li>The Felt Hat<\/li>\n<li>Henry Lamotte<\/li>\n<li>Verband Kynologie Ausbildung Schweiz<\/li>\n<li>Montfort<\/li>\n<li>Beebop<\/li>\n<li>Great Food Affairs<\/li>\n<li>K9 Natural<\/li>\n<li>\u2026 y muchos m\u00e1s<\/li>\n<\/ul>\n<p>[\/vc_column_text][\/vc_accordion_tab][vc_accordion_tab title=\u00bbClientes editoriales\u00bb][vc_column_text]<\/p>\n<ul>\n<li>National Geographic<\/li>\n<li>The Sunday Times Magazine<\/li>\n<li><a href=\"https:\/\/www.science.org\/content\/blog-post\/dog-days-science?\" target=\"_blank\" rel=\"noopener\">Science<\/a><\/li>\n<li>Hardie Grant<\/li>\n<li>Die Zeit<\/li>\n<li>Cavallo Magazin<\/li>\n<li>Focus Spezial<\/li>\n<li>Phychologies Magazine<\/li>\n<li>The Bark Magazine<\/li>\n<li>Dogs<\/li>\n<li>Dogstoday<\/li>\n<li>Partner Hund<\/li>\n<li>Rowohlt Verlag<\/li>\n<li>Panini<\/li>\n<li>Gr\u00e4fe und Unzer<\/li>\n<li>Photographie<\/li>\n<li>Tutti Fotografi<\/li>\n<li>Practical Photography<\/li>\n<li>Pictures-Magazin<\/li>\n<li>Humboldt-Verlag<\/li>\n<li>Ackermann-Verlag<\/li>\n<li>Taschen<\/li>\n<li>Stuttgarter Zeitung<\/li>\n<li>Muy Mascotas<\/li>\n<li>Metro<\/li>\n<li>Dogster Magazine<\/li>\n<li>Amateur Photographer<\/li>\n<li>Asla Times<\/li>\n<li>DigitalPHOTO<\/li>\n<li>&#8230; y muchos m\u00e1s<\/li>\n<\/ul>\n<p>[\/vc_column_text][\/vc_accordion_tab][\/vc_accordion][vc_column_text css=\u00bb.vc_custom_1643920954077{margin-top: 48px !important;}\u00bb]<\/p>\n<div class=\"hr-thin\"><\/div>\n<p>[\/vc_column_text][vc_accordion active_tab=\u00bbfalse\u00bb style=\u00bb2&#8243; title=\u00bbExposiciones fotogr\u00e1ficas y comentarios de prensa\u00bb][vc_accordion_tab title=\u00bbExposiciones 2016&#8243;][vc_column_text]<span style=\"font-weight: bold;\">Individuales<\/span><\/p>\n<p>\u00abC\u00e3es\u00bb &#8211; Del 24 de junio al 01 de septiembre &#8211; Quermesse, Lisboa, Portugal[\/vc_column_text][vc_column_text]<span style=\"font-weight: bold;\">Grupales<\/span><\/p>\n<p>\u00abFujifilm X Photographers\u00bb &#8211; Del 20 al 25 de septiembre de 2016 &#8211; Photokina, Colonia, Alemania[\/vc_column_text][\/vc_accordion_tab][vc_accordion_tab title=\u00bbExposiciones 2014&#8243;][vc_column_text]<span style=\"font-weight: bold;\">Individuales<\/span><\/p>\n<p>\u00abC\u00e3es\u00bb &#8211; Del 05 de junio al 05 de julio &#8211; Hannah Art Gallery, Serpin, Portugal[\/vc_column_text][vc_column_text]<span style=\"font-weight: bold;\">Grupales<\/span><\/p>\n<p>\u00abFauna\u00bb &#8211; Del 25 de octubre al 20 de noviembre &#8211; Smith Andersen North Gallery, San Anselmo, EE. UU.<\/p>\n<p>\u00abMongrel 2014\u00bb &#8211; Del 20 al 30 de noviembre &#8211; Objectifs Centre for Photography &amp; Film, Singapur<\/p>\n<p>\u00abWoof! Une exposition qui a du chien\u00bb &#8211; Del 04 de septiembre al 04 de noviembre &#8211; Galerie Sakura, Par\u00eds, Francia<\/p>\n<p>\u00abArt4More\u00bb &#8211; 18-19 de octubre &#8211; Atenas[\/vc_column_text][\/vc_accordion_tab][vc_accordion_tab title=\u00bbComentarios de prensa\u00bb][vc_column_text]\u201dPeople are going nuts over these photos.\u201d<br \/>\n<i>(Good Morning America)<\/i><\/p>\n<p>\u201dHer wonderfully expressive photographs capture the beauty and character of her animals.\u201d<br \/>\n<i>(The Daily Telegraph)<\/i><\/p>\n<p>\u201dElke Vogelsang has taken dog portraits to a new level.\u201d<br \/>\n<i>(The Huffington Post)<\/i><\/p>\n<p>\u201cA photographer\u2019s three dogs serve as the stars of a delightful series of portraits.\u201c<br \/>\n<i>(The Daily Mail)<\/i><\/p>\n<p>\u201dThere are good dog portraits, great dog portraits, and then the work of German photographer Elke Vogelsang and her trio of rescue dogs.\u201d<\/p>\n<p><i>(Colossal \u2013 Art &amp; Visual Culture)<\/i><\/p>\n<p>\u201dThese personality-packed dog portraits aren\u2019t like any canine photos you\u2019ve seen before.\u201d<br \/>\n<i>(Metro)<\/i><\/p>\n<p>\u201dThe remarkably natural and playful moments she captures effortlessly reflect her companion\u2019s personalities.\u201d<br \/>\n<i>(Global Animal Magazine)<\/i>[\/vc_column_text][\/vc_accordion_tab][\/vc_accordion][\/vc_column][\/vc_row]<\/p>\n<p><a class=\"dt-pswp-item\" href=\"https:\/\/elkevogelsang.com\/wp-content\/uploads\/2025\/07\/Commercial-dog-and-cat-photographer-with-image-licensing-archive.jpg\" data-dt-img-description=\"\" data-large_image_width=\"1600\" data-large_image_height=\"1067\"><img loading=\"lazy\" decoding=\"async\" class=\"aligncenter size-full wp-image-75002\" src=\"https:\/\/elkevogelsang.com\/wp-content\/uploads\/2025\/07\/Commercial-dog-and-cat-photographer-with-image-licensing-archive.jpg\" alt=\"Commercial dog photographer Elke Vogelsang\" width=\"1600\" height=\"1067\" srcset=\"https:\/\/elkevogelsang.com\/wp-content\/uploads\/2025\/07\/Commercial-dog-and-cat-photographer-with-image-licensing-archive.jpg 1600w, https:\/\/elkevogelsang.com\/wp-content\/uploads\/2025\/07\/Commercial-dog-and-cat-photographer-with-image-licensing-archive-800x534.jpg 800w, https:\/\/elkevogelsang.com\/wp-content\/uploads\/2025\/07\/Commercial-dog-and-cat-photographer-with-image-licensing-archive-1170x780.jpg 1170w, https:\/\/elkevogelsang.com\/wp-content\/uploads\/2025\/07\/Commercial-dog-and-cat-photographer-with-image-licensing-archive-768x512.jpg 768w, https:\/\/elkevogelsang.com\/wp-content\/uploads\/2025\/07\/Commercial-dog-and-cat-photographer-with-image-licensing-archive-1536x1024.jpg 1536w\" sizes=\"auto, (max-width: 1600px) 100vw, 1600px\" \/><\/a><\/p>\n<\/div>","protected":false},"excerpt":{"rendered":"<p>[vc_row][vc_column][vc_column_text] Fot\u00f3grafa comercial y editorial de fotograf\u00eda de mascotas Como fot\u00f3grafa especializada en fotograf\u00eda de mascotas, colaboro con varias agencias publicitarias, redacciones y fabricantes de alimentos y accesorios para animales. Si est\u00e1s interesado en im\u00e1genes de animales especiales, mis fotos no est\u00e1n disponibles en las conocidas agencias de im\u00e1genes y archivos de fotograf\u00edas, como Shutterstock&hellip;<\/p>\n","protected":false},"author":1,"featured_media":0,"parent":0,"menu_order":4,"comment_status":"closed","ping_status":"closed","template":"","meta":{"footnotes":""},"class_list":["post-73457","page","type-page","status-publish","hentry","description-off"],"yoast_head":"<!-- This site is optimized with the Yoast SEO plugin v26.2 - https:\/\/yoast.com\/wordpress\/plugins\/seo\/ -->\n<title>Sobre mi - Commercial pet photography by Elke Vogelsang, Hildesheim<\/title>\n<meta name=\"robots\" content=\"index, follow, max-snippet:-1, max-image-preview:large, max-video-preview:-1\" \/>\n<link rel=\"canonical\" href=\"https:\/\/elkevogelsang.com\/es\/sobre-mi\/\" \/>\n<meta property=\"og:locale\" content=\"es_ES\" \/>\n<meta property=\"og:type\" content=\"article\" \/>\n<meta property=\"og:title\" content=\"Sobre mi - Commercial pet photography by Elke Vogelsang, Hildesheim\" \/>\n<meta property=\"og:description\" content=\"[vc_row][vc_column][vc_column_text] Fot\u00f3grafa comercial y editorial de fotograf\u00eda de mascotas Como fot\u00f3grafa especializada en fotograf\u00eda de mascotas, colaboro con varias agencias publicitarias, redacciones y fabricantes de alimentos y accesorios para animales. Si est\u00e1s interesado en im\u00e1genes de animales especiales, mis fotos no est\u00e1n disponibles en las conocidas agencias de im\u00e1genes y archivos de fotograf\u00edas, como Shutterstock&hellip;\" \/>\n<meta property=\"og:url\" content=\"https:\/\/elkevogelsang.com\/es\/sobre-mi\/\" \/>\n<meta property=\"og:site_name\" content=\"Commercial pet photography by Elke Vogelsang, Hildesheim\" \/>\n<meta property=\"article:modified_time\" content=\"2025-07-04T13:08:37+00:00\" \/>\n<meta property=\"og:image\" content=\"https:\/\/elkevogelsang.com\/wp-content\/uploads\/2025\/07\/Commercial-dog-and-cat-photographer-with-image-licensing-archive.jpg\" \/>\n\t<meta property=\"og:image:width\" content=\"1600\" \/>\n\t<meta property=\"og:image:height\" content=\"1067\" \/>\n\t<meta property=\"og:image:type\" content=\"image\/jpeg\" \/>\n<meta name=\"twitter:card\" content=\"summary_large_image\" \/>\n<meta name=\"twitter:label1\" content=\"Tiempo de lectura\" \/>\n\t<meta name=\"twitter:data1\" content=\"4 minutos\" \/>\n<script type=\"application\/ld+json\" class=\"yoast-schema-graph\">{\"@context\":\"https:\/\/schema.org\",\"@graph\":[{\"@type\":\"WebPage\",\"@id\":\"https:\/\/elkevogelsang.com\/es\/sobre-mi\/\",\"url\":\"https:\/\/elkevogelsang.com\/es\/sobre-mi\/\",\"name\":\"Sobre mi - Commercial pet photography by Elke Vogelsang, Hildesheim\",\"isPartOf\":{\"@id\":\"https:\/\/elkevogelsang.com\/es\/#website\"},\"primaryImageOfPage\":{\"@id\":\"https:\/\/elkevogelsang.com\/es\/sobre-mi\/#primaryimage\"},\"image\":{\"@id\":\"https:\/\/elkevogelsang.com\/es\/sobre-mi\/#primaryimage\"},\"thumbnailUrl\":\"https:\/\/elkevogelsang.com\/wp-content\/uploads\/2025\/07\/Commercial-dog-and-cat-photographer-with-image-licensing-archive.jpg\",\"datePublished\":\"2023-09-09T09:52:59+00:00\",\"dateModified\":\"2025-07-04T13:08:37+00:00\",\"breadcrumb\":{\"@id\":\"https:\/\/elkevogelsang.com\/es\/sobre-mi\/#breadcrumb\"},\"inLanguage\":\"es\",\"potentialAction\":[{\"@type\":\"ReadAction\",\"target\":[\"https:\/\/elkevogelsang.com\/es\/sobre-mi\/\"]}]},{\"@type\":\"ImageObject\",\"inLanguage\":\"es\",\"@id\":\"https:\/\/elkevogelsang.com\/es\/sobre-mi\/#primaryimage\",\"url\":\"https:\/\/elkevogelsang.com\/wp-content\/uploads\/2025\/07\/Commercial-dog-and-cat-photographer-with-image-licensing-archive.jpg\",\"contentUrl\":\"https:\/\/elkevogelsang.com\/wp-content\/uploads\/2025\/07\/Commercial-dog-and-cat-photographer-with-image-licensing-archive.jpg\"},{\"@type\":\"BreadcrumbList\",\"@id\":\"https:\/\/elkevogelsang.com\/es\/sobre-mi\/#breadcrumb\",\"itemListElement\":[{\"@type\":\"ListItem\",\"position\":1,\"name\":\"Startseite\",\"item\":\"https:\/\/elkevogelsang.com\/es\/\"},{\"@type\":\"ListItem\",\"position\":2,\"name\":\"Sobre mi\"}]},{\"@type\":\"WebSite\",\"@id\":\"https:\/\/elkevogelsang.com\/es\/#website\",\"url\":\"https:\/\/elkevogelsang.com\/es\/\",\"name\":\"Commercial pet photography by Elke Vogelsang, Hildesheim\",\"description\":\"Commercial and editorial dog photography\",\"potentialAction\":[{\"@type\":\"SearchAction\",\"target\":{\"@type\":\"EntryPoint\",\"urlTemplate\":\"https:\/\/elkevogelsang.com\/es\/?s={search_term_string}\"},\"query-input\":{\"@type\":\"PropertyValueSpecification\",\"valueRequired\":true,\"valueName\":\"search_term_string\"}}],\"inLanguage\":\"es\"}]}<\/script>\n<!-- \/ Yoast SEO plugin. -->","yoast_head_json":{"title":"Sobre mi - Commercial pet photography by Elke Vogelsang, Hildesheim","robots":{"index":"index","follow":"follow","max-snippet":"max-snippet:-1","max-image-preview":"max-image-preview:large","max-video-preview":"max-video-preview:-1"},"canonical":"https:\/\/elkevogelsang.com\/es\/sobre-mi\/","og_locale":"es_ES","og_type":"article","og_title":"Sobre mi - Commercial pet photography by Elke Vogelsang, Hildesheim","og_description":"[vc_row][vc_column][vc_column_text] Fot\u00f3grafa comercial y editorial de fotograf\u00eda de mascotas Como fot\u00f3grafa especializada en fotograf\u00eda de mascotas, colaboro con varias agencias publicitarias, redacciones y fabricantes de alimentos y accesorios para animales. Si est\u00e1s interesado en im\u00e1genes de animales especiales, mis fotos no est\u00e1n disponibles en las conocidas agencias de im\u00e1genes y archivos de fotograf\u00edas, como Shutterstock&hellip;","og_url":"https:\/\/elkevogelsang.com\/es\/sobre-mi\/","og_site_name":"Commercial pet photography by Elke Vogelsang, Hildesheim","article_modified_time":"2025-07-04T13:08:37+00:00","og_image":[{"width":1600,"height":1067,"url":"https:\/\/elkevogelsang.com\/wp-content\/uploads\/2025\/07\/Commercial-dog-and-cat-photographer-with-image-licensing-archive.jpg","type":"image\/jpeg"}],"twitter_card":"summary_large_image","twitter_misc":{"Tiempo de lectura":"4 minutos"},"schema":{"@context":"https:\/\/schema.org","@graph":[{"@type":"WebPage","@id":"https:\/\/elkevogelsang.com\/es\/sobre-mi\/","url":"https:\/\/elkevogelsang.com\/es\/sobre-mi\/","name":"Sobre mi - Commercial pet photography by Elke Vogelsang, Hildesheim","isPartOf":{"@id":"https:\/\/elkevogelsang.com\/es\/#website"},"primaryImageOfPage":{"@id":"https:\/\/elkevogelsang.com\/es\/sobre-mi\/#primaryimage"},"image":{"@id":"https:\/\/elkevogelsang.com\/es\/sobre-mi\/#primaryimage"},"thumbnailUrl":"https:\/\/elkevogelsang.com\/wp-content\/uploads\/2025\/07\/Commercial-dog-and-cat-photographer-with-image-licensing-archive.jpg","datePublished":"2023-09-09T09:52:59+00:00","dateModified":"2025-07-04T13:08:37+00:00","breadcrumb":{"@id":"https:\/\/elkevogelsang.com\/es\/sobre-mi\/#breadcrumb"},"inLanguage":"es","potentialAction":[{"@type":"ReadAction","target":["https:\/\/elkevogelsang.com\/es\/sobre-mi\/"]}]},{"@type":"ImageObject","inLanguage":"es","@id":"https:\/\/elkevogelsang.com\/es\/sobre-mi\/#primaryimage","url":"https:\/\/elkevogelsang.com\/wp-content\/uploads\/2025\/07\/Commercial-dog-and-cat-photographer-with-image-licensing-archive.jpg","contentUrl":"https:\/\/elkevogelsang.com\/wp-content\/uploads\/2025\/07\/Commercial-dog-and-cat-photographer-with-image-licensing-archive.jpg"},{"@type":"BreadcrumbList","@id":"https:\/\/elkevogelsang.com\/es\/sobre-mi\/#breadcrumb","itemListElement":[{"@type":"ListItem","position":1,"name":"Startseite","item":"https:\/\/elkevogelsang.com\/es\/"},{"@type":"ListItem","position":2,"name":"Sobre mi"}]},{"@type":"WebSite","@id":"https:\/\/elkevogelsang.com\/es\/#website","url":"https:\/\/elkevogelsang.com\/es\/","name":"Commercial pet photography by Elke Vogelsang, Hildesheim","description":"Commercial and editorial dog photography","potentialAction":[{"@type":"SearchAction","target":{"@type":"EntryPoint","urlTemplate":"https:\/\/elkevogelsang.com\/es\/?s={search_term_string}"},"query-input":{"@type":"PropertyValueSpecification","valueRequired":true,"valueName":"search_term_string"}}],"inLanguage":"es"}]}},"_links":{"self":[{"href":"https:\/\/elkevogelsang.com\/es\/wp-json\/wp\/v2\/pages\/73457","targetHints":{"allow":["GET"]}}],"collection":[{"href":"https:\/\/elkevogelsang.com\/es\/wp-json\/wp\/v2\/pages"}],"about":[{"href":"https:\/\/elkevogelsang.com\/es\/wp-json\/wp\/v2\/types\/page"}],"author":[{"embeddable":true,"href":"https:\/\/elkevogelsang.com\/es\/wp-json\/wp\/v2\/users\/1"}],"replies":[{"embeddable":true,"href":"https:\/\/elkevogelsang.com\/es\/wp-json\/wp\/v2\/comments?post=73457"}],"version-history":[{"count":8,"href":"https:\/\/elkevogelsang.com\/es\/wp-json\/wp\/v2\/pages\/73457\/revisions"}],"predecessor-version":[{"id":75006,"href":"https:\/\/elkevogelsang.com\/es\/wp-json\/wp\/v2\/pages\/73457\/revisions\/75006"}],"wp:attachment":[{"href":"https:\/\/elkevogelsang.com\/es\/wp-json\/wp\/v2\/media?parent=73457"}],"curies":[{"name":"wp","href":"https:\/\/api.w.org\/{rel}","templated":true}]}}