{"id":62867,"date":"2021-04-20T16:39:35","date_gmt":"2021-04-20T14:39:35","guid":{"rendered":"https:\/\/elkevogelsang.com\/contact\/"},"modified":"2025-10-23T20:55:14","modified_gmt":"2025-10-23T18:55:14","slug":"contact","status":"publish","type":"page","link":"https:\/\/elkevogelsang.com\/fr\/contact\/","title":{"rendered":"Contact"},"content":{"rendered":"<div class=\"wpb-content-wrapper\"><p>[vc_row][vc_column width=\u00a0\u00bb1\/6&Prime;][\/vc_column][vc_column width=\u00a0\u00bb2\/3&Prime;][vc_column_text css=\u00a0\u00bb\u00a0\u00bb]<\/p>\n<section id=\"block-71\" class=\"widget widget_block\">\n<h2 style=\"text-align: center;\">Pour les demandes commerciales &amp; de licence<\/h2>\n<p style=\"text-align: center;\">Pour des demandes commerciales, par exemple des photos publicitaires, des \u00e9ditoriaux, des r\u00e9servations, etc. ou des licences, utilisez mon formulaire de contact.<\/p>\n<p style=\"text-align: center;\">Toutefois, vous pouvez \u00e9galement me joindre par t\u00e9l\u00e9phone au num\u00e9ro suivant:<br \/>\n<a href=\"tel:+491731013288\">+49 (0)173 101 3288<\/a><\/p>\n<p style=\"text-align: center;\">Ou envoyez-moi un e-mail \u00e0:<br \/>\n<a href=\"mailto:info@elkevogelsang.com\">info@elkevogelsang.com<\/a><\/p>\n<p style=\"text-align: center;\">Je vous contacterai ensuite.<\/p>\n<p style=\"text-align: center;\">Merci beaucoup.<\/p>\n<p>&nbsp;<\/p>\n<\/section>\n<section id=\"block-73\" class=\"widget widget_block\">\n<div class=\"wp-block-group\">\n<div class=\"wp-block-group__inner-container is-layout-flow wp-block-group-is-layout-flow\">\n<h2 id=\"private-fotoshootings\" class=\"wp-block-heading\" style=\"text-align: center;\">Les s\u00e9ances photo priv\u00e9es ne sont pas possibles pour le moment.<\/h2>\n<\/div>\n<\/div>\n<\/section>\n<p>[\/vc_column_text][vc_single_image image=\u00a0\u00bb75000&Prime; img_size=\u00a0\u00bbfull\u00a0\u00bb css=\u00a0\u00bb\u00a0\u00bb][\/vc_column][vc_column width=\u00a0\u00bb1\/6&Prime;][\/vc_column][\/vc_row]<\/p>\n<\/div>","protected":false},"excerpt":{"rendered":"<p>[vc_row][vc_column width=\u00a0\u00bb1\/6&Prime;][\/vc_column][vc_column width=\u00a0\u00bb2\/3&Prime;][vc_column_text css=\u00a0\u00bb\u00a0\u00bb] Pour les demandes commerciales &amp; de licence Pour des demandes commerciales, par exemple des photos publicitaires, des \u00e9ditoriaux, des r\u00e9servations, etc. ou des licences, utilisez mon formulaire de contact. Toutefois, vous pouvez \u00e9galement me joindre par t\u00e9l\u00e9phone au num\u00e9ro suivant: +49 (0)173 101 3288 Ou envoyez-moi un e-mail \u00e0: info@elkevogelsang.com Je&hellip;<\/p>\n","protected":false},"author":1,"featured_media":0,"parent":0,"menu_order":5,"comment_status":"closed","ping_status":"closed","template":"","meta":{"footnotes":""},"class_list":["post-62867","page","type-page","status-publish","hentry","description-off"],"yoast_head":"<!-- This site is optimized with the Yoast SEO plugin v26.2 - https:\/\/yoast.com\/wordpress\/plugins\/seo\/ -->\n<title>Contact - Wieselblitz | Photographe Elke Vogelsang<\/title>\n<meta name=\"description\" content=\"Contactez-moi pour les demandes de licence ou de commission. Ma biblioth\u00e8que d&#039;images d&#039;images s\u00e9lectionn\u00e9es \u00e0 la main, expressives et uniques se compose de milliers d&#039;images d&#039;animaux de compagnie.\" \/>\n<meta name=\"robots\" content=\"index, follow, max-snippet:-1, max-image-preview:large, max-video-preview:-1\" \/>\n<link rel=\"canonical\" href=\"https:\/\/elkevogelsang.com\/fr\/contact\/\" \/>\n<meta property=\"og:locale\" content=\"fr_FR\" \/>\n<meta property=\"og:type\" content=\"article\" \/>\n<meta property=\"og:title\" content=\"Contact - Wieselblitz | Photographe Elke Vogelsang\" \/>\n<meta property=\"og:description\" content=\"Contactez-moi pour les demandes de licence ou de commission. Ma biblioth\u00e8que d&#039;images d&#039;images s\u00e9lectionn\u00e9es \u00e0 la main, expressives et uniques se compose de milliers d&#039;images d&#039;animaux de compagnie.\" \/>\n<meta property=\"og:url\" content=\"https:\/\/elkevogelsang.com\/fr\/contact\/\" \/>\n<meta property=\"og:site_name\" content=\"Commercial pet photography by Elke Vogelsang, Hildesheim\" \/>\n<meta property=\"article:modified_time\" content=\"2025-10-23T18:55:14+00:00\" \/>\n<meta property=\"og:image\" content=\"https:\/\/elkevogelsang.com\/wp-content\/uploads\/2019\/11\/Bubbleface-1.jpg\" \/>\n\t<meta property=\"og:image:width\" content=\"1500\" \/>\n\t<meta property=\"og:image:height\" content=\"1125\" \/>\n\t<meta property=\"og:image:type\" content=\"image\/jpeg\" \/>\n<meta name=\"twitter:card\" content=\"summary_large_image\" \/>\n<meta name=\"twitter:label1\" content=\"Dur\u00e9e de lecture estim\u00e9e\" \/>\n\t<meta name=\"twitter:data1\" content=\"1 minute\" \/>\n<script type=\"application\/ld+json\" class=\"yoast-schema-graph\">{\"@context\":\"https:\/\/schema.org\",\"@graph\":[{\"@type\":\"WebPage\",\"@id\":\"https:\/\/elkevogelsang.com\/fr\/contact\/\",\"url\":\"https:\/\/elkevogelsang.com\/fr\/contact\/\",\"name\":\"Contact - Wieselblitz | Photographe Elke Vogelsang\",\"isPartOf\":{\"@id\":\"https:\/\/elkevogelsang.com\/fr\/#website\"},\"datePublished\":\"2021-04-20T14:39:35+00:00\",\"dateModified\":\"2025-10-23T18:55:14+00:00\",\"description\":\"Contactez-moi pour les demandes de licence ou de commission. Ma biblioth\u00e8que d'images d'images s\u00e9lectionn\u00e9es \u00e0 la main, expressives et uniques se compose de milliers d'images d'animaux de compagnie.\",\"breadcrumb\":{\"@id\":\"https:\/\/elkevogelsang.com\/fr\/contact\/#breadcrumb\"},\"inLanguage\":\"fr-FR\",\"potentialAction\":[{\"@type\":\"ReadAction\",\"target\":[\"https:\/\/elkevogelsang.com\/fr\/contact\/\"]}]},{\"@type\":\"BreadcrumbList\",\"@id\":\"https:\/\/elkevogelsang.com\/fr\/contact\/#breadcrumb\",\"itemListElement\":[{\"@type\":\"ListItem\",\"position\":1,\"name\":\"Startseite\",\"item\":\"https:\/\/elkevogelsang.com\/fr\/\"},{\"@type\":\"ListItem\",\"position\":2,\"name\":\"Contact\"}]},{\"@type\":\"WebSite\",\"@id\":\"https:\/\/elkevogelsang.com\/fr\/#website\",\"url\":\"https:\/\/elkevogelsang.com\/fr\/\",\"name\":\"Commercial pet photography by Elke Vogelsang, Hildesheim\",\"description\":\"Commercial and editorial dog photography\",\"potentialAction\":[{\"@type\":\"SearchAction\",\"target\":{\"@type\":\"EntryPoint\",\"urlTemplate\":\"https:\/\/elkevogelsang.com\/fr\/?s={search_term_string}\"},\"query-input\":{\"@type\":\"PropertyValueSpecification\",\"valueRequired\":true,\"valueName\":\"search_term_string\"}}],\"inLanguage\":\"fr-FR\"}]}<\/script>\n<!-- \/ Yoast SEO plugin. -->","yoast_head_json":{"title":"Contact - Wieselblitz | Photographe Elke Vogelsang","description":"Contactez-moi pour les demandes de licence ou de commission. Ma biblioth\u00e8que d'images d'images s\u00e9lectionn\u00e9es \u00e0 la main, expressives et uniques se compose de milliers d'images d'animaux de compagnie.","robots":{"index":"index","follow":"follow","max-snippet":"max-snippet:-1","max-image-preview":"max-image-preview:large","max-video-preview":"max-video-preview:-1"},"canonical":"https:\/\/elkevogelsang.com\/fr\/contact\/","og_locale":"fr_FR","og_type":"article","og_title":"Contact - Wieselblitz | Photographe Elke Vogelsang","og_description":"Contactez-moi pour les demandes de licence ou de commission. Ma biblioth\u00e8que d'images d'images s\u00e9lectionn\u00e9es \u00e0 la main, expressives et uniques se compose de milliers d'images d'animaux de compagnie.","og_url":"https:\/\/elkevogelsang.com\/fr\/contact\/","og_site_name":"Commercial pet photography by Elke Vogelsang, Hildesheim","article_modified_time":"2025-10-23T18:55:14+00:00","og_image":[{"width":1500,"height":1125,"url":"https:\/\/elkevogelsang.com\/wp-content\/uploads\/2019\/11\/Bubbleface-1.jpg","type":"image\/jpeg"}],"twitter_card":"summary_large_image","twitter_misc":{"Dur\u00e9e de lecture estim\u00e9e":"1 minute"},"schema":{"@context":"https:\/\/schema.org","@graph":[{"@type":"WebPage","@id":"https:\/\/elkevogelsang.com\/fr\/contact\/","url":"https:\/\/elkevogelsang.com\/fr\/contact\/","name":"Contact - Wieselblitz | Photographe Elke Vogelsang","isPartOf":{"@id":"https:\/\/elkevogelsang.com\/fr\/#website"},"datePublished":"2021-04-20T14:39:35+00:00","dateModified":"2025-10-23T18:55:14+00:00","description":"Contactez-moi pour les demandes de licence ou de commission. Ma biblioth\u00e8que d'images d'images s\u00e9lectionn\u00e9es \u00e0 la main, expressives et uniques se compose de milliers d'images d'animaux de compagnie.","breadcrumb":{"@id":"https:\/\/elkevogelsang.com\/fr\/contact\/#breadcrumb"},"inLanguage":"fr-FR","potentialAction":[{"@type":"ReadAction","target":["https:\/\/elkevogelsang.com\/fr\/contact\/"]}]},{"@type":"BreadcrumbList","@id":"https:\/\/elkevogelsang.com\/fr\/contact\/#breadcrumb","itemListElement":[{"@type":"ListItem","position":1,"name":"Startseite","item":"https:\/\/elkevogelsang.com\/fr\/"},{"@type":"ListItem","position":2,"name":"Contact"}]},{"@type":"WebSite","@id":"https:\/\/elkevogelsang.com\/fr\/#website","url":"https:\/\/elkevogelsang.com\/fr\/","name":"Commercial pet photography by Elke Vogelsang, Hildesheim","description":"Commercial and editorial dog photography","potentialAction":[{"@type":"SearchAction","target":{"@type":"EntryPoint","urlTemplate":"https:\/\/elkevogelsang.com\/fr\/?s={search_term_string}"},"query-input":{"@type":"PropertyValueSpecification","valueRequired":true,"valueName":"search_term_string"}}],"inLanguage":"fr-FR"}]}},"_links":{"self":[{"href":"https:\/\/elkevogelsang.com\/fr\/wp-json\/wp\/v2\/pages\/62867","targetHints":{"allow":["GET"]}}],"collection":[{"href":"https:\/\/elkevogelsang.com\/fr\/wp-json\/wp\/v2\/pages"}],"about":[{"href":"https:\/\/elkevogelsang.com\/fr\/wp-json\/wp\/v2\/types\/page"}],"author":[{"embeddable":true,"href":"https:\/\/elkevogelsang.com\/fr\/wp-json\/wp\/v2\/users\/1"}],"replies":[{"embeddable":true,"href":"https:\/\/elkevogelsang.com\/fr\/wp-json\/wp\/v2\/comments?post=62867"}],"version-history":[{"count":3,"href":"https:\/\/elkevogelsang.com\/fr\/wp-json\/wp\/v2\/pages\/62867\/revisions"}],"predecessor-version":[{"id":75062,"href":"https:\/\/elkevogelsang.com\/fr\/wp-json\/wp\/v2\/pages\/62867\/revisions\/75062"}],"wp:attachment":[{"href":"https:\/\/elkevogelsang.com\/fr\/wp-json\/wp\/v2\/media?parent=62867"}],"curies":[{"name":"wp","href":"https:\/\/api.w.org\/{rel}","templated":true}]}}