{"id":62875,"date":"2019-11-14T00:52:52","date_gmt":"2019-11-13T22:52:52","guid":{"rendered":"https:\/\/elkevogelsang.com\/haustierbildagentur\/"},"modified":"2022-07-05T16:52:52","modified_gmt":"2022-07-05T14:52:52","slug":"agence-photo-animaliere","status":"publish","type":"page","link":"https:\/\/elkevogelsang.com\/fr\/agence-photo-animaliere\/","title":{"rendered":"Agence photo animali\u00e8re"},"content":{"rendered":"<div class=\"wpb-content-wrapper\"><p>[vc_row][vc_column][vc_column_text css_animation=\u00a0\u00bbnone\u00a0\u00bb]<\/p>\n<h2 style=\"text-align: center;\">Photographie commerciale de chiens<\/h2>\n<p>[\/vc_column_text][vc_single_image image=\u00a0\u00bb66626&Prime; img_size=\u00a0\u00bbfull\u00a0\u00bb alignment=\u00a0\u00bbcenter\u00a0\u00bb onclick=\u00a0\u00bbcustom_link\u00a0\u00bb css_animation=\u00a0\u00bbfadeIn\u00a0\u00bb lazy_loading=\u00a0\u00bbtrue\u00a0\u00bb link=\u00a0\u00bb\/photographie-commerciale-de-chiens\/\u00a0\u00bb]<style type=\"text\/css\" data-type=\"the7_shortcodes-inline-css\">#default-btn-38f685e184a0d4c9ba52e5402ccc1c47.ico-right-side > i {\n  margin-right: 0px;\n  margin-left: 8px;\n}\n#default-btn-38f685e184a0d4c9ba52e5402ccc1c47 > i {\n  margin-right: 8px;\n}<\/style><div class=\"btn-align-center\"><a href=\"https:\/\/elkevogelsang.com\/fr\/agence-photo-animaliere\/photographie-commerciale-de-chiens\/\" class=\"default-btn-shortcode dt-btn dt-btn-s link-hover-off dt-btn dt-btn-s  vc_custom_1655366680948\" id=\"default-btn-38f685e184a0d4c9ba52e5402ccc1c47\" title=\"Photographie de chiens\"><span>Exemples de photos de chiens<\/span><\/a><\/div>[vc_separator color=\u00a0\u00bbcustom\u00a0\u00bb accent_color=\u00a0\u00bbrgba(0,0,0,0.08)\u00a0\u00bb][vc_column_text css_animation=\u00a0\u00bbnone\u00a0\u00bb]<\/p>\n<h2 style=\"text-align: center;\">Photographie commerciale de chats<\/h2>\n<p>[\/vc_column_text][vc_single_image image=\u00a0\u00bb66630&Prime; img_size=\u00a0\u00bbfull\u00a0\u00bb add_caption=\u00a0\u00bbyes\u00a0\u00bb alignment=\u00a0\u00bbcenter\u00a0\u00bb onclick=\u00a0\u00bbcustom_link\u00a0\u00bb css_animation=\u00a0\u00bbfadeIn\u00a0\u00bb lazy_loading=\u00a0\u00bbtrue\u00a0\u00bb link=\u00a0\u00bb\/photographie-commerciale-de-chats\/\u00a0\u00bb]<style type=\"text\/css\" data-type=\"the7_shortcodes-inline-css\">#default-btn-1f4d486306e7334b1ceae3a542d1c59e.ico-right-side > i {\n  margin-right: 0px;\n  margin-left: 8px;\n}\n#default-btn-1f4d486306e7334b1ceae3a542d1c59e > i {\n  margin-right: 8px;\n}<\/style><div class=\"btn-align-center\"><a href=\"https:\/\/elkevogelsang.com\/fr\/photographie-commerciale-de-chats\/\" class=\"default-btn-shortcode dt-btn dt-btn-s link-hover-off dt-btn dt-btn-s  vc_custom_1655366689818\" id=\"default-btn-1f4d486306e7334b1ceae3a542d1c59e\" title=\"Photographie de chats\"><span>Exemples de photos de chats<\/span><\/a><\/div>[vc_separator color=\u00a0\u00bbcustom\u00a0\u00bb accent_color=\u00a0\u00bbrgba(0,0,0,0.08)\u00a0\u00bb][vc_column_text]<\/p>\n<h2 style=\"text-align: center;\">Photographie journalistique de chevaux<\/h2>\n<p>[\/vc_column_text][vc_single_image image=\u00a0\u00bb66633&Prime; img_size=\u00a0\u00bbfull\u00a0\u00bb add_caption=\u00a0\u00bbyes\u00a0\u00bb alignment=\u00a0\u00bbcenter\u00a0\u00bb onclick=\u00a0\u00bbcustom_link\u00a0\u00bb css_animation=\u00a0\u00bbfadeIn\u00a0\u00bb lazy_loading=\u00a0\u00bbtrue\u00a0\u00bb link=\u00a0\u00bb\/photographie-journalistique-de-chevaux\/\u00a0\u00bb]<style type=\"text\/css\" data-type=\"the7_shortcodes-inline-css\">#default-btn-c69e452f360ec2dfea86c7fed356589a.ico-right-side > i {\n  margin-right: 0px;\n  margin-left: 8px;\n}\n#default-btn-c69e452f360ec2dfea86c7fed356589a > i {\n  margin-right: 8px;\n}<\/style><div class=\"btn-align-center\"><a href=\"https:\/\/elkevogelsang.com\/fr\/agence-photo-animaliere\/photographie-journalistique-de-chevaux\/\" class=\"default-btn-shortcode dt-btn dt-btn-s link-hover-off dt-btn dt-btn-s  vc_custom_1655366700363\" id=\"default-btn-c69e452f360ec2dfea86c7fed356589a\" title=\"Photographie journalistique de chevaux\"><span>Exemples de photos de chevaux<\/span><\/a><\/div>[\/vc_column][\/vc_row]<\/p>\n<\/div>","protected":false},"excerpt":{"rendered":"<p>[vc_row][vc_column][vc_column_text css_animation=\u00a0\u00bbnone\u00a0\u00bb] Photographie commerciale de chiens [\/vc_column_text][vc_single_image image=\u00a0\u00bb66626&Prime; img_size=\u00a0\u00bbfull\u00a0\u00bb alignment=\u00a0\u00bbcenter\u00a0\u00bb onclick=\u00a0\u00bbcustom_link\u00a0\u00bb css_animation=\u00a0\u00bbfadeIn\u00a0\u00bb lazy_loading=\u00a0\u00bbtrue\u00a0\u00bb link=\u00a0\u00bb\/photographie-commerciale-de-chiens\/\u00a0\u00bb][vc_separator color=\u00a0\u00bbcustom\u00a0\u00bb accent_color=\u00a0\u00bbrgba(0,0,0,0.08)\u00a0\u00bb][vc_column_text css_animation=\u00a0\u00bbnone\u00a0\u00bb] Photographie commerciale de chats [\/vc_column_text][vc_single_image image=\u00a0\u00bb66630&Prime; img_size=\u00a0\u00bbfull\u00a0\u00bb add_caption=\u00a0\u00bbyes\u00a0\u00bb alignment=\u00a0\u00bbcenter\u00a0\u00bb onclick=\u00a0\u00bbcustom_link\u00a0\u00bb css_animation=\u00a0\u00bbfadeIn\u00a0\u00bb lazy_loading=\u00a0\u00bbtrue\u00a0\u00bb link=\u00a0\u00bb\/photographie-commerciale-de-chats\/\u00a0\u00bb][vc_separator color=\u00a0\u00bbcustom\u00a0\u00bb accent_color=\u00a0\u00bbrgba(0,0,0,0.08)\u00a0\u00bb][vc_column_text] Photographie journalistique de chevaux [\/vc_column_text][vc_single_image image=\u00a0\u00bb66633&Prime; img_size=\u00a0\u00bbfull\u00a0\u00bb add_caption=\u00a0\u00bbyes\u00a0\u00bb alignment=\u00a0\u00bbcenter\u00a0\u00bb onclick=\u00a0\u00bbcustom_link\u00a0\u00bb css_animation=\u00a0\u00bbfadeIn\u00a0\u00bb lazy_loading=\u00a0\u00bbtrue\u00a0\u00bb link=\u00a0\u00bb\/photographie-journalistique-de-chevaux\/\u00a0\u00bb][\/vc_column][\/vc_row]<\/p>\n","protected":false},"author":1,"featured_media":0,"parent":0,"menu_order":3,"comment_status":"closed","ping_status":"closed","template":"","meta":{"footnotes":""},"class_list":["post-62875","page","type-page","status-publish","hentry","description-off"],"yoast_head":"<!-- This site is optimized with the Yoast SEO plugin v26.2 - https:\/\/yoast.com\/wordpress\/plugins\/seo\/ -->\n<title>Agence photo animali\u00e8re - Agence photo animali\u00e8re<\/title>\n<meta name=\"description\" content=\"Agence photo animali\u00e8re par Elke Vogelsang. Photos expressives de chiens, chats et chevaux par le c\u00e9l\u00e8bre photographe Elke Vogelsang.\" \/>\n<meta name=\"robots\" content=\"index, follow, max-snippet:-1, max-image-preview:large, max-video-preview:-1\" \/>\n<link rel=\"canonical\" href=\"https:\/\/elkevogelsang.com\/fr\/agence-photo-animaliere\/\" \/>\n<meta property=\"og:locale\" content=\"fr_FR\" \/>\n<meta property=\"og:type\" content=\"article\" \/>\n<meta property=\"og:title\" content=\"Agence photo animali\u00e8re - Agence photo animali\u00e8re\" \/>\n<meta property=\"og:description\" content=\"Agence photo animali\u00e8re par Elke Vogelsang. Photos expressives de chiens, chats et chevaux par le c\u00e9l\u00e8bre photographe Elke Vogelsang.\" \/>\n<meta property=\"og:url\" content=\"https:\/\/elkevogelsang.com\/fr\/agence-photo-animaliere\/\" \/>\n<meta property=\"og:site_name\" content=\"Commercial pet photography by Elke Vogelsang, Hildesheim\" \/>\n<meta property=\"article:modified_time\" content=\"2022-07-05T14:52:52+00:00\" \/>\n<meta property=\"og:image\" content=\"https:\/\/elkevogelsang.com\/wp-content\/uploads\/2019\/11\/Bubbleface-1.jpg\" \/>\n\t<meta property=\"og:image:width\" content=\"1500\" \/>\n\t<meta property=\"og:image:height\" content=\"1125\" \/>\n\t<meta property=\"og:image:type\" content=\"image\/jpeg\" \/>\n<meta name=\"twitter:card\" content=\"summary_large_image\" \/>\n<meta name=\"twitter:label1\" content=\"Dur\u00e9e de lecture estim\u00e9e\" \/>\n\t<meta name=\"twitter:data1\" content=\"1 minute\" \/>\n<script type=\"application\/ld+json\" class=\"yoast-schema-graph\">{\"@context\":\"https:\/\/schema.org\",\"@graph\":[{\"@type\":\"WebPage\",\"@id\":\"https:\/\/elkevogelsang.com\/fr\/agence-photo-animaliere\/\",\"url\":\"https:\/\/elkevogelsang.com\/fr\/agence-photo-animaliere\/\",\"name\":\"Agence photo animali\u00e8re - Agence photo animali\u00e8re\",\"isPartOf\":{\"@id\":\"https:\/\/elkevogelsang.com\/fr\/#website\"},\"datePublished\":\"2019-11-13T22:52:52+00:00\",\"dateModified\":\"2022-07-05T14:52:52+00:00\",\"description\":\"Agence photo animali\u00e8re par Elke Vogelsang. Photos expressives de chiens, chats et chevaux par le c\u00e9l\u00e8bre photographe Elke Vogelsang.\",\"breadcrumb\":{\"@id\":\"https:\/\/elkevogelsang.com\/fr\/agence-photo-animaliere\/#breadcrumb\"},\"inLanguage\":\"fr-FR\",\"potentialAction\":[{\"@type\":\"ReadAction\",\"target\":[\"https:\/\/elkevogelsang.com\/fr\/agence-photo-animaliere\/\"]}]},{\"@type\":\"BreadcrumbList\",\"@id\":\"https:\/\/elkevogelsang.com\/fr\/agence-photo-animaliere\/#breadcrumb\",\"itemListElement\":[{\"@type\":\"ListItem\",\"position\":1,\"name\":\"Startseite\",\"item\":\"https:\/\/elkevogelsang.com\/fr\/\"},{\"@type\":\"ListItem\",\"position\":2,\"name\":\"Agence photo animali\u00e8re\"}]},{\"@type\":\"WebSite\",\"@id\":\"https:\/\/elkevogelsang.com\/fr\/#website\",\"url\":\"https:\/\/elkevogelsang.com\/fr\/\",\"name\":\"Commercial pet photography by Elke Vogelsang, Hildesheim\",\"description\":\"Commercial and editorial dog photography\",\"potentialAction\":[{\"@type\":\"SearchAction\",\"target\":{\"@type\":\"EntryPoint\",\"urlTemplate\":\"https:\/\/elkevogelsang.com\/fr\/?s={search_term_string}\"},\"query-input\":{\"@type\":\"PropertyValueSpecification\",\"valueRequired\":true,\"valueName\":\"search_term_string\"}}],\"inLanguage\":\"fr-FR\"}]}<\/script>\n<!-- \/ Yoast SEO plugin. -->","yoast_head_json":{"title":"Agence photo animali\u00e8re - Agence photo animali\u00e8re","description":"Agence photo animali\u00e8re par Elke Vogelsang. Photos expressives de chiens, chats et chevaux par le c\u00e9l\u00e8bre photographe Elke Vogelsang.","robots":{"index":"index","follow":"follow","max-snippet":"max-snippet:-1","max-image-preview":"max-image-preview:large","max-video-preview":"max-video-preview:-1"},"canonical":"https:\/\/elkevogelsang.com\/fr\/agence-photo-animaliere\/","og_locale":"fr_FR","og_type":"article","og_title":"Agence photo animali\u00e8re - Agence photo animali\u00e8re","og_description":"Agence photo animali\u00e8re par Elke Vogelsang. Photos expressives de chiens, chats et chevaux par le c\u00e9l\u00e8bre photographe Elke Vogelsang.","og_url":"https:\/\/elkevogelsang.com\/fr\/agence-photo-animaliere\/","og_site_name":"Commercial pet photography by Elke Vogelsang, Hildesheim","article_modified_time":"2022-07-05T14:52:52+00:00","og_image":[{"width":1500,"height":1125,"url":"https:\/\/elkevogelsang.com\/wp-content\/uploads\/2019\/11\/Bubbleface-1.jpg","type":"image\/jpeg"}],"twitter_card":"summary_large_image","twitter_misc":{"Dur\u00e9e de lecture estim\u00e9e":"1 minute"},"schema":{"@context":"https:\/\/schema.org","@graph":[{"@type":"WebPage","@id":"https:\/\/elkevogelsang.com\/fr\/agence-photo-animaliere\/","url":"https:\/\/elkevogelsang.com\/fr\/agence-photo-animaliere\/","name":"Agence photo animali\u00e8re - Agence photo animali\u00e8re","isPartOf":{"@id":"https:\/\/elkevogelsang.com\/fr\/#website"},"datePublished":"2019-11-13T22:52:52+00:00","dateModified":"2022-07-05T14:52:52+00:00","description":"Agence photo animali\u00e8re par Elke Vogelsang. Photos expressives de chiens, chats et chevaux par le c\u00e9l\u00e8bre photographe Elke Vogelsang.","breadcrumb":{"@id":"https:\/\/elkevogelsang.com\/fr\/agence-photo-animaliere\/#breadcrumb"},"inLanguage":"fr-FR","potentialAction":[{"@type":"ReadAction","target":["https:\/\/elkevogelsang.com\/fr\/agence-photo-animaliere\/"]}]},{"@type":"BreadcrumbList","@id":"https:\/\/elkevogelsang.com\/fr\/agence-photo-animaliere\/#breadcrumb","itemListElement":[{"@type":"ListItem","position":1,"name":"Startseite","item":"https:\/\/elkevogelsang.com\/fr\/"},{"@type":"ListItem","position":2,"name":"Agence photo animali\u00e8re"}]},{"@type":"WebSite","@id":"https:\/\/elkevogelsang.com\/fr\/#website","url":"https:\/\/elkevogelsang.com\/fr\/","name":"Commercial pet photography by Elke Vogelsang, Hildesheim","description":"Commercial and editorial dog photography","potentialAction":[{"@type":"SearchAction","target":{"@type":"EntryPoint","urlTemplate":"https:\/\/elkevogelsang.com\/fr\/?s={search_term_string}"},"query-input":{"@type":"PropertyValueSpecification","valueRequired":true,"valueName":"search_term_string"}}],"inLanguage":"fr-FR"}]}},"_links":{"self":[{"href":"https:\/\/elkevogelsang.com\/fr\/wp-json\/wp\/v2\/pages\/62875","targetHints":{"allow":["GET"]}}],"collection":[{"href":"https:\/\/elkevogelsang.com\/fr\/wp-json\/wp\/v2\/pages"}],"about":[{"href":"https:\/\/elkevogelsang.com\/fr\/wp-json\/wp\/v2\/types\/page"}],"author":[{"embeddable":true,"href":"https:\/\/elkevogelsang.com\/fr\/wp-json\/wp\/v2\/users\/1"}],"replies":[{"embeddable":true,"href":"https:\/\/elkevogelsang.com\/fr\/wp-json\/wp\/v2\/comments?post=62875"}],"version-history":[{"count":3,"href":"https:\/\/elkevogelsang.com\/fr\/wp-json\/wp\/v2\/pages\/62875\/revisions"}],"predecessor-version":[{"id":67379,"href":"https:\/\/elkevogelsang.com\/fr\/wp-json\/wp\/v2\/pages\/62875\/revisions\/67379"}],"wp:attachment":[{"href":"https:\/\/elkevogelsang.com\/fr\/wp-json\/wp\/v2\/media?parent=62875"}],"curies":[{"name":"wp","href":"https:\/\/api.w.org\/{rel}","templated":true}]}}