{"id":63369,"date":"2021-05-19T14:59:35","date_gmt":"2021-05-19T12:59:35","guid":{"rendered":"https:\/\/elkevogelsang.com\/notre-histoire\/"},"modified":"2022-06-06T13:32:10","modified_gmt":"2022-06-06T11:32:10","slug":"notre-histoire","status":"publish","type":"page","link":"https:\/\/elkevogelsang.com\/fr\/notre-histoire\/","title":{"rendered":"Notre histoire"},"content":{"rendered":"\r\n<h2 class=\"wp-block-heading\">De sauves \u00e0 sauveteurs<\/h2>\r\n\r\n\r\n\r\n<p>Autrefois abandonn\u00e9s et condamn\u00e9s \u00e0 mort, puis sauv\u00e9s et adopt\u00e9s, ils sont devenus \u00e0 leur tour des sauveteurs et des membres bien aim\u00e9s de la famille . . . Mes photos sont une d\u00e9claration d\u2019amour et de gratitude envers les chiens \u2013 en particulier trois chiens espagnols de refuge, qui ont rejoint notre famille, sauv\u00e9 la vie de leur ma\u00eetre et chang\u00e9 toutes nos vies en mieux.<\/p>\r\n\r\n\r\n\r\n<p>Mon obsession pour la photographie a commenc\u00e9 lorsque mon mari Carsten est tomb\u00e9 gravement malade. En 2009, le jour de No\u00ebl, les chiens (\u00e0 l\u2019\u00e9poque, il n\u2019y avait que Noodles et Scout, deux Galgos espagnols m\u00e2tin\u00e9s) ont soudainement commenc\u00e9 \u00e0 aboyer, g\u00e9mir et hurler. Ils se sont pr\u00e9cipit\u00e9s vers la porte de la salle de bains et l\u00e0 nous avons trouv\u00e9 Carsten inconscient dans la baignoire. J\u2019ai parl\u00e9 au m\u00e9decin urgentiste d\u2019un mal de t\u00eate s\u00e9v\u00e8re dont Carsten avait souffert quelques semaines auparavant. Le m\u00e9decin avait l\u2019air tr\u00e8s inquiet. Apr\u00e8s avoir examin\u00e9 mon mari, il a contact\u00e9 ses coll\u00e8gues par t\u00e9l\u00e9phone pour les pr\u00e9venir que le pronostic vital \u00e9tait engag\u00e9. Carsten a \u00e9t\u00e9 transport\u00e9 d\u2019urgence \u00e0 l\u2019h\u00f4pital. L\u00e0, ils m\u2019ont inform\u00e9 non sans trahir une certaine inqui\u00e9tude, qu\u2019ils allaient le plonger dans un coma artificiel. Le diagnostic faisait \u00e9tat d\u2019une grave h\u00e9morragie c\u00e9r\u00e9brale due \u00e0 une rupture d\u2019an\u00e9vrisme.<\/p>\r\n\r\n\r\n\r\n<p>Les jours, les semaines et les mois qui ont suivi ont \u00e9t\u00e9 marqu\u00e9s par l\u2019incertitude et de longues heures d\u2019attente \u00e0 l\u2019h\u00f4pital. Apr\u00e8s plusieurs op\u00e9rations et deux semaines de coma artificiel, la vie de Carsten n\u2019\u00e9tait plus en danger. Ils commenc\u00e8rent \u00e0 le r\u00e9veiller progressivement. Cela leur a pris plusieurs jours et contre toute attente, il a surv\u00e9cu. Nous avons r\u00e9ussi \u00e0 surmonter cette \u00e9preuve. Pour autant personne n\u2019a su me dire comment cela allait se terminer, s\u2019il pourrait se r\u00e9tablir et vivre \u00e0 nouveau une vie normale.<\/p>\r\n\r\n\r\n\r\n<p>Nous n\u2019avions aucune id\u00e9e des dommages caus\u00e9s par l\u2019h\u00e9morragie et des attaques qui en ont r\u00e9sult\u00e9. Une des premi\u00e8res questions \u00e0 laquelle il a pu r\u00e9pondre \u00e9tait le nom de nos chiens. Une fois compl\u00e8tement r\u00e9veill\u00e9, il n\u2019avait plus de m\u00e9moire \u00e0 court terme durant de nombreuses semaines. Il ne savait plus en quelle ann\u00e9e nous \u00e9tions, ni o\u00f9 il se trouvait. Il me donnait des r\u00e9ponses aussi cr\u00e9atives que farfelues.<\/p>\r\n\r\n\r\n\r\n<h2 class=\"wp-block-heading\">Semaines d&rsquo;incertitude<\/h2>\r\n\r\n\r\n\r\n<p>Durant ces semaines d\u2019incertitude pour essayer de maintenir une normalit\u00e9 dans la mesure du possible et d\u2019avoir un exutoire cr\u00e9atif pour faire face \u00e0 la pression nerveuse, j\u2019ai d\u00e9cid\u00e9 de d\u00e9marrer un projet \u201cun jour une image\u201d. Il s\u2019agissait de produire une sorte de journal photographique pour mon mari en prenant au moins une photo par jour.<\/p>\r\n\r\n\r\n\r\n<h2 class=\"wp-block-heading\">Gu\u00e9rison<\/h2>\r\n\r\n\r\n\r\n<p>Je suis heureuse d\u2019avoir eu \u00e0 mes c\u00f4t\u00e9s ma famille, mes amis, nos chiens (qui ont \u00e9t\u00e9 encore plus affectueux durant cette p\u00e9riode) et la photographie pour me changer les id\u00e9es. Je peux tr\u00e8s bien me rappeler du jour o\u00f9 Carsten a commenc\u00e9 \u00e0 se souvenir de certaines choses. Il m\u2019a salu\u00e9 en me disant : \u00ab\u00a0Je crois que ce qui est arriv\u00e9 hier a \u00e9t\u00e9 beaucoup plus grave que je ne le pensais. \u00bb Ce \u00ab hier \u00bb d\u00e9signait l\u2019accident survenu trois mois auparavant. Il a r\u00e9cup\u00e9r\u00e9 bien mieux que les pr\u00e9dictions les plus positives. Nous avons \u00e9t\u00e9 chanceux. Notre chance a \u00e9t\u00e9 d\u2019avoir trois chiens qui ont donn\u00e9 l\u2019alerte, des merveilleux m\u00e9decins qui ont fait ce qu\u2019il fallait et un incroyable pouvoir de r\u00e9cup\u00e9ration de mon mari.<\/p>\r\n\r\n\r\n\r\n<h2 class=\"wp-block-heading\">La cr\u00e9ativit\u00e9 comme th\u00e9rapie<\/h2>\r\n\r\n\r\n\r\n<p>La meilleure fa\u00e7on d\u2019am\u00e9liorer ses comp\u00e9tences est de s\u2019exercer aussi souvent que possible. M\u00eame une fois que mon mari \u00e9tait revenu \u00e0 la maison, je ne pouvais pas m\u2019arr\u00eater de prendre des photos. En devant assumer plusieurs autres membres malades de la famille, le stress continuait \u00e0 occuper une place importante dans ma vie. La photographie est devenue une sorte d\u2019ergoth\u00e9rapie. Comme je publiais mes photos en ligne, je devais quotidiennement trouver des id\u00e9es et des images pr\u00e9sentables. J\u2019ai lu tout ce qui traitait de la photographie qui m\u2019est pass\u00e9 sous la main. Je ne croyais pas \u00e0 mon talent, j\u2019ai juste continu\u00e9 \u00e0 d\u00e9clencher. Mes photos et mes comp\u00e9tences se sont am\u00e9lior\u00e9es. Comme je prenais essentiellement des photos de nos chiens, les gens ont commenc\u00e9 \u00e0 me demander si je pouvais photographier les leurs.<\/p>\r\n\r\n\r\n\r\n<h2 class=\"wp-block-heading\">Une nouvelle vie<\/h2>\r\n\r\n\r\n\r\n<p>Les \u00e9v\u00e8nements dramatiques vous am\u00e8nent \u00e0 r\u00e9fl\u00e9chir au sens de votre vie. Mon travail de traductrice ind\u00e9pendante m\u2019assurait un revenu r\u00e9gulier et confortable, mais ce m\u00e9tier n\u2019\u00e9tait ni passionnant ni cr\u00e9atif. Je me sentais coinc\u00e9e dans la routine et l\u2019ennui. J\u2019ai donc os\u00e9 franchir le pas et faire de ma passion ma profession. Dix ans plus tard, je travaille avec succ\u00e8s et \u00e0 temps plein en tant que photographe professionnelle. Avec le recul je me dis que j\u2019ai pris la bonne d\u00e9cision.<\/p>\r\n\r\n\r\n\r\n<h2 class=\"wp-block-heading\">Succes<\/h2>\r\n\r\n\r\n\r\n<p>Mes photographies et mes trois chiens ont acquis une renomm\u00e9e internationale, r\u00e9compens\u00e9s par des passages \u00e0 la t\u00e9l\u00e9vision, notamment dans l\u2019\u00e9mission \u201cGood Morning America\u201d et des articles dans des publications du monde entier parmi lesquelles\u00a0: \u201cNational Geographic\u201d, \u201cThe Daily Telegraph\u201d, \u201cDie Zeit\u201d, \u201cThe Huffington Post\u201d, \u201cLa Repubblica\u201d, etc &#8230; Mon travail a \u00e9galement fait la couverture de douzaines de magazines dont le \u201cSunday Times Magazine\u201d. Ce sont les bons c\u00f4t\u00e9s.<\/p>\r\n\r\n\r\n\r\n<h2 class=\"wp-block-heading\">Faites ce que vous aimes<\/h2>\r\n\r\n\r\n\r\n<p>La photographie est d\u00e9sormais mon m\u00e9tier. Je suis photographe commerciale et \u00e9ditorialiste \u00e0 plein temps, sp\u00e9cialis\u00e9e dans les portraits d\u2019animaux de compagnie. C\u2019est ma passion, mon exutoire cr\u00e9atif quotidien et avec les chiens mon passe-temps pr\u00e9f\u00e9r\u00e9. Chaque jour je dois me rappeler que c\u2019est bien r\u00e9el. Si quelqu\u2019un m\u2019avait dit quelques ann\u00e9es plus t\u00f4t que ce serait possible, je ne l\u2019aurais pas cru.<\/p>\r\n\r\n\r\n\r\n<h2 class=\"wp-block-heading\">Les chiens sont ma famille<\/h2>\r\n\r\n\r\n\r\n<p>Mes chiens sont ma joie, mon loisir et une source constante de rires. Ce sont mes muses, mes amis et des membres de ma famille. Tous les trois sont originaires d\u2019un refuge. Mais comme le dit le dicton, \u00ab\u00a0le malheur des uns fait le bonheur des autres\u00a0\u00bb. Mes chiens font mon bonheur, ce sont mes tr\u00e9sors.<\/p>\r\n\r\n\r\n\r\n<h2 class=\"wp-block-heading\">Chiens de refuge<\/h2>\r\n\r\n\r\n\r\n<p>Il existe encore quelques st\u00e9r\u00e9otypes et id\u00e9es re\u00e7ues sur les chiens de refuge. Lorsque l\u2019on mentionne \u201cchien de refuge\u201d beaucoup de gens pensent qu\u2019il doit y avoir un probl\u00e8me avec ce chien. Mais les animaux sont abandonn\u00e9s pour diff\u00e9rentes raisons, par exemple parce que leur ma\u00eetre est mort ; ils sont issus d\u2019une port\u00e9e non d\u00e9sir\u00e9e ; l\u2019animal a d\u00fb \u00eatre retir\u00e9 d\u2019un environnement dangereux \u00e0 cause d\u2019un propri\u00e9taire n\u00e9gligent ou violent ; les propri\u00e9taires n\u2019avaient aucune id\u00e9e de la responsabilit\u00e9 qui d\u00e9coule de l\u2019adoption d\u2019un animal ; ils ont d\u00fb d\u00e9m\u00e9nager et n\u2019ont pas pu emmener le chien dans leur nouvelle habitation ; les chiens ont \u00e9t\u00e9 utilis\u00e9s comme chiens de travail et en raison d\u2019une blessure ou de leur \u00e2ge, ils ne peuvent plus faire ce qu\u2019on attend d\u2019eux, etc &#8230;<\/p>\r\n\r\n\r\n\r\n<p>M\u00eame les chiens tr\u00e8s maltrait\u00e9s ont g\u00e9n\u00e9ralement une remarquable capacit\u00e9 de r\u00e9cup\u00e9ration. Trait\u00e9s avec patience et amour, ils sont souvent capables de faire \u00e0 nouveau confiance aux humains. Les refuges bien g\u00e9r\u00e9s donnent aux personnes int\u00e9ress\u00e9es la possibilit\u00e9 de faire connaissance avec le nouveau membre potentiel de la famille et de discuter de l\u2019ad\u00e9quation de l\u2019animal avec l\u2019environnement et la situation propos\u00e9s. Dans les refuges il y a des chiens adorables de races diverses, m\u00eame des chiots et des chiens de race. Je suis certaine que vous pourriez trouver votre prochain ami canin et membre de la famille dans un refuge proche de chez vous ou en passant par une organisation de sauvetage. C\u2019est ce que j\u2019ai fait.<\/p>\r\n\r\n\r\n\r\n<h2 class=\"wp-block-heading\">Ma race pr\u00e9f\u00e9r\u00e9e ? Les chiens de refuge !<\/h2>\r\n\r\n\r\n\r\n<p>De gauche \u00e0 droite : Ioli, Noodles et Scout<\/p>\r\n\r\n\r\n\r\n<figure class=\"wp-block-image size-large\"><img loading=\"lazy\" decoding=\"async\" width=\"1170\" height=\"658\" class=\"wp-image-63376\" src=\"https:\/\/elkevogelsang.com\/wp-content\/uploads\/2021\/05\/The-Spanish-heros-1170x658.jpg\" alt=\"Three Spanish mutts\" srcset=\"https:\/\/elkevogelsang.com\/wp-content\/uploads\/2021\/05\/The-Spanish-heros-1170x658.jpg 1170w, https:\/\/elkevogelsang.com\/wp-content\/uploads\/2021\/05\/The-Spanish-heros-800x450.jpg 800w, https:\/\/elkevogelsang.com\/wp-content\/uploads\/2021\/05\/The-Spanish-heros-768x432.jpg 768w, https:\/\/elkevogelsang.com\/wp-content\/uploads\/2021\/05\/The-Spanish-heros-1536x864.jpg 1536w, https:\/\/elkevogelsang.com\/wp-content\/uploads\/2021\/05\/The-Spanish-heros-340x191.jpg 340w, https:\/\/elkevogelsang.com\/wp-content\/uploads\/2021\/05\/The-Spanish-heros-370x208.jpg 370w, https:\/\/elkevogelsang.com\/wp-content\/uploads\/2021\/05\/The-Spanish-heros.jpg 2000w\" sizes=\"auto, (max-width: 1170px) 100vw, 1170px\" \/><\/figure>\r\n","protected":false},"excerpt":{"rendered":"<p>De sauves \u00e0 sauveteurs Autrefois abandonn\u00e9s et condamn\u00e9s \u00e0 mort, puis sauv\u00e9s et adopt\u00e9s, ils sont devenus \u00e0 leur tour des sauveteurs et des membres bien aim\u00e9s de la famille . . . Mes photos sont une d\u00e9claration d\u2019amour et de gratitude envers les chiens \u2013 en particulier trois chiens espagnols de refuge, qui ont&hellip;<\/p>\n","protected":false},"author":1,"featured_media":0,"parent":0,"menu_order":0,"comment_status":"closed","ping_status":"closed","template":"","meta":{"footnotes":""},"class_list":["post-63369","page","type-page","status-publish","hentry","description-off"],"yoast_head":"<!-- This site is optimized with the Yoast SEO plugin v26.2 - https:\/\/yoast.com\/wordpress\/plugins\/seo\/ -->\n<title>Comment des chiens de sauvetage, autrefois sur la liste des condamn\u00e9s, ont sauv\u00e9 la vie de leur propri\u00e9taire.<\/title>\n<meta name=\"description\" content=\"Mes photos sont une d\u00e9claration d&#039;amour aux chiens - \u00e0 trois chiens de sauvetage en particulier, qui ont sauv\u00e9 la vie de leur ma\u00eetre et chang\u00e9 toute notre vie pour le meilleur.\" \/>\n<meta name=\"robots\" content=\"index, follow, max-snippet:-1, max-image-preview:large, max-video-preview:-1\" \/>\n<link rel=\"canonical\" href=\"https:\/\/elkevogelsang.com\/fr\/notre-histoire\/\" \/>\n<meta property=\"og:locale\" content=\"fr_FR\" \/>\n<meta property=\"og:type\" content=\"article\" \/>\n<meta property=\"og:title\" content=\"Comment des chiens de sauvetage, autrefois sur la liste des condamn\u00e9s, ont sauv\u00e9 la vie de leur propri\u00e9taire.\" \/>\n<meta property=\"og:description\" content=\"Mes photos sont une d\u00e9claration d&#039;amour aux chiens - \u00e0 trois chiens de sauvetage en particulier, qui ont sauv\u00e9 la vie de leur ma\u00eetre et chang\u00e9 toute notre vie pour le meilleur.\" \/>\n<meta property=\"og:url\" content=\"https:\/\/elkevogelsang.com\/fr\/notre-histoire\/\" \/>\n<meta property=\"og:site_name\" content=\"Commercial pet photography by Elke Vogelsang, Hildesheim\" \/>\n<meta property=\"article:modified_time\" content=\"2022-06-06T11:32:10+00:00\" \/>\n<meta property=\"og:image\" content=\"https:\/\/elkevogelsang.com\/wp-content\/uploads\/2021\/05\/The-Spanish-heros-1170x658.jpg\" \/>\n<meta name=\"twitter:card\" content=\"summary_large_image\" \/>\n<meta name=\"twitter:label1\" content=\"Dur\u00e9e de lecture estim\u00e9e\" \/>\n\t<meta name=\"twitter:data1\" content=\"7 minutes\" \/>\n<script type=\"application\/ld+json\" class=\"yoast-schema-graph\">{\"@context\":\"https:\/\/schema.org\",\"@graph\":[{\"@type\":\"WebPage\",\"@id\":\"https:\/\/elkevogelsang.com\/fr\/notre-histoire\/\",\"url\":\"https:\/\/elkevogelsang.com\/fr\/notre-histoire\/\",\"name\":\"Comment des chiens de sauvetage, autrefois sur la liste des condamn\u00e9s, ont sauv\u00e9 la vie de leur propri\u00e9taire.\",\"isPartOf\":{\"@id\":\"https:\/\/elkevogelsang.com\/fr\/#website\"},\"primaryImageOfPage\":{\"@id\":\"https:\/\/elkevogelsang.com\/fr\/notre-histoire\/#primaryimage\"},\"image\":{\"@id\":\"https:\/\/elkevogelsang.com\/fr\/notre-histoire\/#primaryimage\"},\"thumbnailUrl\":\"https:\/\/elkevogelsang.com\/wp-content\/uploads\/2021\/05\/The-Spanish-heros-1170x658.jpg\",\"datePublished\":\"2021-05-19T12:59:35+00:00\",\"dateModified\":\"2022-06-06T11:32:10+00:00\",\"description\":\"Mes photos sont une d\u00e9claration d'amour aux chiens - \u00e0 trois chiens de sauvetage en particulier, qui ont sauv\u00e9 la vie de leur ma\u00eetre et chang\u00e9 toute notre vie pour le meilleur.\",\"breadcrumb\":{\"@id\":\"https:\/\/elkevogelsang.com\/fr\/notre-histoire\/#breadcrumb\"},\"inLanguage\":\"fr-FR\",\"potentialAction\":[{\"@type\":\"ReadAction\",\"target\":[\"https:\/\/elkevogelsang.com\/fr\/notre-histoire\/\"]}]},{\"@type\":\"ImageObject\",\"inLanguage\":\"fr-FR\",\"@id\":\"https:\/\/elkevogelsang.com\/fr\/notre-histoire\/#primaryimage\",\"url\":\"https:\/\/elkevogelsang.com\/wp-content\/uploads\/2021\/05\/The-Spanish-heros-1170x658.jpg\",\"contentUrl\":\"https:\/\/elkevogelsang.com\/wp-content\/uploads\/2021\/05\/The-Spanish-heros-1170x658.jpg\"},{\"@type\":\"BreadcrumbList\",\"@id\":\"https:\/\/elkevogelsang.com\/fr\/notre-histoire\/#breadcrumb\",\"itemListElement\":[{\"@type\":\"ListItem\",\"position\":1,\"name\":\"Startseite\",\"item\":\"https:\/\/elkevogelsang.com\/fr\/\"},{\"@type\":\"ListItem\",\"position\":2,\"name\":\"Notre histoire\"}]},{\"@type\":\"WebSite\",\"@id\":\"https:\/\/elkevogelsang.com\/fr\/#website\",\"url\":\"https:\/\/elkevogelsang.com\/fr\/\",\"name\":\"Commercial pet photography by Elke Vogelsang, Hildesheim\",\"description\":\"Commercial and editorial dog photography\",\"potentialAction\":[{\"@type\":\"SearchAction\",\"target\":{\"@type\":\"EntryPoint\",\"urlTemplate\":\"https:\/\/elkevogelsang.com\/fr\/?s={search_term_string}\"},\"query-input\":{\"@type\":\"PropertyValueSpecification\",\"valueRequired\":true,\"valueName\":\"search_term_string\"}}],\"inLanguage\":\"fr-FR\"}]}<\/script>\n<!-- \/ Yoast SEO plugin. -->","yoast_head_json":{"title":"Comment des chiens de sauvetage, autrefois sur la liste des condamn\u00e9s, ont sauv\u00e9 la vie de leur propri\u00e9taire.","description":"Mes photos sont une d\u00e9claration d'amour aux chiens - \u00e0 trois chiens de sauvetage en particulier, qui ont sauv\u00e9 la vie de leur ma\u00eetre et chang\u00e9 toute notre vie pour le meilleur.","robots":{"index":"index","follow":"follow","max-snippet":"max-snippet:-1","max-image-preview":"max-image-preview:large","max-video-preview":"max-video-preview:-1"},"canonical":"https:\/\/elkevogelsang.com\/fr\/notre-histoire\/","og_locale":"fr_FR","og_type":"article","og_title":"Comment des chiens de sauvetage, autrefois sur la liste des condamn\u00e9s, ont sauv\u00e9 la vie de leur propri\u00e9taire.","og_description":"Mes photos sont une d\u00e9claration d'amour aux chiens - \u00e0 trois chiens de sauvetage en particulier, qui ont sauv\u00e9 la vie de leur ma\u00eetre et chang\u00e9 toute notre vie pour le meilleur.","og_url":"https:\/\/elkevogelsang.com\/fr\/notre-histoire\/","og_site_name":"Commercial pet photography by Elke Vogelsang, Hildesheim","article_modified_time":"2022-06-06T11:32:10+00:00","og_image":[{"url":"https:\/\/elkevogelsang.com\/wp-content\/uploads\/2021\/05\/The-Spanish-heros-1170x658.jpg","type":"","width":"","height":""}],"twitter_card":"summary_large_image","twitter_misc":{"Dur\u00e9e de lecture estim\u00e9e":"7 minutes"},"schema":{"@context":"https:\/\/schema.org","@graph":[{"@type":"WebPage","@id":"https:\/\/elkevogelsang.com\/fr\/notre-histoire\/","url":"https:\/\/elkevogelsang.com\/fr\/notre-histoire\/","name":"Comment des chiens de sauvetage, autrefois sur la liste des condamn\u00e9s, ont sauv\u00e9 la vie de leur propri\u00e9taire.","isPartOf":{"@id":"https:\/\/elkevogelsang.com\/fr\/#website"},"primaryImageOfPage":{"@id":"https:\/\/elkevogelsang.com\/fr\/notre-histoire\/#primaryimage"},"image":{"@id":"https:\/\/elkevogelsang.com\/fr\/notre-histoire\/#primaryimage"},"thumbnailUrl":"https:\/\/elkevogelsang.com\/wp-content\/uploads\/2021\/05\/The-Spanish-heros-1170x658.jpg","datePublished":"2021-05-19T12:59:35+00:00","dateModified":"2022-06-06T11:32:10+00:00","description":"Mes photos sont une d\u00e9claration d'amour aux chiens - \u00e0 trois chiens de sauvetage en particulier, qui ont sauv\u00e9 la vie de leur ma\u00eetre et chang\u00e9 toute notre vie pour le meilleur.","breadcrumb":{"@id":"https:\/\/elkevogelsang.com\/fr\/notre-histoire\/#breadcrumb"},"inLanguage":"fr-FR","potentialAction":[{"@type":"ReadAction","target":["https:\/\/elkevogelsang.com\/fr\/notre-histoire\/"]}]},{"@type":"ImageObject","inLanguage":"fr-FR","@id":"https:\/\/elkevogelsang.com\/fr\/notre-histoire\/#primaryimage","url":"https:\/\/elkevogelsang.com\/wp-content\/uploads\/2021\/05\/The-Spanish-heros-1170x658.jpg","contentUrl":"https:\/\/elkevogelsang.com\/wp-content\/uploads\/2021\/05\/The-Spanish-heros-1170x658.jpg"},{"@type":"BreadcrumbList","@id":"https:\/\/elkevogelsang.com\/fr\/notre-histoire\/#breadcrumb","itemListElement":[{"@type":"ListItem","position":1,"name":"Startseite","item":"https:\/\/elkevogelsang.com\/fr\/"},{"@type":"ListItem","position":2,"name":"Notre histoire"}]},{"@type":"WebSite","@id":"https:\/\/elkevogelsang.com\/fr\/#website","url":"https:\/\/elkevogelsang.com\/fr\/","name":"Commercial pet photography by Elke Vogelsang, Hildesheim","description":"Commercial and editorial dog photography","potentialAction":[{"@type":"SearchAction","target":{"@type":"EntryPoint","urlTemplate":"https:\/\/elkevogelsang.com\/fr\/?s={search_term_string}"},"query-input":{"@type":"PropertyValueSpecification","valueRequired":true,"valueName":"search_term_string"}}],"inLanguage":"fr-FR"}]}},"_links":{"self":[{"href":"https:\/\/elkevogelsang.com\/fr\/wp-json\/wp\/v2\/pages\/63369","targetHints":{"allow":["GET"]}}],"collection":[{"href":"https:\/\/elkevogelsang.com\/fr\/wp-json\/wp\/v2\/pages"}],"about":[{"href":"https:\/\/elkevogelsang.com\/fr\/wp-json\/wp\/v2\/types\/page"}],"author":[{"embeddable":true,"href":"https:\/\/elkevogelsang.com\/fr\/wp-json\/wp\/v2\/users\/1"}],"replies":[{"embeddable":true,"href":"https:\/\/elkevogelsang.com\/fr\/wp-json\/wp\/v2\/comments?post=63369"}],"version-history":[{"count":0,"href":"https:\/\/elkevogelsang.com\/fr\/wp-json\/wp\/v2\/pages\/63369\/revisions"}],"wp:attachment":[{"href":"https:\/\/elkevogelsang.com\/fr\/wp-json\/wp\/v2\/media?parent=63369"}],"curies":[{"name":"wp","href":"https:\/\/api.w.org\/{rel}","templated":true}]}}