{"id":63380,"date":"2021-05-19T15:08:16","date_gmt":"2021-05-19T13:08:16","guid":{"rendered":"https:\/\/elkevogelsang.com\/a-propos-de-moi\/"},"modified":"2025-07-04T15:06:19","modified_gmt":"2025-07-04T13:06:19","slug":"a-propos-de-moi","status":"publish","type":"page","link":"https:\/\/elkevogelsang.com\/fr\/a-propos-de-moi\/","title":{"rendered":"\u00c0 propos de moi"},"content":{"rendered":"<div class=\"wpb-content-wrapper\"><p>[vc_row][vc_column][vc_column_text]<\/p>\n<h2>Elke Vogelsang alias \u00ab\u00a0Wieselblitz\u00a0\u00bb<\/h2>\n<p>Br\u00e8ve information : n\u00e9e en 1972, vivant \u00e0 Hildesheim, travaillant dans le monde entier. Photographe de magazines et de publicit\u00e9s, sp\u00e9cialis\u00e9e dans les animaux de compagnie (chiens, chats, chevaux), guid\u00e9e par trois chiens espagnols crois\u00e9s, coquins et charmants \u2013 Noodles, Scout et Ioli.<\/p>\n<p>Avec une base de donn\u00e9es de mod\u00e8les de plus de 100 animaux potentiellement disponibles et une biblioth\u00e8que d\u2019images de plus de 2000 portraits expressifs, je propose des photographies commerciales et je travaille \u00e9galement sur commande pour r\u00e9pondre \u00e0 des demandes particuli\u00e8res.<\/p>\n<p>Les licences pour mes images ne sont disponibles que directement par mon interm\u00e9diaire. Vous trouverez une s\u00e9lection d\u2018images ici. Pour des commandes \/ r\u00e9servations ou des demandes de licences, contactez-moi via mon <a href=\"https:\/\/elkevogelsang.com\/fr\/contact\/\">formulaire de contact<\/a>.<\/p>\n<p>Je suis l\u2018auteur des livres \u201cNice Nosing You\u201d (Hardie Grant, London, 2015) et \u201cWorkshop Hundefotografie\u201d (des \u00e9ditions Humboldt, Allemagne, sortie du livre en f\u00e9vrier 2021) et d\u2018innombrables articles traitant de la photographie publi\u00e9s dans des magazines de photographie et canine.<\/p>\n<p>Je peux \u00e9galement \u00eatre engag\u00e9e comme conf\u00e9renci\u00e8re dans le cadre de salons de photographie et d\u2019\u00e9v\u00e8nements professionnels. Je parle couramment l\u2018anglais, l\u2018allemand et l&rsquo;espagnol.<\/p>\n<p>J\u2019anime des ateliers photographiques pour l\u2019\u00e9cole <a href=\"https:\/\/fujifilm-x.com\/de-de\/fujifilmschool\/\" target=\"_blank\" rel=\"noopener noreferrer\">Fujifilm School<\/a>.[\/vc_column_text][vc_column_text]<\/p>\n<hr \/>\n<p>[\/vc_column_text][vc_column_text]<\/p>\n<h2>Clients (exemples)<\/h2>\n<p>Parmi mes clients commerciaux figurent Mars Petcare (Pedigree), Fujifilm, Terra Canis, Medion, Fluff&amp;Tuff\u00a0et bien d\u2018autres (voir ci-dessous).<\/p>\n<p>Mes photographies ont \u00e9t\u00e9 vues \u00e0 la t\u00e9l\u00e9vision allemande et am\u00e9ricaine ainsi que dans des livres, journaux et magazines, entre autres \u201eThe Sunday Times Magazine\u201c, \u201eNational Geographic\u201c, \u201eDie Zeit\u201c et \u201eThe Daily Telegraph\u201c (plus d\u2018exemples, voir ci-dessous). Elles ont \u00e9galement fait l\u2018objet d\u2018expositions \u00e0 Londres, Paris, San Anselmo, Lisbonne et Singapour.[\/vc_column_text][vc_accordion active_tab=\u00a0\u00bbfalse\u00a0\u00bb style=\u00a0\u00bb2&Prime;][vc_accordion_tab title=\u00a0\u00bbClients commerciaux\u00a0\u00bb][vc_column_text]<\/p>\n<ul>\n<li>Adobe<\/li>\n<li>Mars Petcare &#8211; Pedigree<\/li>\n<li>Fluff&amp;Tuff<\/li>\n<li>Fujifilm<\/li>\n<li>Medion<\/li>\n<li>Terra Canis<\/li>\n<li>Dog Cat &amp; Mouse<\/li>\n<li>KesselsKramer<\/li>\n<li>Penny<\/li>\n<li>Hundefreuden<\/li>\n<li>The South Australian Museum<\/li>\n<li>Pet Care Brazil<\/li>\n<li>Itch Pet Care<\/li>\n<li>Biosphere<\/li>\n<li>Biernacki<\/li>\n<li>The Felt Hat<\/li>\n<li>Henry Lamotte<\/li>\n<li>Verband Kynologie Ausbildung Schweiz<\/li>\n<li>Montfort<\/li>\n<li>Beebop<\/li>\n<li>Great Food Affairs<\/li>\n<li>K9 Natural<\/li>\n<li>\u2026<\/li>\n<\/ul>\n<p>[\/vc_column_text][\/vc_accordion_tab][vc_accordion_tab title=\u00a0\u00bbClients du secteur de l\u2018\u00e9dition \/ magazines\u00a0\u00bb][vc_column_text]<\/p>\n<ul>\n<li>National Geographic<\/li>\n<li>The Sunday Times Magazine<\/li>\n<li>Hardie Grant<\/li>\n<li>Die Zeit<\/li>\n<li>Cavallo Magazin<\/li>\n<li>Focus Spezial<\/li>\n<li>Phychologies Magazine<\/li>\n<li>The Bark Magazine<\/li>\n<li>Dogs<\/li>\n<li>Dogstoday<\/li>\n<li>Partner Hund<\/li>\n<li>Rowohlt Verlag<\/li>\n<li>Panini<\/li>\n<li>Gr\u00e4fe und Unzer<\/li>\n<li>Photographie<\/li>\n<li>Tutti Fotografi<\/li>\n<li>Practical Photography<\/li>\n<li>Pictures-Magazin<\/li>\n<li>Humboldt-Verlag<\/li>\n<li>Ackermann-Verlag<\/li>\n<li>Taschen<\/li>\n<li>Stuttgarter Zeitung<\/li>\n<li>Muy Mascotas<\/li>\n<li>Metro<\/li>\n<li>Dogster Magazine<\/li>\n<li>Amateur Photographer<\/li>\n<li>Asla Times<\/li>\n<li>DigitalPHOTO<\/li>\n<li>&#8230;<\/li>\n<\/ul>\n<p>[\/vc_column_text][\/vc_accordion_tab][\/vc_accordion][vc_column_text css=\u00a0\u00bb.vc_custom_1643920954077{margin-top: 48px !important;}\u00a0\u00bb]<\/p>\n<div class=\"hr-thin\"><\/div>\n<p>[\/vc_column_text][vc_accordion active_tab=\u00a0\u00bbfalse\u00a0\u00bb style=\u00a0\u00bb2&Prime; title=\u00a0\u00bbExpositions &amp; Commentaires de la presse\u00a0\u00bb][vc_accordion_tab title=\u00a0\u00bbExpositions 2016&Prime;][vc_column_text]<span style=\"font-weight: bold;\">Simple<\/span><\/p>\n<p>\u201eC\u00e3es\u201c \u2013 du 24 juin au 01 septembre \u2013 Quermesse, Lissabon,\u00a0Portugal[\/vc_column_text][vc_column_text]<span style=\"font-weight: bold;\">Groupe<\/span><\/p>\n<p>\u201eFujifilm X Photographers\u201c\u00a0\u2013\u00a0du 20 au 25 septembre 2016 \u2013 Photokina, Cologne,\u00a0Germany[\/vc_column_text][\/vc_accordion_tab][vc_accordion_tab title=\u00a0\u00bbExpositions 2014&Prime;][vc_column_text]<span style=\"font-weight: bold;\">Simple<\/span><\/p>\n<p>\u201eC\u00e3es\u201c \u2013 05 juin au 05 juillet \u2013 Hannah Art Gallery, Serpin, Portugal[\/vc_column_text][vc_column_text]<span style=\"font-weight: bold;\">Groupe<\/span><\/p>\n<p>\u201eFauna\u201c \u2013 du 25 octobre au 20 novembre \u2013 Smith Andersen North Gallery, San Anselmo, USA<\/p>\n<p>\u201eMongrel 2014\u201c \u2013 20. bis 30. November \u2013\u00a0Objectifs Centre for Photography &amp; Film, Singapur<\/p>\n<p>\u201eWoof! Une exposition qui a du chien\u201c \u2013 04. September bis 04. November \u2013 Galerie Sakura, Paris, France<\/p>\n<p>\u201eArt4More\u201c \u2013 18. \u2013 19. Oktober \u2013 Athen[\/vc_column_text][\/vc_accordion_tab][vc_accordion_tab title=\u00a0\u00bbCommentaires de la presse\u00a0\u00bb][vc_column_text]\u201dPeople are going nuts over these photos.\u201d<br \/>\n<i>(Good Morning America)<\/i><\/p>\n<p>\u201dHer wonderfully expressive photographs capture the beauty and character of her animals.\u201d<br \/>\n<i>(The Daily Telegraph)<\/i><\/p>\n<p>\u201dElke Vogelsang has taken dog portraits to a new level.\u201d<br \/>\n<i>(The Huffington Post)<\/i><\/p>\n<p>\u201cA photographer\u2019s three dogs serve as the stars of a delightful series of portraits.\u201c<br \/>\n<i>(The Daily Mail)<\/i><\/p>\n<p>\u201dThere are good dog portraits, great dog portraits, and then the work of German photographer Elke Vogelsang and her trio of rescue dogs.\u201d<\/p>\n<p><i>(Colossal \u2013 Art &amp; Visual Culture)<\/i><\/p>\n<p>\u201dThese personality-packed dog portraits aren\u2019t like any canine photos you\u2019ve seen before.\u201d<br \/>\n<i>(Metro)<\/i><\/p>\n<p>\u201dThe remarkably natural and playful moments she captures effortlessly reflect her companion\u2019s personalities.\u201d<br \/>\n<i>(Global Animal Magazine)<\/i>[\/vc_column_text][\/vc_accordion_tab][\/vc_accordion][vc_column_text][\/vc_column_text][vc_column_text css=\u00a0\u00bb\u00a0\u00bb]<a class=\"dt-pswp-item\" href=\"https:\/\/elkevogelsang.com\/wp-content\/uploads\/2025\/07\/Commercial-dog-and-cat-photographer-with-image-licensing-archive.jpg\" data-dt-img-description=\"\" data-large_image_width=\"1600\" data-large_image_height=\"1067\"><img loading=\"lazy\" decoding=\"async\" class=\"aligncenter size-full wp-image-75000\" src=\"https:\/\/elkevogelsang.com\/wp-content\/uploads\/2025\/07\/Commercial-dog-and-cat-photographer-with-image-licensing-archive.jpg\" alt=\"Commercial dog photographer Elke Vogelsang\" width=\"1600\" height=\"1067\" srcset=\"https:\/\/elkevogelsang.com\/wp-content\/uploads\/2025\/07\/Commercial-dog-and-cat-photographer-with-image-licensing-archive.jpg 1600w, https:\/\/elkevogelsang.com\/wp-content\/uploads\/2025\/07\/Commercial-dog-and-cat-photographer-with-image-licensing-archive-800x534.jpg 800w, https:\/\/elkevogelsang.com\/wp-content\/uploads\/2025\/07\/Commercial-dog-and-cat-photographer-with-image-licensing-archive-1170x780.jpg 1170w, https:\/\/elkevogelsang.com\/wp-content\/uploads\/2025\/07\/Commercial-dog-and-cat-photographer-with-image-licensing-archive-768x512.jpg 768w, https:\/\/elkevogelsang.com\/wp-content\/uploads\/2025\/07\/Commercial-dog-and-cat-photographer-with-image-licensing-archive-1536x1024.jpg 1536w\" sizes=\"auto, (max-width: 1600px) 100vw, 1600px\" \/><\/a>[\/vc_column_text][\/vc_column][\/vc_row]<\/p>\n<\/div>","protected":false},"excerpt":{"rendered":"<p>[vc_row][vc_column][vc_column_text] Elke Vogelsang alias \u00ab\u00a0Wieselblitz\u00a0\u00bb Br\u00e8ve information : n\u00e9e en 1972, vivant \u00e0 Hildesheim, travaillant dans le monde entier. Photographe de magazines et de publicit\u00e9s, sp\u00e9cialis\u00e9e dans les animaux de compagnie (chiens, chats, chevaux), guid\u00e9e par trois chiens espagnols crois\u00e9s, coquins et charmants \u2013 Noodles, Scout et Ioli. Avec une base de donn\u00e9es de mod\u00e8les&hellip;<\/p>\n","protected":false},"author":1,"featured_media":0,"parent":0,"menu_order":4,"comment_status":"closed","ping_status":"closed","template":"","meta":{"footnotes":""},"class_list":["post-63380","page","type-page","status-publish","hentry","description-off"],"yoast_head":"<!-- This site is optimized with the Yoast SEO plugin v26.2 - https:\/\/yoast.com\/wordpress\/plugins\/seo\/ -->\n<title>\u00c0 propos de moi - Commercial pet photography by Elke Vogelsang, Hildesheim<\/title>\n<meta name=\"description\" content=\"En tant que photographe commercial pour animaux de compagnie, je propose des services commerciaux et \u00e9ditoriaux. Ma phototh\u00e8que d&#039;animaux de compagnie contient plus de 2000 images facilement disponibles.\" \/>\n<meta name=\"robots\" content=\"index, follow, max-snippet:-1, max-image-preview:large, max-video-preview:-1\" \/>\n<link rel=\"canonical\" href=\"https:\/\/elkevogelsang.com\/fr\/a-propos-de-moi\/\" \/>\n<meta property=\"og:locale\" content=\"fr_FR\" \/>\n<meta property=\"og:type\" content=\"article\" \/>\n<meta property=\"og:title\" content=\"\u00c0 propos de moi - Commercial pet photography by Elke Vogelsang, Hildesheim\" \/>\n<meta property=\"og:description\" content=\"En tant que photographe commercial pour animaux de compagnie, je propose des services commerciaux et \u00e9ditoriaux. Ma phototh\u00e8que d&#039;animaux de compagnie contient plus de 2000 images facilement disponibles.\" \/>\n<meta property=\"og:url\" content=\"https:\/\/elkevogelsang.com\/fr\/a-propos-de-moi\/\" \/>\n<meta property=\"og:site_name\" content=\"Commercial pet photography by Elke Vogelsang, Hildesheim\" \/>\n<meta property=\"article:modified_time\" content=\"2025-07-04T13:06:19+00:00\" \/>\n<meta property=\"og:image\" content=\"https:\/\/elkevogelsang.com\/wp-content\/uploads\/2025\/07\/Commercial-dog-and-cat-photographer-with-image-licensing-archive.jpg\" \/>\n\t<meta property=\"og:image:width\" content=\"1600\" \/>\n\t<meta property=\"og:image:height\" content=\"1067\" \/>\n\t<meta property=\"og:image:type\" content=\"image\/jpeg\" \/>\n<meta name=\"twitter:card\" content=\"summary_large_image\" \/>\n<meta name=\"twitter:label1\" content=\"Dur\u00e9e de lecture estim\u00e9e\" \/>\n\t<meta name=\"twitter:data1\" content=\"4 minutes\" \/>\n<script type=\"application\/ld+json\" class=\"yoast-schema-graph\">{\"@context\":\"https:\/\/schema.org\",\"@graph\":[{\"@type\":\"WebPage\",\"@id\":\"https:\/\/elkevogelsang.com\/fr\/a-propos-de-moi\/\",\"url\":\"https:\/\/elkevogelsang.com\/fr\/a-propos-de-moi\/\",\"name\":\"\u00c0 propos de moi - Commercial pet photography by Elke Vogelsang, Hildesheim\",\"isPartOf\":{\"@id\":\"https:\/\/elkevogelsang.com\/fr\/#website\"},\"primaryImageOfPage\":{\"@id\":\"https:\/\/elkevogelsang.com\/fr\/a-propos-de-moi\/#primaryimage\"},\"image\":{\"@id\":\"https:\/\/elkevogelsang.com\/fr\/a-propos-de-moi\/#primaryimage\"},\"thumbnailUrl\":\"https:\/\/elkevogelsang.com\/wp-content\/uploads\/2025\/07\/Commercial-dog-and-cat-photographer-with-image-licensing-archive.jpg\",\"datePublished\":\"2021-05-19T13:08:16+00:00\",\"dateModified\":\"2025-07-04T13:06:19+00:00\",\"description\":\"En tant que photographe commercial pour animaux de compagnie, je propose des services commerciaux et \u00e9ditoriaux. Ma phototh\u00e8que d'animaux de compagnie contient plus de 2000 images facilement disponibles.\",\"breadcrumb\":{\"@id\":\"https:\/\/elkevogelsang.com\/fr\/a-propos-de-moi\/#breadcrumb\"},\"inLanguage\":\"fr-FR\",\"potentialAction\":[{\"@type\":\"ReadAction\",\"target\":[\"https:\/\/elkevogelsang.com\/fr\/a-propos-de-moi\/\"]}]},{\"@type\":\"ImageObject\",\"inLanguage\":\"fr-FR\",\"@id\":\"https:\/\/elkevogelsang.com\/fr\/a-propos-de-moi\/#primaryimage\",\"url\":\"https:\/\/elkevogelsang.com\/wp-content\/uploads\/2025\/07\/Commercial-dog-and-cat-photographer-with-image-licensing-archive.jpg\",\"contentUrl\":\"https:\/\/elkevogelsang.com\/wp-content\/uploads\/2025\/07\/Commercial-dog-and-cat-photographer-with-image-licensing-archive.jpg\"},{\"@type\":\"BreadcrumbList\",\"@id\":\"https:\/\/elkevogelsang.com\/fr\/a-propos-de-moi\/#breadcrumb\",\"itemListElement\":[{\"@type\":\"ListItem\",\"position\":1,\"name\":\"Startseite\",\"item\":\"https:\/\/elkevogelsang.com\/fr\/\"},{\"@type\":\"ListItem\",\"position\":2,\"name\":\"\u00c0 propos de moi\"}]},{\"@type\":\"WebSite\",\"@id\":\"https:\/\/elkevogelsang.com\/fr\/#website\",\"url\":\"https:\/\/elkevogelsang.com\/fr\/\",\"name\":\"Commercial pet photography by Elke Vogelsang, Hildesheim\",\"description\":\"Commercial and editorial dog photography\",\"potentialAction\":[{\"@type\":\"SearchAction\",\"target\":{\"@type\":\"EntryPoint\",\"urlTemplate\":\"https:\/\/elkevogelsang.com\/fr\/?s={search_term_string}\"},\"query-input\":{\"@type\":\"PropertyValueSpecification\",\"valueRequired\":true,\"valueName\":\"search_term_string\"}}],\"inLanguage\":\"fr-FR\"}]}<\/script>\n<!-- \/ Yoast SEO plugin. -->","yoast_head_json":{"title":"\u00c0 propos de moi - Commercial pet photography by Elke Vogelsang, Hildesheim","description":"En tant que photographe commercial pour animaux de compagnie, je propose des services commerciaux et \u00e9ditoriaux. Ma phototh\u00e8que d'animaux de compagnie contient plus de 2000 images facilement disponibles.","robots":{"index":"index","follow":"follow","max-snippet":"max-snippet:-1","max-image-preview":"max-image-preview:large","max-video-preview":"max-video-preview:-1"},"canonical":"https:\/\/elkevogelsang.com\/fr\/a-propos-de-moi\/","og_locale":"fr_FR","og_type":"article","og_title":"\u00c0 propos de moi - Commercial pet photography by Elke Vogelsang, Hildesheim","og_description":"En tant que photographe commercial pour animaux de compagnie, je propose des services commerciaux et \u00e9ditoriaux. Ma phototh\u00e8que d'animaux de compagnie contient plus de 2000 images facilement disponibles.","og_url":"https:\/\/elkevogelsang.com\/fr\/a-propos-de-moi\/","og_site_name":"Commercial pet photography by Elke Vogelsang, Hildesheim","article_modified_time":"2025-07-04T13:06:19+00:00","og_image":[{"width":1600,"height":1067,"url":"https:\/\/elkevogelsang.com\/wp-content\/uploads\/2025\/07\/Commercial-dog-and-cat-photographer-with-image-licensing-archive.jpg","type":"image\/jpeg"}],"twitter_card":"summary_large_image","twitter_misc":{"Dur\u00e9e de lecture estim\u00e9e":"4 minutes"},"schema":{"@context":"https:\/\/schema.org","@graph":[{"@type":"WebPage","@id":"https:\/\/elkevogelsang.com\/fr\/a-propos-de-moi\/","url":"https:\/\/elkevogelsang.com\/fr\/a-propos-de-moi\/","name":"\u00c0 propos de moi - Commercial pet photography by Elke Vogelsang, Hildesheim","isPartOf":{"@id":"https:\/\/elkevogelsang.com\/fr\/#website"},"primaryImageOfPage":{"@id":"https:\/\/elkevogelsang.com\/fr\/a-propos-de-moi\/#primaryimage"},"image":{"@id":"https:\/\/elkevogelsang.com\/fr\/a-propos-de-moi\/#primaryimage"},"thumbnailUrl":"https:\/\/elkevogelsang.com\/wp-content\/uploads\/2025\/07\/Commercial-dog-and-cat-photographer-with-image-licensing-archive.jpg","datePublished":"2021-05-19T13:08:16+00:00","dateModified":"2025-07-04T13:06:19+00:00","description":"En tant que photographe commercial pour animaux de compagnie, je propose des services commerciaux et \u00e9ditoriaux. Ma phototh\u00e8que d'animaux de compagnie contient plus de 2000 images facilement disponibles.","breadcrumb":{"@id":"https:\/\/elkevogelsang.com\/fr\/a-propos-de-moi\/#breadcrumb"},"inLanguage":"fr-FR","potentialAction":[{"@type":"ReadAction","target":["https:\/\/elkevogelsang.com\/fr\/a-propos-de-moi\/"]}]},{"@type":"ImageObject","inLanguage":"fr-FR","@id":"https:\/\/elkevogelsang.com\/fr\/a-propos-de-moi\/#primaryimage","url":"https:\/\/elkevogelsang.com\/wp-content\/uploads\/2025\/07\/Commercial-dog-and-cat-photographer-with-image-licensing-archive.jpg","contentUrl":"https:\/\/elkevogelsang.com\/wp-content\/uploads\/2025\/07\/Commercial-dog-and-cat-photographer-with-image-licensing-archive.jpg"},{"@type":"BreadcrumbList","@id":"https:\/\/elkevogelsang.com\/fr\/a-propos-de-moi\/#breadcrumb","itemListElement":[{"@type":"ListItem","position":1,"name":"Startseite","item":"https:\/\/elkevogelsang.com\/fr\/"},{"@type":"ListItem","position":2,"name":"\u00c0 propos de moi"}]},{"@type":"WebSite","@id":"https:\/\/elkevogelsang.com\/fr\/#website","url":"https:\/\/elkevogelsang.com\/fr\/","name":"Commercial pet photography by Elke Vogelsang, Hildesheim","description":"Commercial and editorial dog photography","potentialAction":[{"@type":"SearchAction","target":{"@type":"EntryPoint","urlTemplate":"https:\/\/elkevogelsang.com\/fr\/?s={search_term_string}"},"query-input":{"@type":"PropertyValueSpecification","valueRequired":true,"valueName":"search_term_string"}}],"inLanguage":"fr-FR"}]}},"_links":{"self":[{"href":"https:\/\/elkevogelsang.com\/fr\/wp-json\/wp\/v2\/pages\/63380","targetHints":{"allow":["GET"]}}],"collection":[{"href":"https:\/\/elkevogelsang.com\/fr\/wp-json\/wp\/v2\/pages"}],"about":[{"href":"https:\/\/elkevogelsang.com\/fr\/wp-json\/wp\/v2\/types\/page"}],"author":[{"embeddable":true,"href":"https:\/\/elkevogelsang.com\/fr\/wp-json\/wp\/v2\/users\/1"}],"replies":[{"embeddable":true,"href":"https:\/\/elkevogelsang.com\/fr\/wp-json\/wp\/v2\/comments?post=63380"}],"version-history":[{"count":8,"href":"https:\/\/elkevogelsang.com\/fr\/wp-json\/wp\/v2\/pages\/63380\/revisions"}],"predecessor-version":[{"id":75004,"href":"https:\/\/elkevogelsang.com\/fr\/wp-json\/wp\/v2\/pages\/63380\/revisions\/75004"}],"wp:attachment":[{"href":"https:\/\/elkevogelsang.com\/fr\/wp-json\/wp\/v2\/media?parent=63380"}],"curies":[{"name":"wp","href":"https:\/\/api.w.org\/{rel}","templated":true}]}}