{"id":66835,"date":"2022-05-15T18:38:32","date_gmt":"2022-05-15T16:38:32","guid":{"rendered":"https:\/\/elkevogelsang.com\/protection-des-animaux\/"},"modified":"2023-09-30T14:56:48","modified_gmt":"2023-09-30T12:56:48","slug":"protection-des-animaux","status":"publish","type":"page","link":"https:\/\/elkevogelsang.com\/fr\/protection-des-animaux\/","title":{"rendered":"Protection des animaux"},"content":{"rendered":"<p><a class=\"dt-pswp-item\" href=\"https:\/\/elkevogelsang.com\/wp-content\/uploads\/2023\/09\/Three-Spanish-mutts.jpg\" data-dt-img-description=\"\" data-large_image_width=\"2000\" data-large_image_height=\"1125\"><img loading=\"lazy\" decoding=\"async\" class=\"aligncenter size-full wp-image-73577\" src=\"https:\/\/elkevogelsang.com\/wp-content\/uploads\/2023\/09\/Three-Spanish-mutts.jpg\" alt=\"\" width=\"2000\" height=\"1125\" srcset=\"https:\/\/elkevogelsang.com\/wp-content\/uploads\/2023\/09\/Three-Spanish-mutts.jpg 2000w, https:\/\/elkevogelsang.com\/wp-content\/uploads\/2023\/09\/Three-Spanish-mutts-800x450.jpg 800w, https:\/\/elkevogelsang.com\/wp-content\/uploads\/2023\/09\/Three-Spanish-mutts-1170x658.jpg 1170w, https:\/\/elkevogelsang.com\/wp-content\/uploads\/2023\/09\/Three-Spanish-mutts-768x432.jpg 768w, https:\/\/elkevogelsang.com\/wp-content\/uploads\/2023\/09\/Three-Spanish-mutts-1536x864.jpg 1536w\" sizes=\"auto, (max-width: 2000px) 100vw, 2000px\" \/><\/a><a class=\"dt-pswp-item\" href=\"https:\/\/elkevogelsang.com\/wp-content\/uploads\/2021\/05\/The-Spanish-heros.jpg\" data-dt-img-description=\"\" data-large_image_width=\"2000\" data-large_image_height=\"1125\"><br \/>\n<\/a><br \/>\nDans mes galeries, on retrouve souvent mes fid\u00e8les chiens d&rsquo;accompagnement pour la photographie et les membres de ma famille, Noodles, Scout et Ioli. Ils sont ma source d&rsquo;inspiration et de joie. Tous trois sont venus \u00e0 moi en provenance de la protection des animaux. On ne peut pas r\u00eaver de meilleurs compagnons animaux. Je suis tr\u00e8s reconnaissante de les avoir.<\/p>\n<p>Pour leur rendre un peu la pareille, je mets gratuitement mes services photographiques \u00e0 la disposition d&rsquo;organisations de protection des animaux s\u00e9lectionn\u00e9es pour des photos de placement.<\/p>\n<p>Voici quelques exemples de photos de m\u00e9diation. C&rsquo;est une situation gagnant-gagnant : j&rsquo;ai de merveilleux mod\u00e8les et je peux utiliser ma photographie pour quelque chose de bien. Et l&rsquo;organisation peut mieux pr\u00e9senter ses prot\u00e9g\u00e9s.<\/p>\n<p><a class=\"dt-pswp-item\" href=\"https:\/\/elkevogelsang.com\/wp-content\/uploads\/2023\/09\/Vermittlungsfotos.jpg\" data-dt-img-description=\"\" data-large_image_width=\"2400\" data-large_image_height=\"1998\"><img loading=\"lazy\" decoding=\"async\" class=\"aligncenter size-full wp-image-73572\" src=\"https:\/\/elkevogelsang.com\/wp-content\/uploads\/2023\/09\/Vermittlungsfotos.jpg\" alt=\"\" width=\"2400\" height=\"1998\" srcset=\"https:\/\/elkevogelsang.com\/wp-content\/uploads\/2023\/09\/Vermittlungsfotos.jpg 2400w, https:\/\/elkevogelsang.com\/wp-content\/uploads\/2023\/09\/Vermittlungsfotos-800x666.jpg 800w, https:\/\/elkevogelsang.com\/wp-content\/uploads\/2023\/09\/Vermittlungsfotos-1170x974.jpg 1170w, https:\/\/elkevogelsang.com\/wp-content\/uploads\/2023\/09\/Vermittlungsfotos-768x639.jpg 768w, https:\/\/elkevogelsang.com\/wp-content\/uploads\/2023\/09\/Vermittlungsfotos-1536x1279.jpg 1536w, https:\/\/elkevogelsang.com\/wp-content\/uploads\/2023\/09\/Vermittlungsfotos-2048x1705.jpg 2048w\" sizes=\"auto, (max-width: 2400px) 100vw, 2400px\" \/><\/a>Si vous \u00eates \u00e0 la recherche d&rsquo;un nouveau membre de votre famille, vous devriez absolument regarder ce que la protection des animaux peut vous offrir. Peut-\u00eatre y trouvera-t-on le tr\u00e9sor tant recherch\u00e9. En tout cas, j&rsquo;ai trouv\u00e9 ce que je cherchais.<\/p>\n<p>&nbsp;<\/p>\n","protected":false},"excerpt":{"rendered":"<p>Dans mes galeries, on retrouve souvent mes fid\u00e8les chiens d&rsquo;accompagnement pour la photographie et les membres de ma famille, Noodles, Scout et Ioli. Ils sont ma source d&rsquo;inspiration et de joie. Tous trois sont venus \u00e0 moi en provenance de la protection des animaux. On ne peut pas r\u00eaver de meilleurs compagnons animaux. Je suis&hellip;<\/p>\n","protected":false},"author":1,"featured_media":0,"parent":0,"menu_order":35,"comment_status":"closed","ping_status":"closed","template":"","meta":{"footnotes":""},"class_list":["post-66835","page","type-page","status-publish","hentry","description-off"],"yoast_head":"<!-- This site is optimized with the Yoast SEO plugin v26.2 - https:\/\/yoast.com\/wordpress\/plugins\/seo\/ -->\n<title>Protection des animaux - Commercial pet photography by Elke Vogelsang, Hildesheim<\/title>\n<meta name=\"robots\" content=\"index, follow, max-snippet:-1, max-image-preview:large, max-video-preview:-1\" \/>\n<link rel=\"canonical\" href=\"https:\/\/elkevogelsang.com\/fr\/protection-des-animaux\/\" \/>\n<meta property=\"og:locale\" content=\"fr_FR\" \/>\n<meta property=\"og:type\" content=\"article\" \/>\n<meta property=\"og:title\" content=\"Protection des animaux - Commercial pet photography by Elke Vogelsang, Hildesheim\" \/>\n<meta property=\"og:description\" content=\"Dans mes galeries, on retrouve souvent mes fid\u00e8les chiens d&rsquo;accompagnement pour la photographie et les membres de ma famille, Noodles, Scout et Ioli. Ils sont ma source d&rsquo;inspiration et de joie. Tous trois sont venus \u00e0 moi en provenance de la protection des animaux. On ne peut pas r\u00eaver de meilleurs compagnons animaux. Je suis&hellip;\" \/>\n<meta property=\"og:url\" content=\"https:\/\/elkevogelsang.com\/fr\/protection-des-animaux\/\" \/>\n<meta property=\"og:site_name\" content=\"Commercial pet photography by Elke Vogelsang, Hildesheim\" \/>\n<meta property=\"article:modified_time\" content=\"2023-09-30T12:56:48+00:00\" \/>\n<meta property=\"og:image\" content=\"https:\/\/elkevogelsang.com\/wp-content\/uploads\/2023\/09\/Three-Spanish-mutts.jpg\" \/>\n<meta name=\"twitter:card\" content=\"summary_large_image\" \/>\n<meta name=\"twitter:label1\" content=\"Dur\u00e9e de lecture estim\u00e9e\" \/>\n\t<meta name=\"twitter:data1\" content=\"1 minute\" \/>\n<script type=\"application\/ld+json\" class=\"yoast-schema-graph\">{\"@context\":\"https:\/\/schema.org\",\"@graph\":[{\"@type\":\"WebPage\",\"@id\":\"https:\/\/elkevogelsang.com\/fr\/protection-des-animaux\/\",\"url\":\"https:\/\/elkevogelsang.com\/fr\/protection-des-animaux\/\",\"name\":\"Protection des animaux - Commercial pet photography by Elke Vogelsang, Hildesheim\",\"isPartOf\":{\"@id\":\"https:\/\/elkevogelsang.com\/fr\/#website\"},\"primaryImageOfPage\":{\"@id\":\"https:\/\/elkevogelsang.com\/fr\/protection-des-animaux\/#primaryimage\"},\"image\":{\"@id\":\"https:\/\/elkevogelsang.com\/fr\/protection-des-animaux\/#primaryimage\"},\"thumbnailUrl\":\"https:\/\/elkevogelsang.com\/wp-content\/uploads\/2023\/09\/Three-Spanish-mutts.jpg\",\"datePublished\":\"2022-05-15T16:38:32+00:00\",\"dateModified\":\"2023-09-30T12:56:48+00:00\",\"breadcrumb\":{\"@id\":\"https:\/\/elkevogelsang.com\/fr\/protection-des-animaux\/#breadcrumb\"},\"inLanguage\":\"fr-FR\",\"potentialAction\":[{\"@type\":\"ReadAction\",\"target\":[\"https:\/\/elkevogelsang.com\/fr\/protection-des-animaux\/\"]}]},{\"@type\":\"ImageObject\",\"inLanguage\":\"fr-FR\",\"@id\":\"https:\/\/elkevogelsang.com\/fr\/protection-des-animaux\/#primaryimage\",\"url\":\"https:\/\/elkevogelsang.com\/wp-content\/uploads\/2023\/09\/Three-Spanish-mutts.jpg\",\"contentUrl\":\"https:\/\/elkevogelsang.com\/wp-content\/uploads\/2023\/09\/Three-Spanish-mutts.jpg\"},{\"@type\":\"BreadcrumbList\",\"@id\":\"https:\/\/elkevogelsang.com\/fr\/protection-des-animaux\/#breadcrumb\",\"itemListElement\":[{\"@type\":\"ListItem\",\"position\":1,\"name\":\"Startseite\",\"item\":\"https:\/\/elkevogelsang.com\/fr\/\"},{\"@type\":\"ListItem\",\"position\":2,\"name\":\"Protection des animaux\"}]},{\"@type\":\"WebSite\",\"@id\":\"https:\/\/elkevogelsang.com\/fr\/#website\",\"url\":\"https:\/\/elkevogelsang.com\/fr\/\",\"name\":\"Commercial pet photography by Elke Vogelsang, Hildesheim\",\"description\":\"Commercial and editorial dog photography\",\"potentialAction\":[{\"@type\":\"SearchAction\",\"target\":{\"@type\":\"EntryPoint\",\"urlTemplate\":\"https:\/\/elkevogelsang.com\/fr\/?s={search_term_string}\"},\"query-input\":{\"@type\":\"PropertyValueSpecification\",\"valueRequired\":true,\"valueName\":\"search_term_string\"}}],\"inLanguage\":\"fr-FR\"}]}<\/script>\n<!-- \/ Yoast SEO plugin. -->","yoast_head_json":{"title":"Protection des animaux - Commercial pet photography by Elke Vogelsang, Hildesheim","robots":{"index":"index","follow":"follow","max-snippet":"max-snippet:-1","max-image-preview":"max-image-preview:large","max-video-preview":"max-video-preview:-1"},"canonical":"https:\/\/elkevogelsang.com\/fr\/protection-des-animaux\/","og_locale":"fr_FR","og_type":"article","og_title":"Protection des animaux - Commercial pet photography by Elke Vogelsang, Hildesheim","og_description":"Dans mes galeries, on retrouve souvent mes fid\u00e8les chiens d&rsquo;accompagnement pour la photographie et les membres de ma famille, Noodles, Scout et Ioli. Ils sont ma source d&rsquo;inspiration et de joie. Tous trois sont venus \u00e0 moi en provenance de la protection des animaux. On ne peut pas r\u00eaver de meilleurs compagnons animaux. Je suis&hellip;","og_url":"https:\/\/elkevogelsang.com\/fr\/protection-des-animaux\/","og_site_name":"Commercial pet photography by Elke Vogelsang, Hildesheim","article_modified_time":"2023-09-30T12:56:48+00:00","og_image":[{"url":"https:\/\/elkevogelsang.com\/wp-content\/uploads\/2023\/09\/Three-Spanish-mutts.jpg","type":"","width":"","height":""}],"twitter_card":"summary_large_image","twitter_misc":{"Dur\u00e9e de lecture estim\u00e9e":"1 minute"},"schema":{"@context":"https:\/\/schema.org","@graph":[{"@type":"WebPage","@id":"https:\/\/elkevogelsang.com\/fr\/protection-des-animaux\/","url":"https:\/\/elkevogelsang.com\/fr\/protection-des-animaux\/","name":"Protection des animaux - Commercial pet photography by Elke Vogelsang, Hildesheim","isPartOf":{"@id":"https:\/\/elkevogelsang.com\/fr\/#website"},"primaryImageOfPage":{"@id":"https:\/\/elkevogelsang.com\/fr\/protection-des-animaux\/#primaryimage"},"image":{"@id":"https:\/\/elkevogelsang.com\/fr\/protection-des-animaux\/#primaryimage"},"thumbnailUrl":"https:\/\/elkevogelsang.com\/wp-content\/uploads\/2023\/09\/Three-Spanish-mutts.jpg","datePublished":"2022-05-15T16:38:32+00:00","dateModified":"2023-09-30T12:56:48+00:00","breadcrumb":{"@id":"https:\/\/elkevogelsang.com\/fr\/protection-des-animaux\/#breadcrumb"},"inLanguage":"fr-FR","potentialAction":[{"@type":"ReadAction","target":["https:\/\/elkevogelsang.com\/fr\/protection-des-animaux\/"]}]},{"@type":"ImageObject","inLanguage":"fr-FR","@id":"https:\/\/elkevogelsang.com\/fr\/protection-des-animaux\/#primaryimage","url":"https:\/\/elkevogelsang.com\/wp-content\/uploads\/2023\/09\/Three-Spanish-mutts.jpg","contentUrl":"https:\/\/elkevogelsang.com\/wp-content\/uploads\/2023\/09\/Three-Spanish-mutts.jpg"},{"@type":"BreadcrumbList","@id":"https:\/\/elkevogelsang.com\/fr\/protection-des-animaux\/#breadcrumb","itemListElement":[{"@type":"ListItem","position":1,"name":"Startseite","item":"https:\/\/elkevogelsang.com\/fr\/"},{"@type":"ListItem","position":2,"name":"Protection des animaux"}]},{"@type":"WebSite","@id":"https:\/\/elkevogelsang.com\/fr\/#website","url":"https:\/\/elkevogelsang.com\/fr\/","name":"Commercial pet photography by Elke Vogelsang, Hildesheim","description":"Commercial and editorial dog photography","potentialAction":[{"@type":"SearchAction","target":{"@type":"EntryPoint","urlTemplate":"https:\/\/elkevogelsang.com\/fr\/?s={search_term_string}"},"query-input":{"@type":"PropertyValueSpecification","valueRequired":true,"valueName":"search_term_string"}}],"inLanguage":"fr-FR"}]}},"_links":{"self":[{"href":"https:\/\/elkevogelsang.com\/fr\/wp-json\/wp\/v2\/pages\/66835","targetHints":{"allow":["GET"]}}],"collection":[{"href":"https:\/\/elkevogelsang.com\/fr\/wp-json\/wp\/v2\/pages"}],"about":[{"href":"https:\/\/elkevogelsang.com\/fr\/wp-json\/wp\/v2\/types\/page"}],"author":[{"embeddable":true,"href":"https:\/\/elkevogelsang.com\/fr\/wp-json\/wp\/v2\/users\/1"}],"replies":[{"embeddable":true,"href":"https:\/\/elkevogelsang.com\/fr\/wp-json\/wp\/v2\/comments?post=66835"}],"version-history":[{"count":3,"href":"https:\/\/elkevogelsang.com\/fr\/wp-json\/wp\/v2\/pages\/66835\/revisions"}],"predecessor-version":[{"id":73585,"href":"https:\/\/elkevogelsang.com\/fr\/wp-json\/wp\/v2\/pages\/66835\/revisions\/73585"}],"wp:attachment":[{"href":"https:\/\/elkevogelsang.com\/fr\/wp-json\/wp\/v2\/media?parent=66835"}],"curies":[{"name":"wp","href":"https:\/\/api.w.org\/{rel}","templated":true}]}}